{"id":1237,"date":"2023-10-18T14:50:38","date_gmt":"2023-10-18T14:50:38","guid":{"rendered":"https:\/\/nieuw.biosfeer-groede.com\/producten\/"},"modified":"2024-06-12T12:12:35","modified_gmt":"2024-06-12T12:12:35","slug":"produits","status":"publish","type":"page","link":"https:\/\/biosfeer-groede.com\/fr\/produits\/","title":{"rendered":"Produits"},"content":{"rendered":"<h1>Produits<\/h1>\n<h2>\nNous proposons la plus large gamme en Europe ; biologique et certifi\u00e9e<\/h2>\n<ul>\n<li>\n<p><a href=\"\/fr\/produits\/humain\/\">Humain<\/a><\/p>\n<\/li>\n<li>\n<p><a href=\"\/fr\/produits\/veterinaire\/\">V\u00e9t\u00e9rinaire<\/a><\/p>\n<\/li>\n<li>\n<p><a href=\"\/fr\/produits\/ingredients-cosmetiques\/\">Ingr\u00e9dients cosm\u00e9tiques<\/a><\/p>\n<\/li>\n<li>\n<p><a href=\"\/fr\/produits\/lindustrie-des-boissons\/\">L\u2019industrie des boissons<\/a><\/p>\n<\/li>\n<li>\n<p><a href=\"\/fr\/produits\/industrie-alimentaire\/\">Industrie alimentaire<\/a><\/p>\n<\/li>\n<\/ul>\n<div>\n<p>Nous avons r\u00e9ussi \u00e0 fabriquer des teintures m\u00e8res efficaces et standardis\u00e9es en utilisant des plantes cultiv\u00e9es de mani\u00e8re uniforme selon les Bonnes Pratiques Agricoles et de Collecte (GACP), \u00e0 la fois \u00e0 partir de parties de plantes fra\u00eeches et s\u00e9ch\u00e9es, et en utilisant des m\u00e9thodes pharmaceutiques \u00e9prouv\u00e9es. Dans de nombreux cas, nous nous appuyons sur le Homeopathisches Arzneibuch (HAB), <br \/>qui fait partie de la pharmacop\u00e9e allemande. Nos teintures m\u00e8res ont une excellente durabilit\u00e9 de deux \u00e0 cinq ans, gr\u00e2ce \u00e0 leur teneur \u00e9lev\u00e9e en alcool, variant de 32% \u00e0 90%. L&rsquo;\u00e9thanol utilis\u00e9 par Biosph\u00e8re Groede provient de seigle cultiv\u00e9 biologiquement et est \u00e0 la fois certifi\u00e9 biologique et de qualit\u00e9 pharmaceutique, avec une concentration de 96,4% v\/v.<\/p>\n<\/div>\n<ul>\n<li>\n<p>        <img decoding=\"async\" src=\"\/wp-content\/uploads\/2024\/05\/EVM-20230713-0005-L1001863-kopie%E2%95%A0eren-scaled.jpg\" alt=\"\"><\/p>\n<h2>Humain<\/h2>\n<p><a href=\"\/fr\/produits\/humain\/\"><\/a><\/p>\n<\/li>\n<li>\n<p>        <img decoding=\"async\" src=\"\/wp-content\/uploads\/2024\/05\/EVM-20230713-0009-L1140162-kopie%E2%95%A0eren-scaled.jpg\" alt=\"\"><\/p>\n<h2>V\u00e9t\u00e9rinaire<\/h2>\n<p><a href=\"\/fr\/produits\/veterinaire\/\"><\/a><\/p>\n<\/li>\n<li>\n<p>        <img decoding=\"async\" src=\"\/wp-content\/uploads\/2024\/05\/EVM-20230713-0039-L1001918-kopie%E2%95%A0eren-scaled.jpg\" alt=\"\"><\/p>\n<h2>Cosm\u00e9tique<\/h2>\n<p><a href=\"\/fr\/produits\/ingredients-cosmetiques\/\"><\/a><\/p>\n<\/li>\n<li>\n<p>        <img decoding=\"async\" src=\"\/wp-content\/uploads\/2023\/11\/banner-lab-scaled.webp\" alt=\"\"><\/p>\n<h2>Boissons<\/h2>\n<p><a href=\"\/fr\/produits\/lindustrie-des-boissons\/\"><\/a><\/p>\n<\/li>\n<li>\n<p>        <img decoding=\"async\" src=\"\/wp-content\/uploads\/2024\/05\/EVM-20230713-0202-L1140611-kopie%E2%95%A0eren-scaled.jpg\" alt=\"\"><\/p>\n<h2>Alimentation<\/h2>\n<p><a href=\"\/fr\/produits\/industrie-alimentaire\/\"><\/a><\/p>\n<\/li>\n<\/ul>\n<p><img decoding=\"async\" src=\"\/wp-content\/uploads\/2024\/05\/EVM-20230713-0178-L1140534-kopie%E2%95%A0eren-scaled.jpg\" alt=\"\"><\/p>\n<p><!--more--><br \/>\n<!-- {\"type\":\"layout\",\"children\":[{\"name\":\"Tincturen\",\"type\":\"section\",\"props\":{\"animation\":\"slide-left-medium\",\"animation_delay\":false,\"css\":\".el-section{\\n    background: rgb(236,236,236);\\nbackground: -moz-linear-gradient(180deg, rgba(236,236,236,1) 0%, rgba(255,255,255,1) 58%);\\nbackground: -webkit-linear-gradient(180deg, rgba(236,236,236,1) 0%, rgba(255,255,255,1) 58%);\\nbackground: linear-gradient(180deg, rgba(236,236,236,1) 0%, rgba(255,255,255,1) 58%);\\nfilter: progid:DXImageTransform.Microsoft.gradient(startColorstr=\\\"#ececec\\\",endColorstr=\\\"#ffffff\\\",GradientType=1);\\n}\",\"image_position\":\"center-center\",\"padding_remove_bottom\":false,\"padding_remove_top\":false,\"style\":\"default\",\"title_breakpoint\":\"xl\",\"title_position\":\"top-left\",\"title_rotation\":\"left\",\"vertical_align\":\"middle\",\"width\":\"large\"},\"children\":[{\"type\":\"row\",\"props\":{\"column_gap\":\"large\",\"divider\":false,\"layout\":\"2-3,1-3\",\"margin\":\"large\",\"margin_remove_bottom\":false,\"row_gap\":\"large\",\"vertical_align\":true},\"children\":[{\"type\":\"column\",\"props\":{\"image_position\":\"center-center\",\"position_sticky_breakpoint\":\"m\",\"width_medium\":\"2-3\"},\"children\":[{\"type\":\"headline\",\"props\":{\"content\":\"Produits\",\"margin_remove_bottom\":true,\"title_color\":\"primary\",\"title_element\":\"h1\"}},{\"type\":\"headline\",\"props\":{\"content\":\"\\nNous proposons la plus large gamme en Europe ; biologique et certifi\\u00e9e\",\"margin\":\"medium\",\"margin_remove_top\":true,\"maxwidth\":\"xlarge\",\"text_align_breakpoint\":\"m\",\"text_align_fallback\":\"center\",\"title_element\":\"h2\"}},{\"type\":\"list\",\"props\":{\"column_breakpoint\":\"m\",\"content_style\":\"h5\",\"icon\":\"arrow-right\",\"icon_width\":\"20\",\"image_align\":\"left\",\"image_border\":\"circle\",\"image_height\":\"170\",\"image_svg_color\":\"emphasis\",\"image_vertical_align\":true,\"image_width\":\"170\",\"list_element\":\"ul\",\"list_horizontal_separator\":\", \",\"list_type\":\"vertical\",\"margin\":\"medium\",\"show_image\":true,\"show_link\":true,\"visibility\":\"hidden-s\"},\"children\":[{\"type\":\"list_item\",\"props\":{\"content\":\"Humain\",\"image\":\"\",\"link\":\"\\\/fr\\\/produits\\\/humain\\\/\"}},{\"type\":\"list_item\",\"props\":{\"content\":\"V\\u00e9t\\u00e9rinaire\",\"image\":\"\",\"image_focal_point\":\"center-right\",\"link\":\"\\\/fr\\\/produits\\\/veterinaire\\\/\"}},{\"type\":\"list_item\",\"props\":{\"content\":\"Ingr\\u00e9dients cosm\\u00e9tiques\",\"image\":\"\",\"link\":\"\\\/fr\\\/produits\\\/ingredients-cosmetiques\\\/\"}},{\"type\":\"list_item\",\"props\":{\"content\":\"L\\u2019industrie des boissons\",\"image\":\"\",\"link\":\"\\\/fr\\\/produits\\\/lindustrie-des-boissons\\\/\"}},{\"type\":\"list_item\",\"props\":{\"content\":\"Industrie alimentaire\",\"image\":\"\",\"link\":\"\\\/fr\\\/produits\\\/industrie-alimentaire\\\/\"}}]},{\"type\":\"text\",\"props\":{\"column\":\"1-2\",\"column_breakpoint\":\"l\",\"content\":\"\n\n<p>Nous avons r\\u00e9ussi \\u00e0 fabriquer des teintures m\\u00e8res efficaces et standardis\\u00e9es en utilisant des plantes cultiv\\u00e9es de mani\\u00e8re uniforme selon les Bonnes Pratiques Agricoles et de Collecte (GACP), \\u00e0 la fois \\u00e0 partir de parties de plantes fra\\u00eeches et s\\u00e9ch\\u00e9es, et en utilisant des m\\u00e9thodes pharmaceutiques \\u00e9prouv\\u00e9es. Dans de nombreux cas, nous nous appuyons sur le Homeopathisches Arzneibuch (HAB), <br\\\/>qui fait partie de la pharmacop\\u00e9e allemande. Nos teintures m\\u00e8res ont une excellente durabilit\\u00e9 de deux \\u00e0 cinq ans, gr\\u00e2ce \\u00e0 leur teneur \\u00e9lev\\u00e9e en alcool, variant de 32% \\u00e0 90%. L'\\u00e9thanol utilis\\u00e9 par Biosph\\u00e8re Groede provient de seigle cultiv\\u00e9 biologiquement et est \\u00e0 la fois certifi\\u00e9 biologique et de qualit\\u00e9 pharmaceutique, avec une concentration de 96,4% v\\\/v.<\\\/p>\",\"margin\":\"default\"}},{\"type\":\"grid\",\"props\":{\"container_padding_remove\":false,\"content_column_breakpoint\":\"m\",\"filter_align\":\"left\",\"filter_all\":true,\"filter_grid_breakpoint\":\"m\",\"filter_grid_width\":\"auto\",\"filter_position\":\"top\",\"filter_style\":\"tab\",\"grid_column_align\":true,\"grid_default\":\"2\",\"grid_medium\":\"\",\"grid_small\":\"5\",\"icon_width\":80,\"image_align\":\"top\",\"image_border\":\"circle\",\"image_grid_breakpoint\":\"m\",\"image_grid_width\":\"1-2\",\"image_height\":\"170\",\"image_link\":true,\"image_margin\":\"remove\",\"image_svg_color\":\"emphasis\",\"image_transition\":\"scale-up\",\"image_width\":\"170\",\"item_animation\":true,\"link_style\":\"default\",\"link_text\":\"\",\"margin\":\"medium\",\"meta_align\":\"below-title\",\"meta_color\":\"muted\",\"meta_element\":\"div\",\"meta_margin\":\"remove\",\"meta_style\":\"\",\"parallax_easing\":\"1\",\"show_content\":true,\"show_image\":true,\"show_link\":true,\"show_meta\":true,\"show_title\":true,\"text_align\":\"center\",\"title_align\":\"top\",\"title_color\":\"secondary\",\"title_element\":\"h2\",\"title_grid_breakpoint\":\"m\",\"title_grid_width\":\"1-2\",\"title_hover_style\":\"reset\",\"title_link\":true,\"title_margin\":\"small\",\"title_style\":\"h5\",\"visibility\":\"s\"},\"children\":[{\"type\":\"grid_item\",\"props\":{\"image\":\"wp-content\\\/uploads\\\/2024\\\/05\\\/EVM-20230713-0005-L1001863-kopie\\u2560eren-scaled.jpg\",\"link\":\"\\\/fr\\\/produits\\\/humain\\\/\",\"meta\":\"\",\"title\":\"Humain\"}},{\"type\":\"grid_item\",\"props\":{\"image\":\"wp-content\\\/uploads\\\/2024\\\/05\\\/EVM-20230713-0009-L1140162-kopie\\u2560eren-scaled.jpg\",\"image_focal_point\":\"center-right\",\"link\":\"\\\/fr\\\/produits\\\/veterinaire\\\/\",\"meta\":\"\",\"title\":\"V\\u00e9t\\u00e9rinaire\"}},{\"type\":\"grid_item\",\"props\":{\"image\":\"wp-content\\\/uploads\\\/2024\\\/05\\\/EVM-20230713-0039-L1001918-kopie\\u2560eren-scaled.jpg\",\"link\":\"\\\/fr\\\/produits\\\/ingredients-cosmetiques\\\/\",\"meta\":\"\",\"title\":\"Cosm\\u00e9tique\"}},{\"type\":\"grid_item\",\"props\":{\"image\":\"wp-content\\\/uploads\\\/2023\\\/11\\\/banner-lab-scaled.webp\",\"link\":\"\\\/fr\\\/produits\\\/lindustrie-des-boissons\\\/\",\"title\":\"Boissons\"}},{\"type\":\"grid_item\",\"props\":{\"image\":\"wp-content\\\/uploads\\\/2024\\\/05\\\/EVM-20230713-0202-L1140611-kopie\\u2560eren-scaled.jpg\",\"link\":\"\\\/fr\\\/produits\\\/industrie-alimentaire\\\/\",\"title\":\"Alimentation\"}}]}]},{\"type\":\"column\",\"props\":{\"image_position\":\"center-center\",\"position_sticky_breakpoint\":\"m\",\"vertical_align\":\"bottom\",\"width_medium\":\"1-3\"},\"children\":[{\"type\":\"image\",\"props\":{\"image\":\"wp-content\\\/uploads\\\/2024\\\/05\\\/EVM-20230713-0178-L1140534-kopie\\u2560eren-scaled.jpg\",\"image_height\":\"1700\",\"image_svg_color\":\"emphasis\",\"image_width\":\"1200\",\"margin\":\"default\"}}]}]}]}],\"version\":\"4.2.1\"} --><\/p>\n","protected":false},"excerpt":{"rendered":"<p>Produits Nous proposons la plus large gamme en Europe ; biologique et certifi\u00e9e Humain V\u00e9t\u00e9rinaire Ingr\u00e9dients cosm\u00e9tiques L\u2019industrie des boissons Industrie alimentaire Nous avons r\u00e9ussi \u00e0 fabriquer des teintures m\u00e8res efficaces et standardis\u00e9es en utilisant des plantes cultiv\u00e9es de mani\u00e8re uniforme selon les Bonnes Pratiques Agricoles et de Collecte (GACP), \u00e0 la fois \u00e0 partir [&hellip;]<\/p>\n","protected":false},"author":1,"featured_media":0,"parent":0,"menu_order":0,"comment_status":"closed","ping_status":"closed","template":"","meta":{"footnotes":""},"class_list":["post-1237","page","type-page","status-publish","hentry"],"yoast_head":"<!-- This site is optimized with the Yoast SEO plugin v27.5 - https:\/\/yoast.com\/product\/yoast-seo-wordpress\/ -->\n<title>Produits - Biosfeer Groede<\/title>\n<meta name=\"robots\" content=\"index, follow, max-snippet:-1, max-image-preview:large, max-video-preview:-1\" \/>\n<link rel=\"canonical\" href=\"https:\/\/biosfeer-groede.com\/fr\/produits\/\" \/>\n<meta property=\"og:locale\" content=\"fr_FR\" \/>\n<meta property=\"og:type\" content=\"article\" \/>\n<meta property=\"og:title\" content=\"Produits - Biosfeer Groede\" \/>\n<meta property=\"og:description\" content=\"Produits Nous proposons la plus large gamme en Europe ; biologique et certifi\u00e9e Humain V\u00e9t\u00e9rinaire Ingr\u00e9dients cosm\u00e9tiques L\u2019industrie des boissons Industrie alimentaire Nous avons r\u00e9ussi \u00e0 fabriquer des teintures m\u00e8res efficaces et standardis\u00e9es en utilisant des plantes cultiv\u00e9es de mani\u00e8re uniforme selon les Bonnes Pratiques Agricoles et de Collecte (GACP), \u00e0 la fois \u00e0 partir [&hellip;]\" \/>\n<meta property=\"og:url\" content=\"https:\/\/biosfeer-groede.com\/fr\/produits\/\" \/>\n<meta property=\"og:site_name\" content=\"Biosfeer Groede\" \/>\n<meta property=\"article:modified_time\" content=\"2024-06-12T12:12:35+00:00\" \/>\n<meta name=\"twitter:card\" content=\"summary_large_image\" \/>\n<meta name=\"twitter:label1\" content=\"Dur\u00e9e de lecture estim\u00e9e\" \/>\n\t<meta name=\"twitter:data1\" content=\"1 minute\" \/>\n<script type=\"application\/ld+json\" class=\"yoast-schema-graph\">{\"@context\":\"https:\\\/\\\/schema.org\",\"@graph\":[{\"@type\":\"WebPage\",\"@id\":\"https:\\\/\\\/biosfeer-groede.com\\\/fr\\\/produits\\\/\",\"url\":\"https:\\\/\\\/biosfeer-groede.com\\\/fr\\\/produits\\\/\",\"name\":\"Produits - Biosfeer Groede\",\"isPartOf\":{\"@id\":\"https:\\\/\\\/biosfeer-groede.com\\\/#website\"},\"datePublished\":\"2023-10-18T14:50:38+00:00\",\"dateModified\":\"2024-06-12T12:12:35+00:00\",\"breadcrumb\":{\"@id\":\"https:\\\/\\\/biosfeer-groede.com\\\/fr\\\/produits\\\/#breadcrumb\"},\"inLanguage\":\"fr-FR\",\"potentialAction\":[{\"@type\":\"ReadAction\",\"target\":[\"https:\\\/\\\/biosfeer-groede.com\\\/fr\\\/produits\\\/\"]}]},{\"@type\":\"BreadcrumbList\",\"@id\":\"https:\\\/\\\/biosfeer-groede.com\\\/fr\\\/produits\\\/#breadcrumb\",\"itemListElement\":[{\"@type\":\"ListItem\",\"position\":1,\"name\":\"Home\",\"item\":\"https:\\\/\\\/biosfeer-groede.com\\\/fr\\\/\"},{\"@type\":\"ListItem\",\"position\":2,\"name\":\"Produits\"}]},{\"@type\":\"WebSite\",\"@id\":\"https:\\\/\\\/biosfeer-groede.com\\\/#website\",\"url\":\"https:\\\/\\\/biosfeer-groede.com\\\/\",\"name\":\"Biosfeer Groede\",\"description\":\"\",\"publisher\":{\"@id\":\"https:\\\/\\\/biosfeer-groede.com\\\/#organization\"},\"potentialAction\":[{\"@type\":\"SearchAction\",\"target\":{\"@type\":\"EntryPoint\",\"urlTemplate\":\"https:\\\/\\\/biosfeer-groede.com\\\/?s={search_term_string}\"},\"query-input\":{\"@type\":\"PropertyValueSpecification\",\"valueRequired\":true,\"valueName\":\"search_term_string\"}}],\"inLanguage\":\"fr-FR\"},{\"@type\":\"Organization\",\"@id\":\"https:\\\/\\\/biosfeer-groede.com\\\/#organization\",\"name\":\"Biosfeer Groede\",\"url\":\"https:\\\/\\\/biosfeer-groede.com\\\/\",\"logo\":{\"@type\":\"ImageObject\",\"inLanguage\":\"fr-FR\",\"@id\":\"https:\\\/\\\/biosfeer-groede.com\\\/#\\\/schema\\\/logo\\\/image\\\/\",\"url\":\"https:\\\/\\\/nieuw.biosfeer-groede.com\\\/wp-content\\\/uploads\\\/2023\\\/10\\\/biosfeer-logo.svg\",\"contentUrl\":\"https:\\\/\\\/nieuw.biosfeer-groede.com\\\/wp-content\\\/uploads\\\/2023\\\/10\\\/biosfeer-logo.svg\",\"width\":1,\"height\":1,\"caption\":\"Biosfeer Groede\"},\"image\":{\"@id\":\"https:\\\/\\\/biosfeer-groede.com\\\/#\\\/schema\\\/logo\\\/image\\\/\"}}]}<\/script>\n<!-- \/ Yoast SEO plugin. -->","yoast_head_json":{"title":"Produits - Biosfeer Groede","robots":{"index":"index","follow":"follow","max-snippet":"max-snippet:-1","max-image-preview":"max-image-preview:large","max-video-preview":"max-video-preview:-1"},"canonical":"https:\/\/biosfeer-groede.com\/fr\/produits\/","og_locale":"fr_FR","og_type":"article","og_title":"Produits - Biosfeer Groede","og_description":"Produits Nous proposons la plus large gamme en Europe ; biologique et certifi\u00e9e Humain V\u00e9t\u00e9rinaire Ingr\u00e9dients cosm\u00e9tiques L\u2019industrie des boissons Industrie alimentaire Nous avons r\u00e9ussi \u00e0 fabriquer des teintures m\u00e8res efficaces et standardis\u00e9es en utilisant des plantes cultiv\u00e9es de mani\u00e8re uniforme selon les Bonnes Pratiques Agricoles et de Collecte (GACP), \u00e0 la fois \u00e0 partir [&hellip;]","og_url":"https:\/\/biosfeer-groede.com\/fr\/produits\/","og_site_name":"Biosfeer Groede","article_modified_time":"2024-06-12T12:12:35+00:00","twitter_card":"summary_large_image","twitter_misc":{"Dur\u00e9e de lecture estim\u00e9e":"1 minute"},"schema":{"@context":"https:\/\/schema.org","@graph":[{"@type":"WebPage","@id":"https:\/\/biosfeer-groede.com\/fr\/produits\/","url":"https:\/\/biosfeer-groede.com\/fr\/produits\/","name":"Produits - Biosfeer Groede","isPartOf":{"@id":"https:\/\/biosfeer-groede.com\/#website"},"datePublished":"2023-10-18T14:50:38+00:00","dateModified":"2024-06-12T12:12:35+00:00","breadcrumb":{"@id":"https:\/\/biosfeer-groede.com\/fr\/produits\/#breadcrumb"},"inLanguage":"fr-FR","potentialAction":[{"@type":"ReadAction","target":["https:\/\/biosfeer-groede.com\/fr\/produits\/"]}]},{"@type":"BreadcrumbList","@id":"https:\/\/biosfeer-groede.com\/fr\/produits\/#breadcrumb","itemListElement":[{"@type":"ListItem","position":1,"name":"Home","item":"https:\/\/biosfeer-groede.com\/fr\/"},{"@type":"ListItem","position":2,"name":"Produits"}]},{"@type":"WebSite","@id":"https:\/\/biosfeer-groede.com\/#website","url":"https:\/\/biosfeer-groede.com\/","name":"Biosfeer Groede","description":"","publisher":{"@id":"https:\/\/biosfeer-groede.com\/#organization"},"potentialAction":[{"@type":"SearchAction","target":{"@type":"EntryPoint","urlTemplate":"https:\/\/biosfeer-groede.com\/?s={search_term_string}"},"query-input":{"@type":"PropertyValueSpecification","valueRequired":true,"valueName":"search_term_string"}}],"inLanguage":"fr-FR"},{"@type":"Organization","@id":"https:\/\/biosfeer-groede.com\/#organization","name":"Biosfeer Groede","url":"https:\/\/biosfeer-groede.com\/","logo":{"@type":"ImageObject","inLanguage":"fr-FR","@id":"https:\/\/biosfeer-groede.com\/#\/schema\/logo\/image\/","url":"https:\/\/nieuw.biosfeer-groede.com\/wp-content\/uploads\/2023\/10\/biosfeer-logo.svg","contentUrl":"https:\/\/nieuw.biosfeer-groede.com\/wp-content\/uploads\/2023\/10\/biosfeer-logo.svg","width":1,"height":1,"caption":"Biosfeer Groede"},"image":{"@id":"https:\/\/biosfeer-groede.com\/#\/schema\/logo\/image\/"}}]}},"_links":{"self":[{"href":"https:\/\/biosfeer-groede.com\/fr\/wp-json\/wp\/v2\/pages\/1237","targetHints":{"allow":["GET"]}}],"collection":[{"href":"https:\/\/biosfeer-groede.com\/fr\/wp-json\/wp\/v2\/pages"}],"about":[{"href":"https:\/\/biosfeer-groede.com\/fr\/wp-json\/wp\/v2\/types\/page"}],"author":[{"embeddable":true,"href":"https:\/\/biosfeer-groede.com\/fr\/wp-json\/wp\/v2\/users\/1"}],"replies":[{"embeddable":true,"href":"https:\/\/biosfeer-groede.com\/fr\/wp-json\/wp\/v2\/comments?post=1237"}],"version-history":[{"count":5,"href":"https:\/\/biosfeer-groede.com\/fr\/wp-json\/wp\/v2\/pages\/1237\/revisions"}],"predecessor-version":[{"id":1263,"href":"https:\/\/biosfeer-groede.com\/fr\/wp-json\/wp\/v2\/pages\/1237\/revisions\/1263"}],"wp:attachment":[{"href":"https:\/\/biosfeer-groede.com\/fr\/wp-json\/wp\/v2\/media?parent=1237"}],"curies":[{"name":"wp","href":"https:\/\/api.w.org\/{rel}","templated":true}]}}