{"id":1226,"date":"2023-10-24T09:11:48","date_gmt":"2023-10-24T09:11:48","guid":{"rendered":"https:\/\/nieuw.biosfeer-groede.com\/onze-boerderij\/"},"modified":"2024-06-20T10:18:43","modified_gmt":"2024-06-20T10:18:43","slug":"notre-ferme","status":"publish","type":"page","link":"https:\/\/biosfeer-groede.com\/fr\/notre-ferme\/","title":{"rendered":"Notre ferme"},"content":{"rendered":"<h1>Notre ferme<\/h1>\n<h2>Durabilit\u00e9 et qualit\u00e9 : le c\u0153ur de notre ferme<\/h2>\n<div>\n<p><span>La ferme \u00ab\u00a0Biosfeer\u00a0\u00bb \u00e0 Groede (Flandre z\u00e9landaise, Pays Bas) de 7\u00a0ha est id\u00e9ale pour la culture de plantes m\u00e9dicinales. Les sols argileux lourds r\u00e9duisent la pression des mauvaises herbes en \u00e9t\u00e9 et donnent de l\u2019eau en p\u00e9riode s\u00e8che \u00e0 partir d\u2019une grande bulle d\u2019eau de source situ\u00e9e sous toute l\u2019entreprise. Pour les normes n\u00e9erlandaises, il y a de nombreuses heures de soleil, des averses de pluie r\u00e9guli\u00e8res et peu de conditions m\u00e9t\u00e9orologiques extr\u00eames. La ferme est situ\u00e9e dans une zone tr\u00e8s propre dans la r\u00e9gion la moins peupl\u00e9e des Pays-Bas\u00a0: Flandre z\u00e9landaise occidentale. <\/span><\/p>\n<p><span>Notre m\u00e9thode de \u00ab\u00a0permaculture\u00a0\u00bb se refl\u00e8te dans l\u2019am\u00e9nagement et la gestion biologique de la ferme \u00e0 Groede\u00a0: les champs et la cour autour de la maison sont entretenus sans pesticides. Les b\u00e2timents, y compris la maison, ont \u00e9t\u00e9 construits de mani\u00e8re durable\u00a0; du bois au lieu de construction en b\u00e9ton, pas de bois tropical, peinture \u00e0 l\u2019huile de lin, isolation maximale avec laine min\u00e9rale et produits agricoles r\u00e9siduels avec, si possible, r\u00e9utilisation des mat\u00e9riaux de construction. Le nettoyage se fait avec des moyens naturels tels que l\u2019alcool organique.<\/span><\/p>\n<\/div>\n<p>\n    <a href=\"\/fr\/contact\">Contact<\/a>\n<\/p>\n<div>\n<p>        <img decoding=\"async\" src=\"\/wp-content\/uploads\/2024\/05\/EVM-20230713-0004-DJI_0214-kopie%E2%95%A0eren-scaled.jpg\" alt=\"\"><\/p>\n<\/div>\n<div>\n<p>Des capteurs solaires sous forme de 80 caloducs servent \u00e0 (re)chauffer le hangar et le laboratoire pour le traitement des cultures. Le s\u00e9choir \u00e0 herbes re\u00e7oit de l\u2019air chaud \u00e0 travers le toit en t\u00f4le d\u2019acier adapt\u00e9 (500 m2) du laboratoire et du d\u00e9p\u00f4t de stockage. Un syst\u00e8me s\u00e9par\u00e9 de stockage et de canalisation des eaux de pluie fournit de l\u2019eau \u00e0 des fins qui ne n\u00e9cessitent pas d\u2019eau potable (lave-linge, lave-vaisselle, toilettes, etc.).<\/p>\n<p>Le traitement des eaux us\u00e9es s\u2019effectue via un lit d\u2019infiltration avec des roseli\u00e8res (IBA3, avec filtre h\u00e9lophyte). La gestion de la terre se fait \u00e0 la main et avec des machines et des outils modernes aussi l\u00e9gers que possible. Pour faciliter le contr\u00f4le des mauvaises herbes et pr\u00e9venir l\u2019\u00e9puisement du sol, nous plantons sur des plates-bandes fixes avec une grande distance de plantation. \u00c0 l\u2019exception de la chaux et du compost certifi\u00e9 et propre, aucune fertilisation n\u2019est n\u00e9cessaire et n\u2019est donc pas utilis\u00e9e.<\/p>\n<\/div>\n<ul>\n<li>\n<p>        <img decoding=\"async\" src=\"\/wp-content\/uploads\/2024\/05\/EVM-20230713-0015-L1001878-kopie%E2%95%A0eren-scaled.jpg\" alt=\"\"><\/p>\n<\/li>\n<li>\n<p>        <img decoding=\"async\" src=\"\/wp-content\/uploads\/2024\/05\/EVM-20230713-0038-L1140227-kopie%E2%95%A0eren-scaled.jpg\" alt=\"\"><\/p>\n<\/li>\n<\/ul>\n<div>\n<p>Nous nous effor\u00e7ons d\u2019apporter une contribution maximale au paysage et aux environs. La permaculture se compose de nombreux arbres, arbustes, cultures basses, herbes et herbes, qui sont tous utilis\u00e9s dans la production. Nous cr\u00e9ons un environnement o\u00f9 r\u00e8gne l\u2019harmonie entre les micro-organismes, les insectes, les oiseaux et le petit gibier. Notre \u00ab\u00a0restaurant de li\u00e8vre\u00a0\u00bb est bien connu, o\u00f9 nous conservons des herbes en dehors de nos champs de culture afin que les oiseaux et les li\u00e8vres n\u2019aient pas \u00e0 compromettre notre r\u00e9colte.<\/p>\n<p>\u00a0Biosfeer Groede cultive et traite les plantes m\u00e9dicinales et aromatiques de mani\u00e8re saine avec bon sens. Nous nous sp\u00e9cialisons dans l\u2019agriculture \u00e0 petite \u00e9chelle innovante et biologique et traitons nous-m\u00eames toute notre r\u00e9colte. Nous exploitons une (perma)culture biologique durable sans fumier provenant de l\u2019ext\u00e9rieur et sans utilisation de produits phytopharmaceutiques. Nos produits sont cultiv\u00e9s pour la plus haute teneur en pr\u00e9cieux ingr\u00e9dients actifs possible et un go\u00fbt optimal.<\/p>\n<\/div>\n<p>\n    <a href=\"\/fr\/contact\">Contact<\/a>\n<\/p>\n<p><img decoding=\"async\" src=\"\/wp-content\/uploads\/2024\/05\/EVM-20230713-0005-L1001863-kopie%E2%95%A0eren-1-scaled.jpg\" alt=\"\"><\/p>\n<p><!--more--><br \/>\n<!-- {\"type\":\"layout\",\"children\":[{\"name\":\"Tincturen\",\"type\":\"section\",\"props\":{\"animation\":\"slide-left-medium\",\"animation_delay\":false,\"image_position\":\"center-center\",\"padding_remove_bottom\":false,\"padding_remove_top\":false,\"style\":\"muted\",\"title_breakpoint\":\"xl\",\"title_position\":\"top-left\",\"title_rotation\":\"left\",\"vertical_align\":\"\",\"width\":\"large\"},\"children\":[{\"type\":\"row\",\"children\":[{\"type\":\"column\",\"props\":{\"image_position\":\"center-center\",\"position_sticky_breakpoint\":\"m\"},\"children\":[{\"type\":\"headline\",\"props\":{\"content\":\"Notre ferme\",\"margin_remove_bottom\":true,\"title_color\":\"primary\",\"title_element\":\"h1\"}}]}]},{\"type\":\"row\",\"props\":{\"column_gap\":\"large\",\"divider\":false,\"layout\":\"1-2,1-2\",\"margin\":\"small\",\"margin_remove_bottom\":false,\"margin_remove_top\":true,\"row_gap\":\"large\",\"vertical_align\":true},\"children\":[{\"type\":\"column\",\"props\":{\"image_position\":\"center-center\",\"position_sticky_breakpoint\":\"m\",\"width_medium\":\"1-2\"},\"children\":[{\"type\":\"headline\",\"props\":{\"content\":\"Durabilit\\u00e9 et qualit\\u00e9 : le c\\u0153ur de notre ferme\",\"margin_remove_top\":true,\"title_element\":\"h2\"}},{\"type\":\"text\",\"props\":{\"column_breakpoint\":\"l\",\"content\":\"\n\n<p><span>La ferme \\u00ab\\u00a0Biosfeer\\u00a0\\u00bb \\u00e0 Groede (Flandre z\\u00e9landaise, Pays Bas) de 7\\u00a0ha est id\\u00e9ale pour la culture de plantes m\\u00e9dicinales. Les sols argileux lourds r\\u00e9duisent la pression des mauvaises herbes en \\u00e9t\\u00e9 et donnent de l\\u2019eau en p\\u00e9riode s\\u00e8che \\u00e0 partir d\\u2019une grande bulle d\\u2019eau de source situ\\u00e9e sous toute l\\u2019entreprise. Pour les normes n\\u00e9erlandaises, il y a de nombreuses heures de soleil, des averses de pluie r\\u00e9guli\\u00e8res et peu de conditions m\\u00e9t\\u00e9orologiques extr\\u00eames. La ferme est situ\\u00e9e dans une zone tr\\u00e8s propre dans la r\\u00e9gion la moins peupl\\u00e9e des Pays-Bas\\u00a0: Flandre z\\u00e9landaise occidentale. <\\\/span><\\\/p>\\n\n\n<p><span>Notre m\\u00e9thode de \\u00ab\\u00a0permaculture\\u00a0\\u00bb se refl\\u00e8te dans l\\u2019am\\u00e9nagement et la gestion biologique de la ferme \\u00e0 Groede\\u00a0: les champs et la cour autour de la maison sont entretenus sans pesticides. Les b\\u00e2timents, y compris la maison, ont \\u00e9t\\u00e9 construits de mani\\u00e8re durable\\u00a0; du bois au lieu de construction en b\\u00e9ton, pas de bois tropical, peinture \\u00e0 l\\u2019huile de lin, isolation maximale avec laine min\\u00e9rale et produits agricoles r\\u00e9siduels avec, si possible, r\\u00e9utilisation des mat\\u00e9riaux de construction. Le nettoyage se fait avec des moyens naturels tels que l\\u2019alcool organique.<\\\/span><\\\/p>\",\"margin\":\"default\"}},{\"type\":\"button\",\"props\":{\"grid_column_gap\":\"small\",\"grid_row_gap\":\"small\",\"margin\":\"default\"},\"children\":[{\"type\":\"button_item\",\"props\":{\"button_style\":\"secondary\",\"content\":\"Contact\",\"icon_align\":\"left\",\"link\":\"\\\/fr\\\/contact\"}}]}]},{\"type\":\"column\",\"props\":{\"image_position\":\"center-center\",\"position_sticky_breakpoint\":\"m\",\"width_medium\":\"1-2\"},\"children\":[{\"type\":\"overlay\",\"props\":{\"image\":\"wp-content\\\/uploads\\\/2024\\\/05\\\/EVM-20230713-0004-DJI_0214-kopie\\u2560eren-scaled.jpg\",\"image_height\":\"580\",\"image_transition\":\"scale-up\",\"image_width\":\"800\",\"link_style\":\"default\",\"link_text\":\"Read more\",\"margin\":\"default\",\"meta_align\":\"below-title\",\"meta_element\":\"div\",\"meta_style\":\"text-meta\",\"overlay_hover\":true,\"overlay_mode\":\"cover\",\"overlay_position\":\"center\",\"overlay_style\":\"\",\"overlay_transition\":\"fade\",\"text_align\":\"center\",\"text_color\":\"light\",\"title_element\":\"h3\",\"title_hover_style\":\"reset\"}}]}]}]},{\"name\":\"Simplex\\\/complex\",\"type\":\"section\",\"props\":{\"animation\":\"slide-right-medium\",\"css\":\".el-section {\\n \\tpadding-bottom: 50px;   \\n}\",\"image\":\"wp-content\\\/uploads\\\/home-residences-bg.svg\",\"image_effect\":\"parallax\",\"image_height\":\"680\",\"image_parallax_bgy\":\"100,100\",\"image_parallax_easing\":\"1\",\"image_position\":\"top-left\",\"image_size\":\"contain\",\"image_width\":\"2000\",\"media_visibility\":\"m\",\"padding\":\"xlarge\",\"padding_remove_bottom\":true,\"padding_remove_top\":false,\"style\":\"default\",\"title_breakpoint\":\"xl\",\"title_position\":\"top-left\",\"title_rotation\":\"left\",\"vertical_align\":\"\",\"width\":\"large\"},\"children\":[{\"type\":\"row\",\"props\":{\"column_gap\":\"large\",\"layout\":\"1-3,2-3\",\"margin\":\"xlarge\",\"row_gap\":\"large\"},\"children\":[{\"type\":\"column\",\"props\":{\"image_position\":\"top-left\",\"media_visibility\":\"s\",\"padding\":\"none\",\"position_sticky_breakpoint\":\"m\",\"width_medium\":\"1-3\"},\"children\":[{\"type\":\"text\",\"props\":{\"column_breakpoint\":\"m\",\"content\":\"\n\n<p>Des capteurs solaires sous forme de 80 caloducs servent \\u00e0 (re)chauffer le hangar et le laboratoire pour le traitement des cultures. Le s\\u00e9choir \\u00e0 herbes re\\u00e7oit de l\\u2019air chaud \\u00e0 travers le toit en t\\u00f4le d\\u2019acier adapt\\u00e9 (500 m2) du laboratoire et du d\\u00e9p\\u00f4t de stockage. Un syst\\u00e8me s\\u00e9par\\u00e9 de stockage et de canalisation des eaux de pluie fournit de l\\u2019eau \\u00e0 des fins qui ne n\\u00e9cessitent pas d\\u2019eau potable (lave-linge, lave-vaisselle, toilettes, etc.).<\\\/p>\\n\n\n<p>Le traitement des eaux us\\u00e9es s\\u2019effectue via un lit d\\u2019infiltration avec des roseli\\u00e8res (IBA3, avec filtre h\\u00e9lophyte). La gestion de la terre se fait \\u00e0 la main et avec des machines et des outils modernes aussi l\\u00e9gers que possible. Pour faciliter le contr\\u00f4le des mauvaises herbes et pr\\u00e9venir l\\u2019\\u00e9puisement du sol, nous plantons sur des plates-bandes fixes avec une grande distance de plantation. \\u00c0 l\\u2019exception de la chaux et du compost certifi\\u00e9 et propre, aucune fertilisation n\\u2019est n\\u00e9cessaire et n\\u2019est donc pas utilis\\u00e9e.<\\\/p>\",\"margin\":\"default\"}}]},{\"type\":\"column\",\"props\":{\"image_position\":\"center-center\",\"order_first\":\"m\",\"position_sticky_breakpoint\":\"m\",\"width_medium\":\"2-3\"},\"children\":[{\"type\":\"overlay-slider\",\"props\":{\"image_height\":\"850\",\"image_width\":\"640\",\"link_style\":\"default\",\"link_text\":\"\",\"margin\":\"default\",\"meta_align\":\"below-title\",\"meta_element\":\"div\",\"meta_style\":\"text-meta\",\"nav\":\"\",\"nav_align\":\"center\",\"nav_breakpoint\":\"s\",\"overlay_hover\":false,\"overlay_link\":true,\"overlay_mode\":\"cover\",\"overlay_padding\":\"small\",\"overlay_position\":\"bottom-left\",\"overlay_transition\":\"slide-bottom-small\",\"show_content\":true,\"show_hover_image\":true,\"show_hover_video\":true,\"show_link\":true,\"show_meta\":true,\"show_title\":true,\"slidenav\":\"top-right\",\"slidenav_breakpoint\":\"s\",\"slidenav_hover\":false,\"slidenav_large\":false,\"slidenav_margin\":\"medium\",\"slidenav_outside_breakpoint\":\"xl\",\"slider_autoplay\":true,\"slider_autoplay_pause\":true,\"slider_gap\":\"default\",\"slider_width\":\"fixed\",\"slider_width_default\":\"1-1\",\"slider_width_medium\":\"\",\"slider_width_small\":\"1-2\",\"text_align\":\"\",\"text_color\":\"light\",\"title_element\":\"div\",\"title_hover_style\":\"reset\",\"title_style\":\"h5\"},\"children\":[{\"type\":\"overlay-slider_item\",\"props\":{\"image\":\"wp-content\\\/uploads\\\/2024\\\/05\\\/EVM-20230713-0015-L1001878-kopie\\u2560eren-scaled.jpg\",\"title\":\"\"}},{\"type\":\"overlay-slider_item\",\"props\":{\"image\":\"wp-content\\\/uploads\\\/2024\\\/05\\\/EVM-20230713-0038-L1140227-kopie\\u2560eren-scaled.jpg\",\"title\":\"\"}}]}]}]}]},{\"type\":\"section\",\"props\":{\"animation\":\"slide-left-medium\",\"image_position\":\"center-center\",\"style\":\"muted\",\"title_breakpoint\":\"xl\",\"title_position\":\"top-left\",\"title_rotation\":\"left\",\"vertical_align\":\"\",\"width\":\"large\"},\"children\":[{\"type\":\"row\",\"children\":[{\"type\":\"column\",\"props\":{\"image_position\":\"center-center\",\"position_sticky_breakpoint\":\"m\",\"vertical_align\":\"middle\",\"width_medium\":\"2-3\"},\"children\":[{\"type\":\"text\",\"props\":{\"column_breakpoint\":\"m\",\"content\":\"\n\n<p>Nous nous effor\\u00e7ons d\\u2019apporter une contribution maximale au paysage et aux environs. La permaculture se compose de nombreux arbres, arbustes, cultures basses, herbes et herbes, qui sont tous utilis\\u00e9s dans la production. Nous cr\\u00e9ons un environnement o\\u00f9 r\\u00e8gne l\\u2019harmonie entre les micro-organismes, les insectes, les oiseaux et le petit gibier. Notre \\u00ab\\u00a0restaurant de li\\u00e8vre\\u00a0\\u00bb est bien connu, o\\u00f9 nous conservons des herbes en dehors de nos champs de culture afin que les oiseaux et les li\\u00e8vres n\\u2019aient pas \\u00e0 compromettre notre r\\u00e9colte.<\\\/p>\\n\\n\n\n<p>\\u00a0Biosfeer Groede cultive et traite les plantes m\\u00e9dicinales et aromatiques de mani\\u00e8re saine avec bon sens. Nous nous sp\\u00e9cialisons dans l\\u2019agriculture \\u00e0 petite \\u00e9chelle innovante et biologique et traitons nous-m\\u00eames toute notre r\\u00e9colte. Nous exploitons une (perma)culture biologique durable sans fumier provenant de l\\u2019ext\\u00e9rieur et sans utilisation de produits phytopharmaceutiques. Nos produits sont cultiv\\u00e9s pour la plus haute teneur en pr\\u00e9cieux ingr\\u00e9dients actifs possible et un go\\u00fbt optimal.<\\\/p>\\n\",\"margin\":\"default\"}},{\"type\":\"button\",\"props\":{\"grid_column_gap\":\"small\",\"grid_row_gap\":\"small\",\"margin\":\"default\"},\"children\":[{\"type\":\"button_item\",\"props\":{\"button_style\":\"secondary\",\"content\":\"Contact\",\"icon_align\":\"left\",\"link\":\"\\\/fr\\\/contact\"}}]}]},{\"type\":\"column\",\"props\":{\"image_position\":\"center-center\",\"position_sticky_breakpoint\":\"m\",\"width_medium\":\"1-3\"},\"children\":[{\"type\":\"image\",\"props\":{\"image\":\"wp-content\\\/uploads\\\/2024\\\/05\\\/EVM-20230713-0005-L1001863-kopie\\u2560eren-1-scaled.jpg\",\"image_height\":\"600\",\"image_svg_color\":\"emphasis\",\"image_width\":\"800\",\"margin\":\"default\"}}]}],\"props\":{\"layout\":\"2-3,1-3\"}}]}],\"version\":\"4.4.4\"} --><\/p>\n","protected":false},"excerpt":{"rendered":"<p>Notre ferme Durabilit\u00e9 et qualit\u00e9 : le c\u0153ur de notre ferme La ferme \u00ab\u00a0Biosfeer\u00a0\u00bb \u00e0 Groede (Flandre z\u00e9landaise, Pays Bas) de 7\u00a0ha est id\u00e9ale pour la culture de plantes m\u00e9dicinales. Les sols argileux lourds r\u00e9duisent la pression des mauvaises herbes en \u00e9t\u00e9 et donnent de l\u2019eau en p\u00e9riode s\u00e8che \u00e0 partir d\u2019une grande bulle d\u2019eau [&hellip;]<\/p>\n","protected":false},"author":1,"featured_media":0,"parent":0,"menu_order":0,"comment_status":"closed","ping_status":"closed","template":"","meta":{"footnotes":""},"class_list":["post-1226","page","type-page","status-publish","hentry"],"yoast_head":"<!-- This site is optimized with the Yoast SEO plugin v27.5 - https:\/\/yoast.com\/product\/yoast-seo-wordpress\/ -->\n<title>Notre ferme - Biosfeer Groede<\/title>\n<meta name=\"robots\" content=\"index, follow, max-snippet:-1, max-image-preview:large, max-video-preview:-1\" \/>\n<link rel=\"canonical\" href=\"https:\/\/biosfeer-groede.com\/fr\/notre-ferme\/\" \/>\n<meta property=\"og:locale\" content=\"fr_FR\" \/>\n<meta property=\"og:type\" content=\"article\" \/>\n<meta property=\"og:title\" content=\"Notre ferme - Biosfeer Groede\" \/>\n<meta property=\"og:description\" content=\"Notre ferme Durabilit\u00e9 et qualit\u00e9 : le c\u0153ur de notre ferme La ferme \u00ab\u00a0Biosfeer\u00a0\u00bb \u00e0 Groede (Flandre z\u00e9landaise, Pays Bas) de 7\u00a0ha est id\u00e9ale pour la culture de plantes m\u00e9dicinales. Les sols argileux lourds r\u00e9duisent la pression des mauvaises herbes en \u00e9t\u00e9 et donnent de l\u2019eau en p\u00e9riode s\u00e8che \u00e0 partir d\u2019une grande bulle d\u2019eau [&hellip;]\" \/>\n<meta property=\"og:url\" content=\"https:\/\/biosfeer-groede.com\/fr\/notre-ferme\/\" \/>\n<meta property=\"og:site_name\" content=\"Biosfeer Groede\" \/>\n<meta property=\"article:modified_time\" content=\"2024-06-20T10:18:43+00:00\" \/>\n<meta name=\"twitter:card\" content=\"summary_large_image\" \/>\n<meta name=\"twitter:label1\" content=\"Dur\u00e9e de lecture estim\u00e9e\" \/>\n\t<meta name=\"twitter:data1\" content=\"3 minutes\" \/>\n<script type=\"application\/ld+json\" class=\"yoast-schema-graph\">{\"@context\":\"https:\\\/\\\/schema.org\",\"@graph\":[{\"@type\":\"WebPage\",\"@id\":\"https:\\\/\\\/biosfeer-groede.com\\\/fr\\\/notre-ferme\\\/\",\"url\":\"https:\\\/\\\/biosfeer-groede.com\\\/fr\\\/notre-ferme\\\/\",\"name\":\"Notre ferme - Biosfeer Groede\",\"isPartOf\":{\"@id\":\"https:\\\/\\\/biosfeer-groede.com\\\/#website\"},\"datePublished\":\"2023-10-24T09:11:48+00:00\",\"dateModified\":\"2024-06-20T10:18:43+00:00\",\"breadcrumb\":{\"@id\":\"https:\\\/\\\/biosfeer-groede.com\\\/fr\\\/notre-ferme\\\/#breadcrumb\"},\"inLanguage\":\"fr-FR\",\"potentialAction\":[{\"@type\":\"ReadAction\",\"target\":[\"https:\\\/\\\/biosfeer-groede.com\\\/fr\\\/notre-ferme\\\/\"]}]},{\"@type\":\"BreadcrumbList\",\"@id\":\"https:\\\/\\\/biosfeer-groede.com\\\/fr\\\/notre-ferme\\\/#breadcrumb\",\"itemListElement\":[{\"@type\":\"ListItem\",\"position\":1,\"name\":\"Home\",\"item\":\"https:\\\/\\\/biosfeer-groede.com\\\/fr\\\/\"},{\"@type\":\"ListItem\",\"position\":2,\"name\":\"Notre ferme\"}]},{\"@type\":\"WebSite\",\"@id\":\"https:\\\/\\\/biosfeer-groede.com\\\/#website\",\"url\":\"https:\\\/\\\/biosfeer-groede.com\\\/\",\"name\":\"Biosfeer Groede\",\"description\":\"\",\"publisher\":{\"@id\":\"https:\\\/\\\/biosfeer-groede.com\\\/#organization\"},\"potentialAction\":[{\"@type\":\"SearchAction\",\"target\":{\"@type\":\"EntryPoint\",\"urlTemplate\":\"https:\\\/\\\/biosfeer-groede.com\\\/?s={search_term_string}\"},\"query-input\":{\"@type\":\"PropertyValueSpecification\",\"valueRequired\":true,\"valueName\":\"search_term_string\"}}],\"inLanguage\":\"fr-FR\"},{\"@type\":\"Organization\",\"@id\":\"https:\\\/\\\/biosfeer-groede.com\\\/#organization\",\"name\":\"Biosfeer Groede\",\"url\":\"https:\\\/\\\/biosfeer-groede.com\\\/\",\"logo\":{\"@type\":\"ImageObject\",\"inLanguage\":\"fr-FR\",\"@id\":\"https:\\\/\\\/biosfeer-groede.com\\\/#\\\/schema\\\/logo\\\/image\\\/\",\"url\":\"https:\\\/\\\/nieuw.biosfeer-groede.com\\\/wp-content\\\/uploads\\\/2023\\\/10\\\/biosfeer-logo.svg\",\"contentUrl\":\"https:\\\/\\\/nieuw.biosfeer-groede.com\\\/wp-content\\\/uploads\\\/2023\\\/10\\\/biosfeer-logo.svg\",\"width\":1,\"height\":1,\"caption\":\"Biosfeer Groede\"},\"image\":{\"@id\":\"https:\\\/\\\/biosfeer-groede.com\\\/#\\\/schema\\\/logo\\\/image\\\/\"}}]}<\/script>\n<!-- \/ Yoast SEO plugin. -->","yoast_head_json":{"title":"Notre ferme - Biosfeer Groede","robots":{"index":"index","follow":"follow","max-snippet":"max-snippet:-1","max-image-preview":"max-image-preview:large","max-video-preview":"max-video-preview:-1"},"canonical":"https:\/\/biosfeer-groede.com\/fr\/notre-ferme\/","og_locale":"fr_FR","og_type":"article","og_title":"Notre ferme - Biosfeer Groede","og_description":"Notre ferme Durabilit\u00e9 et qualit\u00e9 : le c\u0153ur de notre ferme La ferme \u00ab\u00a0Biosfeer\u00a0\u00bb \u00e0 Groede (Flandre z\u00e9landaise, Pays Bas) de 7\u00a0ha est id\u00e9ale pour la culture de plantes m\u00e9dicinales. Les sols argileux lourds r\u00e9duisent la pression des mauvaises herbes en \u00e9t\u00e9 et donnent de l\u2019eau en p\u00e9riode s\u00e8che \u00e0 partir d\u2019une grande bulle d\u2019eau [&hellip;]","og_url":"https:\/\/biosfeer-groede.com\/fr\/notre-ferme\/","og_site_name":"Biosfeer Groede","article_modified_time":"2024-06-20T10:18:43+00:00","twitter_card":"summary_large_image","twitter_misc":{"Dur\u00e9e de lecture estim\u00e9e":"3 minutes"},"schema":{"@context":"https:\/\/schema.org","@graph":[{"@type":"WebPage","@id":"https:\/\/biosfeer-groede.com\/fr\/notre-ferme\/","url":"https:\/\/biosfeer-groede.com\/fr\/notre-ferme\/","name":"Notre ferme - Biosfeer Groede","isPartOf":{"@id":"https:\/\/biosfeer-groede.com\/#website"},"datePublished":"2023-10-24T09:11:48+00:00","dateModified":"2024-06-20T10:18:43+00:00","breadcrumb":{"@id":"https:\/\/biosfeer-groede.com\/fr\/notre-ferme\/#breadcrumb"},"inLanguage":"fr-FR","potentialAction":[{"@type":"ReadAction","target":["https:\/\/biosfeer-groede.com\/fr\/notre-ferme\/"]}]},{"@type":"BreadcrumbList","@id":"https:\/\/biosfeer-groede.com\/fr\/notre-ferme\/#breadcrumb","itemListElement":[{"@type":"ListItem","position":1,"name":"Home","item":"https:\/\/biosfeer-groede.com\/fr\/"},{"@type":"ListItem","position":2,"name":"Notre ferme"}]},{"@type":"WebSite","@id":"https:\/\/biosfeer-groede.com\/#website","url":"https:\/\/biosfeer-groede.com\/","name":"Biosfeer Groede","description":"","publisher":{"@id":"https:\/\/biosfeer-groede.com\/#organization"},"potentialAction":[{"@type":"SearchAction","target":{"@type":"EntryPoint","urlTemplate":"https:\/\/biosfeer-groede.com\/?s={search_term_string}"},"query-input":{"@type":"PropertyValueSpecification","valueRequired":true,"valueName":"search_term_string"}}],"inLanguage":"fr-FR"},{"@type":"Organization","@id":"https:\/\/biosfeer-groede.com\/#organization","name":"Biosfeer Groede","url":"https:\/\/biosfeer-groede.com\/","logo":{"@type":"ImageObject","inLanguage":"fr-FR","@id":"https:\/\/biosfeer-groede.com\/#\/schema\/logo\/image\/","url":"https:\/\/nieuw.biosfeer-groede.com\/wp-content\/uploads\/2023\/10\/biosfeer-logo.svg","contentUrl":"https:\/\/nieuw.biosfeer-groede.com\/wp-content\/uploads\/2023\/10\/biosfeer-logo.svg","width":1,"height":1,"caption":"Biosfeer Groede"},"image":{"@id":"https:\/\/biosfeer-groede.com\/#\/schema\/logo\/image\/"}}]}},"_links":{"self":[{"href":"https:\/\/biosfeer-groede.com\/fr\/wp-json\/wp\/v2\/pages\/1226","targetHints":{"allow":["GET"]}}],"collection":[{"href":"https:\/\/biosfeer-groede.com\/fr\/wp-json\/wp\/v2\/pages"}],"about":[{"href":"https:\/\/biosfeer-groede.com\/fr\/wp-json\/wp\/v2\/types\/page"}],"author":[{"embeddable":true,"href":"https:\/\/biosfeer-groede.com\/fr\/wp-json\/wp\/v2\/users\/1"}],"replies":[{"embeddable":true,"href":"https:\/\/biosfeer-groede.com\/fr\/wp-json\/wp\/v2\/comments?post=1226"}],"version-history":[{"count":4,"href":"https:\/\/biosfeer-groede.com\/fr\/wp-json\/wp\/v2\/pages\/1226\/revisions"}],"predecessor-version":[{"id":1440,"href":"https:\/\/biosfeer-groede.com\/fr\/wp-json\/wp\/v2\/pages\/1226\/revisions\/1440"}],"wp:attachment":[{"href":"https:\/\/biosfeer-groede.com\/fr\/wp-json\/wp\/v2\/media?parent=1226"}],"curies":[{"name":"wp","href":"https:\/\/api.w.org\/{rel}","templated":true}]}}