{"id":1198,"date":"2024-01-18T13:56:16","date_gmt":"2024-01-18T13:56:16","guid":{"rendered":"https:\/\/nieuw.biosfeer-groede.com\/dienstverlening\/"},"modified":"2024-06-20T09:49:32","modified_gmt":"2024-06-20T09:49:32","slug":"prestations-de-service","status":"publish","type":"page","link":"https:\/\/biosfeer-groede.com\/fr\/prestations-de-service\/","title":{"rendered":"Prestations de service"},"content":{"rendered":"<h1>Prestations de service<\/h1>\n<h2>Biosph\u00e8re Groede : Votre Expert en D\u00e9veloppement de Produits Naturels et Production Sous Contrat<\/h2>\n<div>\n<p>Chez Biosph\u00e8re Groede, nous int\u00e9grons des techniques de production avanc\u00e9es avec une expertise approfondie dans les ingr\u00e9dients v\u00e9g\u00e9taux pour fournir des produits de haute qualit\u00e9 pour l&rsquo;industrie cosm\u00e9tique, alimentaire et des boissons. Nos services comprennent le d\u00e9veloppement de produits et la production sous contrat, o\u00f9 nous nous concentrons sur la r\u00e9alisation de vos id\u00e9es de produits avec un accent sur la qualit\u00e9 et la durabilit\u00e9.<\/p>\n<p>\u00c0 chaque collaboration avec Biosph\u00e8re Groede, vous pouvez compter sur notre engagement envers la durabilit\u00e9 et l&rsquo;innovation, en respectant les normes de qualit\u00e9 les plus \u00e9lev\u00e9es.<\/p>\n<\/div>\n<ul>\n<li>\n<p><img decoding=\"async\" src=\"\/wp-content\/uploads\/2024\/05\/EVM-20230713-0042-L1001925-kopie%E2%95%A0eren-scaled.jpg\" alt=\"\"><\/p>\n<h3> Production Sous Contrat<\/h3>\n<div>\n<p>Nos installations sont \u00e9quip\u00e9es de mani\u00e8re optimale pour la production de diverses formes de produits telles que teintures, onguents, sirops, gels et plus encore. Nous offrons nos capacit\u00e9s de production \u00e0 des clients professionnels \u00e0 la recherche d&rsquo;un partenaire de production fiable et de haute qualit\u00e9.<\/p>\n<\/div>\n<p><a href=\"\/fr\/prestations-de-service\/production-sous-contrat\/\">Lire plus<\/a><\/p>\n<\/li>\n<li>\n<p><img decoding=\"async\" src=\"\/wp-content\/uploads\/2023\/11\/banner-lab-scaled.webp\" alt=\"\"><\/p>\n<h3>D\u00e9veloppement de Produits<\/h3>\n<div>En collaboration avec Biosph\u00e8re Groede, vous b\u00e9n\u00e9ficiez d&rsquo;un soutien complet dans le d\u00e9veloppement de produits innovants. De la phase conceptuelle initiale \u00e0 l&rsquo;introduction sur le march\u00e9, nous proposons des solutions sur mesure qui r\u00e9pondent \u00e0 vos besoins sp\u00e9cifiques.<\/p>\n<\/div>\n<p><a href=\"\/fr\/prestations-de-service\/developpement-de-produits\/\">Lire plus<\/a><\/p>\n<\/li>\n<\/ul>\n<p><!--more--><br \/>\n<!-- {\"type\":\"layout\",\"children\":[{\"type\":\"section\",\"props\":{\"animation\":\"slide-left-medium\",\"css\":\".el-section{\\n    background: rgb(236,236,236);\\nbackground: -moz-linear-gradient(180deg, rgba(236,236,236,1) 0%, rgba(255,255,255,1) 58%);\\nbackground: -webkit-linear-gradient(180deg, rgba(236,236,236,1) 0%, rgba(255,255,255,1) 58%);\\nbackground: linear-gradient(180deg, rgba(236,236,236,1) 0%, rgba(255,255,255,1) 58%);\\nfilter: progid:DXImageTransform.Microsoft.gradient(startColorstr=\\\"#ececec\\\",endColorstr=\\\"#ffffff\\\",GradientType=1);\\n}\",\"image_position\":\"center-center\",\"style\":\"muted\",\"title_breakpoint\":\"xl\",\"title_position\":\"top-left\",\"title_rotation\":\"left\",\"vertical_align\":\"\",\"width\":\"large\"},\"children\":[{\"type\":\"row\",\"children\":[{\"type\":\"column\",\"props\":{\"image_position\":\"center-center\",\"position_sticky_breakpoint\":\"m\",\"vertical_align\":\"middle\"},\"children\":[{\"type\":\"headline\",\"props\":{\"content\":\"Prestations de service\",\"margin_remove_bottom\":true,\"title_color\":\"primary\",\"title_element\":\"h1\"}},{\"type\":\"headline\",\"props\":{\"content\":\"Biosph\\u00e8re Groede : Votre Expert en D\\u00e9veloppement de Produits Naturels et Production Sous Contrat\",\"margin_remove_top\":true,\"title_element\":\"h2\",\"title_style\":\"h3\"}},{\"type\":\"text\",\"props\":{\"column_breakpoint\":\"m\",\"content\":\"\n\n<p>Chez Biosph\\u00e8re Groede, nous int\\u00e9grons des techniques de production avanc\\u00e9es avec une expertise approfondie dans les ingr\\u00e9dients v\\u00e9g\\u00e9taux pour fournir des produits de haute qualit\\u00e9 pour l'industrie cosm\\u00e9tique, alimentaire et des boissons. Nos services comprennent le d\\u00e9veloppement de produits et la production sous contrat, o\\u00f9 nous nous concentrons sur la r\\u00e9alisation de vos id\\u00e9es de produits avec un accent sur la qualit\\u00e9 et la durabilit\\u00e9.<\\\/p>\\n\n\n<p>\\u00c0 chaque collaboration avec Biosph\\u00e8re Groede, vous pouvez compter sur notre engagement envers la durabilit\\u00e9 et l'innovation, en respectant les normes de qualit\\u00e9 les plus \\u00e9lev\\u00e9es.<\\\/p>\",\"margin\":\"default\"}}]}]},{\"type\":\"row\",\"children\":[{\"type\":\"column\",\"props\":{\"image_position\":\"center-center\",\"position_sticky_breakpoint\":\"m\"},\"children\":[{\"type\":\"grid\",\"props\":{\"attributes\":\"uk-height-match=\\\".el-content\\\"\",\"content_column_breakpoint\":\"m\",\"content_dropcap\":false,\"content_margin\":\"small\",\"filter_align\":\"left\",\"filter_all\":true,\"filter_grid_breakpoint\":\"m\",\"filter_grid_width\":\"auto\",\"filter_position\":\"top\",\"filter_style\":\"tab\",\"grid_column_align\":true,\"grid_default\":\"1\",\"grid_medium\":\"\",\"grid_small\":\"2\",\"icon_width\":80,\"image_align\":\"left\",\"image_grid_breakpoint\":\"m\",\"image_grid_width\":\"1-3\",\"image_height\":\"300\",\"image_link\":true,\"image_svg_color\":\"emphasis\",\"image_width\":\"400\",\"item_animation\":true,\"link_margin\":\"small\",\"link_style\":\"text\",\"link_text\":\"Lire plus\",\"margin\":\"medium\",\"meta_align\":\"below-title\",\"meta_element\":\"div\",\"meta_style\":\"text-meta\",\"panel_expand\":\"image\",\"panel_image_no_padding\":true,\"panel_link\":true,\"panel_padding\":\"small\",\"panel_style\":\"card-default\",\"show_content\":true,\"show_image\":true,\"show_link\":true,\"show_meta\":true,\"show_title\":true,\"title_align\":\"top\",\"title_element\":\"h3\",\"title_font_family\":\"primary\",\"title_grid_breakpoint\":\"m\",\"title_grid_width\":\"1-2\",\"title_hover_style\":\"reset\",\"title_margin\":\"remove\",\"title_style\":\"h5\"},\"children\":[{\"type\":\"grid_item\",\"props\":{\"content\":\"\n\n<p>Nos installations sont \\u00e9quip\\u00e9es de mani\\u00e8re optimale pour la production de diverses formes de produits telles que teintures, onguents, sirops, gels et plus encore. Nous offrons nos capacit\\u00e9s de production \\u00e0 des clients professionnels \\u00e0 la recherche d'un partenaire de production fiable et de haute qualit\\u00e9.<\\\/p>\",\"image\":\"wp-content\\\/uploads\\\/2024\\\/05\\\/EVM-20230713-0042-L1001925-kopie\\u2560eren-scaled.jpg\",\"link\":\"\\\/fr\\\/prestations-de-service\\\/production-sous-contrat\\\/\",\"title\":\" Production Sous Contrat\"}},{\"type\":\"grid_item\",\"props\":{\"content\":\"En collaboration avec Biosph\\u00e8re Groede, vous b\\u00e9n\\u00e9ficiez d'un soutien complet dans le d\\u00e9veloppement de produits innovants. De la phase conceptuelle initiale \\u00e0 l'introduction sur le march\\u00e9, nous proposons des solutions sur mesure qui r\\u00e9pondent \\u00e0 vos besoins sp\\u00e9cifiques.\\n\\n\\n\\n\\n\\n\\n\",\"image\":\"wp-content\\\/uploads\\\/2023\\\/11\\\/banner-lab-scaled.webp\",\"link\":\"\\\/fr\\\/prestations-de-service\\\/developpement-de-produits\\\/\",\"title\":\"D\\u00e9veloppement de Produits\"}}]}]}]}]}],\"version\":\"4.4.4\"} --><\/p>\n","protected":false},"excerpt":{"rendered":"<p>Prestations de service Biosph\u00e8re Groede : Votre Expert en D\u00e9veloppement de Produits Naturels et Production Sous Contrat Chez Biosph\u00e8re Groede, nous int\u00e9grons des techniques de production avanc\u00e9es avec une expertise approfondie dans les ingr\u00e9dients v\u00e9g\u00e9taux pour fournir des produits de haute qualit\u00e9 pour l&rsquo;industrie cosm\u00e9tique, alimentaire et des boissons. Nos services comprennent le d\u00e9veloppement de [&hellip;]<\/p>\n","protected":false},"author":1,"featured_media":0,"parent":0,"menu_order":0,"comment_status":"closed","ping_status":"closed","template":"","meta":{"footnotes":""},"class_list":["post-1198","page","type-page","status-publish","hentry"],"yoast_head":"<!-- This site is optimized with the Yoast SEO plugin v27.5 - https:\/\/yoast.com\/product\/yoast-seo-wordpress\/ -->\n<title>Prestations de service - Biosfeer Groede<\/title>\n<meta name=\"robots\" content=\"index, follow, max-snippet:-1, max-image-preview:large, max-video-preview:-1\" \/>\n<link rel=\"canonical\" href=\"https:\/\/biosfeer-groede.com\/fr\/prestations-de-service\/\" \/>\n<meta property=\"og:locale\" content=\"fr_FR\" \/>\n<meta property=\"og:type\" content=\"article\" \/>\n<meta property=\"og:title\" content=\"Prestations de service - Biosfeer Groede\" \/>\n<meta property=\"og:description\" content=\"Prestations de service Biosph\u00e8re Groede : Votre Expert en D\u00e9veloppement de Produits Naturels et Production Sous Contrat Chez Biosph\u00e8re Groede, nous int\u00e9grons des techniques de production avanc\u00e9es avec une expertise approfondie dans les ingr\u00e9dients v\u00e9g\u00e9taux pour fournir des produits de haute qualit\u00e9 pour l&rsquo;industrie cosm\u00e9tique, alimentaire et des boissons. Nos services comprennent le d\u00e9veloppement de [&hellip;]\" \/>\n<meta property=\"og:url\" content=\"https:\/\/biosfeer-groede.com\/fr\/prestations-de-service\/\" \/>\n<meta property=\"og:site_name\" content=\"Biosfeer Groede\" \/>\n<meta property=\"article:modified_time\" content=\"2024-06-20T09:49:32+00:00\" \/>\n<meta name=\"twitter:card\" content=\"summary_large_image\" \/>\n<meta name=\"twitter:label1\" content=\"Dur\u00e9e de lecture estim\u00e9e\" \/>\n\t<meta name=\"twitter:data1\" content=\"1 minute\" \/>\n<script type=\"application\/ld+json\" class=\"yoast-schema-graph\">{\"@context\":\"https:\\\/\\\/schema.org\",\"@graph\":[{\"@type\":\"WebPage\",\"@id\":\"https:\\\/\\\/biosfeer-groede.com\\\/fr\\\/prestations-de-service\\\/\",\"url\":\"https:\\\/\\\/biosfeer-groede.com\\\/fr\\\/prestations-de-service\\\/\",\"name\":\"Prestations de service - Biosfeer Groede\",\"isPartOf\":{\"@id\":\"https:\\\/\\\/biosfeer-groede.com\\\/#website\"},\"datePublished\":\"2024-01-18T13:56:16+00:00\",\"dateModified\":\"2024-06-20T09:49:32+00:00\",\"breadcrumb\":{\"@id\":\"https:\\\/\\\/biosfeer-groede.com\\\/fr\\\/prestations-de-service\\\/#breadcrumb\"},\"inLanguage\":\"fr-FR\",\"potentialAction\":[{\"@type\":\"ReadAction\",\"target\":[\"https:\\\/\\\/biosfeer-groede.com\\\/fr\\\/prestations-de-service\\\/\"]}]},{\"@type\":\"BreadcrumbList\",\"@id\":\"https:\\\/\\\/biosfeer-groede.com\\\/fr\\\/prestations-de-service\\\/#breadcrumb\",\"itemListElement\":[{\"@type\":\"ListItem\",\"position\":1,\"name\":\"Home\",\"item\":\"https:\\\/\\\/biosfeer-groede.com\\\/fr\\\/\"},{\"@type\":\"ListItem\",\"position\":2,\"name\":\"Prestations de service\"}]},{\"@type\":\"WebSite\",\"@id\":\"https:\\\/\\\/biosfeer-groede.com\\\/#website\",\"url\":\"https:\\\/\\\/biosfeer-groede.com\\\/\",\"name\":\"Biosfeer Groede\",\"description\":\"\",\"publisher\":{\"@id\":\"https:\\\/\\\/biosfeer-groede.com\\\/#organization\"},\"potentialAction\":[{\"@type\":\"SearchAction\",\"target\":{\"@type\":\"EntryPoint\",\"urlTemplate\":\"https:\\\/\\\/biosfeer-groede.com\\\/?s={search_term_string}\"},\"query-input\":{\"@type\":\"PropertyValueSpecification\",\"valueRequired\":true,\"valueName\":\"search_term_string\"}}],\"inLanguage\":\"fr-FR\"},{\"@type\":\"Organization\",\"@id\":\"https:\\\/\\\/biosfeer-groede.com\\\/#organization\",\"name\":\"Biosfeer Groede\",\"url\":\"https:\\\/\\\/biosfeer-groede.com\\\/\",\"logo\":{\"@type\":\"ImageObject\",\"inLanguage\":\"fr-FR\",\"@id\":\"https:\\\/\\\/biosfeer-groede.com\\\/#\\\/schema\\\/logo\\\/image\\\/\",\"url\":\"https:\\\/\\\/nieuw.biosfeer-groede.com\\\/wp-content\\\/uploads\\\/2023\\\/10\\\/biosfeer-logo.svg\",\"contentUrl\":\"https:\\\/\\\/nieuw.biosfeer-groede.com\\\/wp-content\\\/uploads\\\/2023\\\/10\\\/biosfeer-logo.svg\",\"width\":1,\"height\":1,\"caption\":\"Biosfeer Groede\"},\"image\":{\"@id\":\"https:\\\/\\\/biosfeer-groede.com\\\/#\\\/schema\\\/logo\\\/image\\\/\"}}]}<\/script>\n<!-- \/ Yoast SEO plugin. -->","yoast_head_json":{"title":"Prestations de service - Biosfeer Groede","robots":{"index":"index","follow":"follow","max-snippet":"max-snippet:-1","max-image-preview":"max-image-preview:large","max-video-preview":"max-video-preview:-1"},"canonical":"https:\/\/biosfeer-groede.com\/fr\/prestations-de-service\/","og_locale":"fr_FR","og_type":"article","og_title":"Prestations de service - Biosfeer Groede","og_description":"Prestations de service Biosph\u00e8re Groede : Votre Expert en D\u00e9veloppement de Produits Naturels et Production Sous Contrat Chez Biosph\u00e8re Groede, nous int\u00e9grons des techniques de production avanc\u00e9es avec une expertise approfondie dans les ingr\u00e9dients v\u00e9g\u00e9taux pour fournir des produits de haute qualit\u00e9 pour l&rsquo;industrie cosm\u00e9tique, alimentaire et des boissons. Nos services comprennent le d\u00e9veloppement de [&hellip;]","og_url":"https:\/\/biosfeer-groede.com\/fr\/prestations-de-service\/","og_site_name":"Biosfeer Groede","article_modified_time":"2024-06-20T09:49:32+00:00","twitter_card":"summary_large_image","twitter_misc":{"Dur\u00e9e de lecture estim\u00e9e":"1 minute"},"schema":{"@context":"https:\/\/schema.org","@graph":[{"@type":"WebPage","@id":"https:\/\/biosfeer-groede.com\/fr\/prestations-de-service\/","url":"https:\/\/biosfeer-groede.com\/fr\/prestations-de-service\/","name":"Prestations de service - Biosfeer Groede","isPartOf":{"@id":"https:\/\/biosfeer-groede.com\/#website"},"datePublished":"2024-01-18T13:56:16+00:00","dateModified":"2024-06-20T09:49:32+00:00","breadcrumb":{"@id":"https:\/\/biosfeer-groede.com\/fr\/prestations-de-service\/#breadcrumb"},"inLanguage":"fr-FR","potentialAction":[{"@type":"ReadAction","target":["https:\/\/biosfeer-groede.com\/fr\/prestations-de-service\/"]}]},{"@type":"BreadcrumbList","@id":"https:\/\/biosfeer-groede.com\/fr\/prestations-de-service\/#breadcrumb","itemListElement":[{"@type":"ListItem","position":1,"name":"Home","item":"https:\/\/biosfeer-groede.com\/fr\/"},{"@type":"ListItem","position":2,"name":"Prestations de service"}]},{"@type":"WebSite","@id":"https:\/\/biosfeer-groede.com\/#website","url":"https:\/\/biosfeer-groede.com\/","name":"Biosfeer Groede","description":"","publisher":{"@id":"https:\/\/biosfeer-groede.com\/#organization"},"potentialAction":[{"@type":"SearchAction","target":{"@type":"EntryPoint","urlTemplate":"https:\/\/biosfeer-groede.com\/?s={search_term_string}"},"query-input":{"@type":"PropertyValueSpecification","valueRequired":true,"valueName":"search_term_string"}}],"inLanguage":"fr-FR"},{"@type":"Organization","@id":"https:\/\/biosfeer-groede.com\/#organization","name":"Biosfeer Groede","url":"https:\/\/biosfeer-groede.com\/","logo":{"@type":"ImageObject","inLanguage":"fr-FR","@id":"https:\/\/biosfeer-groede.com\/#\/schema\/logo\/image\/","url":"https:\/\/nieuw.biosfeer-groede.com\/wp-content\/uploads\/2023\/10\/biosfeer-logo.svg","contentUrl":"https:\/\/nieuw.biosfeer-groede.com\/wp-content\/uploads\/2023\/10\/biosfeer-logo.svg","width":1,"height":1,"caption":"Biosfeer Groede"},"image":{"@id":"https:\/\/biosfeer-groede.com\/#\/schema\/logo\/image\/"}}]}},"_links":{"self":[{"href":"https:\/\/biosfeer-groede.com\/fr\/wp-json\/wp\/v2\/pages\/1198","targetHints":{"allow":["GET"]}}],"collection":[{"href":"https:\/\/biosfeer-groede.com\/fr\/wp-json\/wp\/v2\/pages"}],"about":[{"href":"https:\/\/biosfeer-groede.com\/fr\/wp-json\/wp\/v2\/types\/page"}],"author":[{"embeddable":true,"href":"https:\/\/biosfeer-groede.com\/fr\/wp-json\/wp\/v2\/users\/1"}],"replies":[{"embeddable":true,"href":"https:\/\/biosfeer-groede.com\/fr\/wp-json\/wp\/v2\/comments?post=1198"}],"version-history":[{"count":5,"href":"https:\/\/biosfeer-groede.com\/fr\/wp-json\/wp\/v2\/pages\/1198\/revisions"}],"predecessor-version":[{"id":1396,"href":"https:\/\/biosfeer-groede.com\/fr\/wp-json\/wp\/v2\/pages\/1198\/revisions\/1396"}],"wp:attachment":[{"href":"https:\/\/biosfeer-groede.com\/fr\/wp-json\/wp\/v2\/media?parent=1198"}],"curies":[{"name":"wp","href":"https:\/\/api.w.org\/{rel}","templated":true}]}}