{"id":1185,"date":"2023-10-24T09:11:48","date_gmt":"2023-10-24T09:11:48","guid":{"rendered":"https:\/\/nieuw.biosfeer-groede.com\/certificaten\/"},"modified":"2024-06-12T09:13:12","modified_gmt":"2024-06-12T09:13:12","slug":"certificats","status":"publish","type":"page","link":"https:\/\/biosfeer-groede.com\/fr\/certificats\/","title":{"rendered":"Certificats"},"content":{"rendered":"<h1>Certificats<\/h1>\n<h2>GMP+ FSA<\/h2>\n<p>\n    <a href=\"\/wp-content\/uploads\/2024\/05\/GMP-biosfeer-groede-bv-30-jul-2022.pdf\">T\u00e9l\u00e9charger le certificat<\/a>\n<\/p>\n<div>\n<p>Les entreprises avec le certificat GMP +\u00a0FSA d\u00e9montrent qu\u2019elles satisfont \u00e0 toutes les exigences et conditions pour l\u2019assurance de la s\u00e9curit\u00e9 des aliments pour animaux. FSA signifie Feed Safety Assurance. Avec plus de 18\u00a0000 entreprises certifi\u00e9es GMP +\u00a0FSA, c\u2019est le plus grand module du syst\u00e8me de certification GMP +\u00a0GMP +\u00a0FSA contient des normes pour tous les maillons de la cha\u00eene. Les entreprises certifi\u00e9es sont test\u00e9es par des organismes ind\u00e9pendants approuv\u00e9s par GMP +\u00a0International, les soi-disant organismes de certification.<\/p>\n<p>Au fil des ann\u00e9es, le module FSA est devenu de plus en plus professionnel. Entre autres, ISO-9001, HACCP, les normes de s\u00e9curit\u00e9 alimentaire, la tra\u00e7abilit\u00e9, la surveillance, le programme pr\u00e9requis, l\u2019approche en cha\u00eene et le syst\u00e8me d\u2019alerte pr\u00e9coce (EWS) sont int\u00e9gr\u00e9s dans le module GMP +\u00a0FSA. En raison de cette approche large, le certificat GMP +\u00a0FSA est en pratique dans de plus en plus de pays en tant que licence de vente.<\/p>\n<\/div>\n<h2>FSSC22000<\/h2>\n<p>\n    <a href=\"\/wp-content\/uploads\/2024\/05\/FSSC22000-CU825513_2023.01_final-15-aug-2023.pdf\">T\u00e9l\u00e9charger le certificat<\/a>\n<\/p>\n<div>\n<p><span>Stichting Certificatie Voedselveiligheid (SCV, Fondation pour la certification de la s\u00e9curit\u00e9 alimentaire) a d\u00e9velopp\u00e9 la norme FSSC 22000, qui est la premi\u00e8re norme mondiale pour l\u2019ensemble de l\u2019industrie alimentaire. La norme a \u00e9t\u00e9 approuv\u00e9e par le GFSI (Global Food Safety Initiative) et offre une opportunit\u00e9 de parvenir \u00e0 une harmonisation internationale. Le FSSC 22000 \u2013 Food est bas\u00e9 sur l\u2019ISO 22000, les sp\u00e9cifications techniques de l\u2019ISO \/ TS 22002-1 et de l\u2019annexe 1A et prend en compte l\u2019initiative de l\u2019analyse des lacunes de la Global Food Safety.<\/span><\/p>\n<\/div>\n<h2>Marque de qualit\u00e9 SKAL (EU bio)<\/h2>\n<p>\n    <a href=\"\/wp-content\/uploads\/2024\/05\/cert_EU_BIO_certificaat_NEW_ENQ-3048897_3048897-Nl.pdf\">T\u00e9l\u00e9charger le certificat<\/a>\n<\/p>\n<div>Le certificat Skal BIO est bas\u00e9 sur la l\u00e9gislation europ\u00e9enne. En cons\u00e9quence, la certification Skal est la m\u00eame dans toute l\u2019UE. Les produits certifi\u00e9s Skal dans toute l\u2019UE sont donc dot\u00e9s d\u2019un label de qualit\u00e9. Les produits biologiques sont ainsi clairement reconnaissables pour les consommateurs.<\/div>\n<p><!--more--><br \/>\n<!-- {\"type\":\"layout\",\"children\":[{\"type\":\"section\",\"props\":{\"image_position\":\"center-center\",\"style\":\"muted\",\"title_breakpoint\":\"xl\",\"title_position\":\"top-left\",\"title_rotation\":\"left\",\"vertical_align\":\"middle\",\"width\":\"default\"},\"children\":[{\"type\":\"row\",\"children\":[{\"type\":\"column\",\"props\":{\"image_position\":\"center-center\",\"position_sticky_breakpoint\":\"m\"},\"children\":[{\"type\":\"headline\",\"props\":{\"content\":\"Certificats\",\"title_color\":\"primary\",\"title_element\":\"h1\"}}]}]},{\"type\":\"row\",\"props\":{\"layout\":\"1-2,1-2\",\"margin_remove_top\":true},\"children\":[{\"type\":\"column\",\"props\":{\"image_position\":\"center-center\",\"position_sticky_breakpoint\":\"m\",\"vertical_align\":\"middle\",\"width_medium\":\"1-2\"},\"children\":[{\"type\":\"headline\",\"props\":{\"content\":\"GMP+ FSA\",\"title_element\":\"h2\"}}]},{\"type\":\"column\",\"props\":{\"image_position\":\"center-center\",\"position_sticky_breakpoint\":\"m\",\"width_medium\":\"1-2\"},\"children\":[{\"type\":\"button\",\"props\":{\"grid_column_gap\":\"small\",\"grid_row_gap\":\"small\",\"margin\":\"default\",\"text_align\":\"right\",\"text_align_breakpoint\":\"m\"},\"children\":[{\"type\":\"button_item\",\"props\":{\"button_style\":\"secondary\",\"content\":\"T\\u00e9l\\u00e9charger le certificat\",\"icon_align\":\"left\",\"link\":\"\\\/wp-content\\\/uploads\\\/2024\\\/05\\\/GMP-biosfeer-groede-bv-30-jul-2022.pdf\",\"link_target\":\"blank\"}}]}]}]},{\"type\":\"row\",\"children\":[{\"type\":\"column\",\"props\":{\"image_position\":\"center-center\",\"position_sticky_breakpoint\":\"m\"},\"children\":[{\"type\":\"text\",\"props\":{\"column_breakpoint\":\"m\",\"content\":\"\n\n<p>Les entreprises avec le certificat GMP +\\u00a0FSA d\\u00e9montrent qu\\u2019elles satisfont \\u00e0 toutes les exigences et conditions pour l\\u2019assurance de la s\\u00e9curit\\u00e9 des aliments pour animaux. FSA signifie Feed Safety Assurance. Avec plus de 18\\u00a0000 entreprises certifi\\u00e9es GMP +\\u00a0FSA, c\\u2019est le plus grand module du syst\\u00e8me de certification GMP +\\u00a0GMP +\\u00a0FSA contient des normes pour tous les maillons de la cha\\u00eene. Les entreprises certifi\\u00e9es sont test\\u00e9es par des organismes ind\\u00e9pendants approuv\\u00e9s par GMP +\\u00a0International, les soi-disant organismes de certification.<\\\/p>\\n\n\n<p>Au fil des ann\\u00e9es, le module FSA est devenu de plus en plus professionnel. Entre autres, ISO-9001, HACCP, les normes de s\\u00e9curit\\u00e9 alimentaire, la tra\\u00e7abilit\\u00e9, la surveillance, le programme pr\\u00e9requis, l\\u2019approche en cha\\u00eene et le syst\\u00e8me d\\u2019alerte pr\\u00e9coce (EWS) sont int\\u00e9gr\\u00e9s dans le module GMP +\\u00a0FSA. En raison de cette approche large, le certificat GMP +\\u00a0FSA est en pratique dans de plus en plus de pays en tant que licence de vente.<\\\/p>\",\"margin\":\"default\"}}]}]}]},{\"type\":\"section\",\"props\":{\"image_position\":\"center-center\",\"style\":\"default\",\"title_breakpoint\":\"xl\",\"title_position\":\"top-left\",\"title_rotation\":\"left\",\"vertical_align\":\"middle\",\"width\":\"default\"},\"children\":[{\"type\":\"row\",\"props\":{\"layout\":\"1-2,1-2\"},\"children\":[{\"type\":\"column\",\"props\":{\"image_position\":\"center-center\",\"position_sticky_breakpoint\":\"m\",\"vertical_align\":\"middle\",\"width_medium\":\"1-2\"},\"children\":[{\"type\":\"headline\",\"props\":{\"content\":\"FSSC22000\",\"title_element\":\"h2\"}}]},{\"type\":\"column\",\"props\":{\"image_position\":\"center-center\",\"position_sticky_breakpoint\":\"m\",\"width_medium\":\"1-2\"},\"children\":[{\"type\":\"button\",\"props\":{\"grid_column_gap\":\"small\",\"grid_row_gap\":\"small\",\"margin\":\"default\",\"text_align\":\"right\",\"text_align_breakpoint\":\"m\"},\"children\":[{\"type\":\"button_item\",\"props\":{\"button_style\":\"secondary\",\"content\":\"T\\u00e9l\\u00e9charger le certificat\",\"icon_align\":\"left\",\"link\":\"\\\/wp-content\\\/uploads\\\/2024\\\/05\\\/FSSC22000-CU825513_2023.01_final-15-aug-2023.pdf\",\"link_target\":\"blank\"}}]}]}]},{\"type\":\"row\",\"children\":[{\"type\":\"column\",\"props\":{\"image_position\":\"center-center\",\"position_sticky_breakpoint\":\"m\"},\"children\":[{\"type\":\"text\",\"props\":{\"column_breakpoint\":\"m\",\"content\":\"\n\n<p><span>Stichting Certificatie Voedselveiligheid (SCV, Fondation pour la certification de la s\\u00e9curit\\u00e9 alimentaire) a d\\u00e9velopp\\u00e9 la norme FSSC 22000, qui est la premi\\u00e8re norme mondiale pour l\\u2019ensemble de l\\u2019industrie alimentaire. La norme a \\u00e9t\\u00e9 approuv\\u00e9e par le GFSI (Global Food Safety Initiative) et offre une opportunit\\u00e9 de parvenir \\u00e0 une harmonisation internationale. Le FSSC 22000 \\u2013 Food est bas\\u00e9 sur l\\u2019ISO 22000, les sp\\u00e9cifications techniques de l\\u2019ISO \\\/ TS 22002-1 et de l\\u2019annexe 1A et prend en compte l\\u2019initiative de l\\u2019analyse des lacunes de la Global Food Safety.<\\\/span><\\\/p>\",\"margin\":\"default\"}}]}]}]},{\"type\":\"section\",\"props\":{\"image_position\":\"center-center\",\"style\":\"muted\",\"title_breakpoint\":\"xl\",\"title_position\":\"top-left\",\"title_rotation\":\"left\",\"vertical_align\":\"middle\",\"width\":\"default\"},\"children\":[{\"type\":\"row\",\"props\":{\"layout\":\"1-2,1-2\"},\"children\":[{\"type\":\"column\",\"props\":{\"image_position\":\"center-center\",\"position_sticky_breakpoint\":\"m\",\"vertical_align\":\"middle\",\"width_medium\":\"1-2\"},\"children\":[{\"type\":\"headline\",\"props\":{\"content\":\"Marque de qualit\\u00e9 SKAL (EU bio)\",\"title_element\":\"h2\"}}]},{\"type\":\"column\",\"props\":{\"image_position\":\"center-center\",\"position_sticky_breakpoint\":\"m\",\"width_medium\":\"1-2\"},\"children\":[{\"type\":\"button\",\"props\":{\"grid_column_gap\":\"small\",\"grid_row_gap\":\"small\",\"margin\":\"default\",\"text_align\":\"right\",\"text_align_breakpoint\":\"m\"},\"children\":[{\"type\":\"button_item\",\"props\":{\"button_style\":\"secondary\",\"content\":\"T\\u00e9l\\u00e9charger le certificat\",\"icon_align\":\"left\",\"link\":\"\\\/wp-content\\\/uploads\\\/2024\\\/05\\\/cert_EU_BIO_certificaat_NEW_ENQ-3048897_3048897-Nl.pdf\",\"link_target\":\"blank\"}}]}]}]},{\"type\":\"row\",\"children\":[{\"type\":\"column\",\"props\":{\"image_position\":\"center-center\",\"position_sticky_breakpoint\":\"m\"},\"children\":[{\"type\":\"text\",\"props\":{\"column_breakpoint\":\"m\",\"content\":\"Le certificat Skal BIO est bas\\u00e9 sur la l\\u00e9gislation europ\\u00e9enne. En cons\\u00e9quence, la certification Skal est la m\\u00eame dans toute l\\u2019UE. Les produits certifi\\u00e9s Skal dans toute l\\u2019UE sont donc dot\\u00e9s d\\u2019un label de qualit\\u00e9. Les produits biologiques sont ainsi clairement reconnaissables pour les consommateurs.\",\"margin\":\"default\"}}]}]}]}],\"version\":\"4.2.1\"} --><\/p>\n","protected":false},"excerpt":{"rendered":"<p>Certificats GMP+ FSA T\u00e9l\u00e9charger le certificat Les entreprises avec le certificat GMP +\u00a0FSA d\u00e9montrent qu\u2019elles satisfont \u00e0 toutes les exigences et conditions pour l\u2019assurance de la s\u00e9curit\u00e9 des aliments pour animaux. FSA signifie Feed Safety Assurance. Avec plus de 18\u00a0000 entreprises certifi\u00e9es GMP +\u00a0FSA, c\u2019est le plus grand module du syst\u00e8me de certification GMP +\u00a0GMP [&hellip;]<\/p>\n","protected":false},"author":1,"featured_media":0,"parent":0,"menu_order":0,"comment_status":"closed","ping_status":"closed","template":"","meta":{"footnotes":""},"class_list":["post-1185","page","type-page","status-publish","hentry"],"yoast_head":"<!-- This site is optimized with the Yoast SEO plugin v27.5 - https:\/\/yoast.com\/product\/yoast-seo-wordpress\/ -->\n<title>Certificats - Biosfeer Groede<\/title>\n<meta name=\"robots\" content=\"index, follow, max-snippet:-1, max-image-preview:large, max-video-preview:-1\" \/>\n<link rel=\"canonical\" href=\"https:\/\/biosfeer-groede.com\/fr\/certificats\/\" \/>\n<meta property=\"og:locale\" content=\"fr_FR\" \/>\n<meta property=\"og:type\" content=\"article\" \/>\n<meta property=\"og:title\" content=\"Certificats - Biosfeer Groede\" \/>\n<meta property=\"og:description\" content=\"Certificats GMP+ FSA T\u00e9l\u00e9charger le certificat Les entreprises avec le certificat GMP +\u00a0FSA d\u00e9montrent qu\u2019elles satisfont \u00e0 toutes les exigences et conditions pour l\u2019assurance de la s\u00e9curit\u00e9 des aliments pour animaux. FSA signifie Feed Safety Assurance. Avec plus de 18\u00a0000 entreprises certifi\u00e9es GMP +\u00a0FSA, c\u2019est le plus grand module du syst\u00e8me de certification GMP +\u00a0GMP [&hellip;]\" \/>\n<meta property=\"og:url\" content=\"https:\/\/biosfeer-groede.com\/fr\/certificats\/\" \/>\n<meta property=\"og:site_name\" content=\"Biosfeer Groede\" \/>\n<meta property=\"article:modified_time\" content=\"2024-06-12T09:13:12+00:00\" \/>\n<meta name=\"twitter:card\" content=\"summary_large_image\" \/>\n<meta name=\"twitter:label1\" content=\"Dur\u00e9e de lecture estim\u00e9e\" \/>\n\t<meta name=\"twitter:data1\" content=\"2 minutes\" \/>\n<script type=\"application\/ld+json\" class=\"yoast-schema-graph\">{\"@context\":\"https:\\\/\\\/schema.org\",\"@graph\":[{\"@type\":\"WebPage\",\"@id\":\"https:\\\/\\\/biosfeer-groede.com\\\/fr\\\/certificats\\\/\",\"url\":\"https:\\\/\\\/biosfeer-groede.com\\\/fr\\\/certificats\\\/\",\"name\":\"Certificats - Biosfeer Groede\",\"isPartOf\":{\"@id\":\"https:\\\/\\\/biosfeer-groede.com\\\/#website\"},\"datePublished\":\"2023-10-24T09:11:48+00:00\",\"dateModified\":\"2024-06-12T09:13:12+00:00\",\"breadcrumb\":{\"@id\":\"https:\\\/\\\/biosfeer-groede.com\\\/fr\\\/certificats\\\/#breadcrumb\"},\"inLanguage\":\"fr-FR\",\"potentialAction\":[{\"@type\":\"ReadAction\",\"target\":[\"https:\\\/\\\/biosfeer-groede.com\\\/fr\\\/certificats\\\/\"]}]},{\"@type\":\"BreadcrumbList\",\"@id\":\"https:\\\/\\\/biosfeer-groede.com\\\/fr\\\/certificats\\\/#breadcrumb\",\"itemListElement\":[{\"@type\":\"ListItem\",\"position\":1,\"name\":\"Home\",\"item\":\"https:\\\/\\\/biosfeer-groede.com\\\/fr\\\/\"},{\"@type\":\"ListItem\",\"position\":2,\"name\":\"Certificats\"}]},{\"@type\":\"WebSite\",\"@id\":\"https:\\\/\\\/biosfeer-groede.com\\\/#website\",\"url\":\"https:\\\/\\\/biosfeer-groede.com\\\/\",\"name\":\"Biosfeer Groede\",\"description\":\"\",\"publisher\":{\"@id\":\"https:\\\/\\\/biosfeer-groede.com\\\/#organization\"},\"potentialAction\":[{\"@type\":\"SearchAction\",\"target\":{\"@type\":\"EntryPoint\",\"urlTemplate\":\"https:\\\/\\\/biosfeer-groede.com\\\/?s={search_term_string}\"},\"query-input\":{\"@type\":\"PropertyValueSpecification\",\"valueRequired\":true,\"valueName\":\"search_term_string\"}}],\"inLanguage\":\"fr-FR\"},{\"@type\":\"Organization\",\"@id\":\"https:\\\/\\\/biosfeer-groede.com\\\/#organization\",\"name\":\"Biosfeer Groede\",\"url\":\"https:\\\/\\\/biosfeer-groede.com\\\/\",\"logo\":{\"@type\":\"ImageObject\",\"inLanguage\":\"fr-FR\",\"@id\":\"https:\\\/\\\/biosfeer-groede.com\\\/#\\\/schema\\\/logo\\\/image\\\/\",\"url\":\"https:\\\/\\\/nieuw.biosfeer-groede.com\\\/wp-content\\\/uploads\\\/2023\\\/10\\\/biosfeer-logo.svg\",\"contentUrl\":\"https:\\\/\\\/nieuw.biosfeer-groede.com\\\/wp-content\\\/uploads\\\/2023\\\/10\\\/biosfeer-logo.svg\",\"width\":1,\"height\":1,\"caption\":\"Biosfeer Groede\"},\"image\":{\"@id\":\"https:\\\/\\\/biosfeer-groede.com\\\/#\\\/schema\\\/logo\\\/image\\\/\"}}]}<\/script>\n<!-- \/ Yoast SEO plugin. -->","yoast_head_json":{"title":"Certificats - Biosfeer Groede","robots":{"index":"index","follow":"follow","max-snippet":"max-snippet:-1","max-image-preview":"max-image-preview:large","max-video-preview":"max-video-preview:-1"},"canonical":"https:\/\/biosfeer-groede.com\/fr\/certificats\/","og_locale":"fr_FR","og_type":"article","og_title":"Certificats - Biosfeer Groede","og_description":"Certificats GMP+ FSA T\u00e9l\u00e9charger le certificat Les entreprises avec le certificat GMP +\u00a0FSA d\u00e9montrent qu\u2019elles satisfont \u00e0 toutes les exigences et conditions pour l\u2019assurance de la s\u00e9curit\u00e9 des aliments pour animaux. FSA signifie Feed Safety Assurance. Avec plus de 18\u00a0000 entreprises certifi\u00e9es GMP +\u00a0FSA, c\u2019est le plus grand module du syst\u00e8me de certification GMP +\u00a0GMP [&hellip;]","og_url":"https:\/\/biosfeer-groede.com\/fr\/certificats\/","og_site_name":"Biosfeer Groede","article_modified_time":"2024-06-12T09:13:12+00:00","twitter_card":"summary_large_image","twitter_misc":{"Dur\u00e9e de lecture estim\u00e9e":"2 minutes"},"schema":{"@context":"https:\/\/schema.org","@graph":[{"@type":"WebPage","@id":"https:\/\/biosfeer-groede.com\/fr\/certificats\/","url":"https:\/\/biosfeer-groede.com\/fr\/certificats\/","name":"Certificats - Biosfeer Groede","isPartOf":{"@id":"https:\/\/biosfeer-groede.com\/#website"},"datePublished":"2023-10-24T09:11:48+00:00","dateModified":"2024-06-12T09:13:12+00:00","breadcrumb":{"@id":"https:\/\/biosfeer-groede.com\/fr\/certificats\/#breadcrumb"},"inLanguage":"fr-FR","potentialAction":[{"@type":"ReadAction","target":["https:\/\/biosfeer-groede.com\/fr\/certificats\/"]}]},{"@type":"BreadcrumbList","@id":"https:\/\/biosfeer-groede.com\/fr\/certificats\/#breadcrumb","itemListElement":[{"@type":"ListItem","position":1,"name":"Home","item":"https:\/\/biosfeer-groede.com\/fr\/"},{"@type":"ListItem","position":2,"name":"Certificats"}]},{"@type":"WebSite","@id":"https:\/\/biosfeer-groede.com\/#website","url":"https:\/\/biosfeer-groede.com\/","name":"Biosfeer Groede","description":"","publisher":{"@id":"https:\/\/biosfeer-groede.com\/#organization"},"potentialAction":[{"@type":"SearchAction","target":{"@type":"EntryPoint","urlTemplate":"https:\/\/biosfeer-groede.com\/?s={search_term_string}"},"query-input":{"@type":"PropertyValueSpecification","valueRequired":true,"valueName":"search_term_string"}}],"inLanguage":"fr-FR"},{"@type":"Organization","@id":"https:\/\/biosfeer-groede.com\/#organization","name":"Biosfeer Groede","url":"https:\/\/biosfeer-groede.com\/","logo":{"@type":"ImageObject","inLanguage":"fr-FR","@id":"https:\/\/biosfeer-groede.com\/#\/schema\/logo\/image\/","url":"https:\/\/nieuw.biosfeer-groede.com\/wp-content\/uploads\/2023\/10\/biosfeer-logo.svg","contentUrl":"https:\/\/nieuw.biosfeer-groede.com\/wp-content\/uploads\/2023\/10\/biosfeer-logo.svg","width":1,"height":1,"caption":"Biosfeer Groede"},"image":{"@id":"https:\/\/biosfeer-groede.com\/#\/schema\/logo\/image\/"}}]}},"_links":{"self":[{"href":"https:\/\/biosfeer-groede.com\/fr\/wp-json\/wp\/v2\/pages\/1185","targetHints":{"allow":["GET"]}}],"collection":[{"href":"https:\/\/biosfeer-groede.com\/fr\/wp-json\/wp\/v2\/pages"}],"about":[{"href":"https:\/\/biosfeer-groede.com\/fr\/wp-json\/wp\/v2\/types\/page"}],"author":[{"embeddable":true,"href":"https:\/\/biosfeer-groede.com\/fr\/wp-json\/wp\/v2\/users\/1"}],"replies":[{"embeddable":true,"href":"https:\/\/biosfeer-groede.com\/fr\/wp-json\/wp\/v2\/comments?post=1185"}],"version-history":[{"count":3,"href":"https:\/\/biosfeer-groede.com\/fr\/wp-json\/wp\/v2\/pages\/1185\/revisions"}],"predecessor-version":[{"id":1188,"href":"https:\/\/biosfeer-groede.com\/fr\/wp-json\/wp\/v2\/pages\/1185\/revisions\/1188"}],"wp:attachment":[{"href":"https:\/\/biosfeer-groede.com\/fr\/wp-json\/wp\/v2\/media?parent=1185"}],"curies":[{"name":"wp","href":"https:\/\/api.w.org\/{rel}","templated":true}]}}