{"id":1151,"date":"2023-10-18T14:50:38","date_gmt":"2023-10-18T14:50:38","guid":{"rendered":"https:\/\/nieuw.biosfeer-groede.com\/producten\/"},"modified":"2024-06-12T12:57:02","modified_gmt":"2024-06-12T12:57:02","slug":"produkte","status":"publish","type":"page","link":"https:\/\/biosfeer-groede.com\/de\/produkte\/","title":{"rendered":"Produkte"},"content":{"rendered":"<h1>Produkte<\/h1>\n<h2>Wir haben das gr\u00f6\u00dfte Sortiment in Europa; biologisch &#038; zertifiziert<\/h2>\n<ul>\n<li>\n<p><a href=\"\/de\/produkte\/menschlich\/\">Menschlich<\/a><\/p>\n<\/li>\n<li>\n<p><a href=\"\/de\/produkte\/veterinaermedizin\/\">Veterin\u00e4rmedizin<\/a><\/p>\n<\/li>\n<li>\n<p><a href=\"\/de\/produkte\/kosmetische-inhaltsstoffe\/\">Kosmetische Inhaltsstoffe<\/a><\/p>\n<\/li>\n<li>\n<p><a href=\"\/de\/produkte\/getraenkeindustrie\/\">Getr\u00e4nkeindustrie<\/a><\/p>\n<\/li>\n<li>\n<p><a href=\"\/de\/produkte\/nahrungsmittelindustrie\/\">Nahrungsmittelindustrie<\/a><\/p>\n<\/li>\n<\/ul>\n<div>\n<p>Wir haben Erfolg bei der Herstellung von wirksamen und standardisierten Muttertinkturen durch den Einsatz von einheitlich angebauten Pflanzen gem\u00e4\u00df den Good Agricultural and Collection Practices (GACP), sowohl von frischen als auch von getrockneten Pflanzenteilen, und unter Verwendung bew\u00e4hrter pharmazeutischer Methoden. In vielen F\u00e4llen verlassen wir uns auf das Hom\u00f6opathische Arzneibuch (HAB), <br \/>das Teil des deutschen Arzneibuchs ist. Unsere Tinkturen haben eine ausgezeichnete Haltbarkeit von zwei bis f\u00fcnf Jahren, dank ihres hohen Alkoholgehalts, der zwischen 32% und 90% variiert. Der Ethylalkohol, den Biosfeer Groede verwendet, stammt aus biologischem Roggenanbau und ist sowohl bio-zertifiziert als auch pharmazeutischer Qualit\u00e4t, mit einer Konzentration von 96,4% v\/v.<\/p>\n<\/div>\n<ul>\n<li>\n<p>        <img decoding=\"async\" src=\"\/wp-content\/uploads\/2024\/05\/EVM-20230713-0005-L1001863-kopie%E2%95%A0eren-scaled.jpg\" alt=\"\"><\/p>\n<h2>Menschlich<\/h2>\n<p><a href=\"\/de\/produkte\/menschlich\/\"><\/a><\/p>\n<\/li>\n<li>\n<p>        <img decoding=\"async\" src=\"\/wp-content\/uploads\/2024\/05\/EVM-20230713-0009-L1140162-kopie%E2%95%A0eren-scaled.jpg\" alt=\"\"><\/p>\n<h2>Veterin\u00e4rmedizin<\/h2>\n<p><a href=\"\/de\/produkte\/veterinaermedizin\/\"><\/a><\/p>\n<\/li>\n<li>\n<p>        <img decoding=\"async\" src=\"\/wp-content\/uploads\/2024\/05\/EVM-20230713-0039-L1001918-kopie%E2%95%A0eren-scaled.jpg\" alt=\"\"><\/p>\n<h2>Kosmetik<\/h2>\n<p><a href=\"\/de\/produkte\/kosmetische-inhaltsstoffe\/\"><\/a><\/p>\n<\/li>\n<li>\n<p>        <img decoding=\"async\" src=\"\/wp-content\/uploads\/2023\/11\/banner-lab-scaled.webp\" alt=\"\"><\/p>\n<h2>Getr\u00e4nke<\/h2>\n<p><a href=\"\/de\/produkte\/getraenkeindustrie\/\"><\/a><\/p>\n<\/li>\n<li>\n<p>        <img decoding=\"async\" src=\"\/wp-content\/uploads\/2024\/05\/EVM-20230713-0202-L1140611-kopie%E2%95%A0eren-scaled.jpg\" alt=\"\"><\/p>\n<h2>Ern\u00e4hrung<\/h2>\n<p><a href=\"\/de\/produkte\/nahrungsmittelindustrie\/\"><\/a><\/p>\n<\/li>\n<\/ul>\n<p><img decoding=\"async\" src=\"\/wp-content\/uploads\/2024\/05\/EVM-20230713-0178-L1140534-kopie%E2%95%A0eren-scaled.jpg\" alt=\"\"><\/p>\n<p><!--more--><br \/>\n<!-- {\"type\":\"layout\",\"children\":[{\"name\":\"Tincturen\",\"type\":\"section\",\"props\":{\"animation\":\"slide-left-medium\",\"animation_delay\":false,\"css\":\".el-section{\\n    background: rgb(236,236,236);\\nbackground: -moz-linear-gradient(180deg, rgba(236,236,236,1) 0%, rgba(255,255,255,1) 58%);\\nbackground: -webkit-linear-gradient(180deg, rgba(236,236,236,1) 0%, rgba(255,255,255,1) 58%);\\nbackground: linear-gradient(180deg, rgba(236,236,236,1) 0%, rgba(255,255,255,1) 58%);\\nfilter: progid:DXImageTransform.Microsoft.gradient(startColorstr=\\\"#ececec\\\",endColorstr=\\\"#ffffff\\\",GradientType=1);\\n}\",\"image_position\":\"center-center\",\"padding_remove_bottom\":false,\"padding_remove_top\":false,\"style\":\"default\",\"title_breakpoint\":\"xl\",\"title_position\":\"top-left\",\"title_rotation\":\"left\",\"vertical_align\":\"middle\",\"width\":\"large\"},\"children\":[{\"type\":\"row\",\"props\":{\"column_gap\":\"large\",\"divider\":false,\"layout\":\"2-3,1-3\",\"margin\":\"large\",\"margin_remove_bottom\":false,\"row_gap\":\"large\",\"vertical_align\":true},\"children\":[{\"type\":\"column\",\"props\":{\"image_position\":\"center-center\",\"position_sticky_breakpoint\":\"m\",\"width_medium\":\"2-3\"},\"children\":[{\"type\":\"headline\",\"props\":{\"content\":\"Produkte\",\"margin_remove_bottom\":true,\"title_color\":\"primary\",\"title_element\":\"h1\"}},{\"type\":\"headline\",\"props\":{\"content\":\"Wir haben das gr\\u00f6\\u00dfte Sortiment in Europa; biologisch & zertifiziert\",\"margin\":\"medium\",\"margin_remove_top\":true,\"maxwidth\":\"xlarge\",\"text_align_breakpoint\":\"m\",\"text_align_fallback\":\"center\",\"title_element\":\"h2\"}},{\"type\":\"list\",\"props\":{\"column_breakpoint\":\"m\",\"content_style\":\"h5\",\"icon\":\"arrow-right\",\"icon_width\":\"20\",\"image_align\":\"left\",\"image_border\":\"circle\",\"image_height\":\"170\",\"image_svg_color\":\"emphasis\",\"image_vertical_align\":true,\"image_width\":\"170\",\"list_element\":\"ul\",\"list_horizontal_separator\":\", \",\"list_type\":\"vertical\",\"margin\":\"medium\",\"show_image\":true,\"show_link\":true,\"visibility\":\"hidden-s\"},\"children\":[{\"type\":\"list_item\",\"props\":{\"content\":\"Menschlich\",\"image\":\"\",\"link\":\"\\\/de\\\/produkte\\\/menschlich\\\/\"}},{\"type\":\"list_item\",\"props\":{\"content\":\"Veterin\\u00e4rmedizin\",\"image\":\"\",\"image_focal_point\":\"center-right\",\"link\":\"\\\/de\\\/produkte\\\/veterinaermedizin\\\/\"}},{\"type\":\"list_item\",\"props\":{\"content\":\"Kosmetische Inhaltsstoffe\",\"image\":\"\",\"link\":\"\\\/de\\\/produkte\\\/kosmetische-inhaltsstoffe\\\/\"}},{\"type\":\"list_item\",\"props\":{\"content\":\"Getr\\u00e4nkeindustrie\",\"image\":\"\",\"link\":\"\\\/de\\\/produkte\\\/getraenkeindustrie\\\/\"}},{\"type\":\"list_item\",\"props\":{\"content\":\"Nahrungsmittelindustrie\",\"image\":\"\",\"link\":\"\\\/de\\\/produkte\\\/nahrungsmittelindustrie\\\/\"}}]},{\"type\":\"text\",\"props\":{\"column\":\"1-2\",\"column_breakpoint\":\"l\",\"content\":\"\n\n<p>Wir haben Erfolg bei der Herstellung von wirksamen und standardisierten Muttertinkturen durch den Einsatz von einheitlich angebauten Pflanzen gem\\u00e4\\u00df den Good Agricultural and Collection Practices (GACP), sowohl von frischen als auch von getrockneten Pflanzenteilen, und unter Verwendung bew\\u00e4hrter pharmazeutischer Methoden. In vielen F\\u00e4llen verlassen wir uns auf das Hom\\u00f6opathische Arzneibuch (HAB), <br \\\/>das Teil des deutschen Arzneibuchs ist. Unsere Tinkturen haben eine ausgezeichnete Haltbarkeit von zwei bis f\\u00fcnf Jahren, dank ihres hohen Alkoholgehalts, der zwischen 32% und 90% variiert. Der Ethylalkohol, den Biosfeer Groede verwendet, stammt aus biologischem Roggenanbau und ist sowohl bio-zertifiziert als auch pharmazeutischer Qualit\\u00e4t, mit einer Konzentration von 96,4% v\\\/v.<\\\/p>\",\"margin\":\"default\"}},{\"type\":\"grid\",\"props\":{\"container_padding_remove\":false,\"content_column_breakpoint\":\"m\",\"filter_align\":\"left\",\"filter_all\":true,\"filter_grid_breakpoint\":\"m\",\"filter_grid_width\":\"auto\",\"filter_position\":\"top\",\"filter_style\":\"tab\",\"grid_column_align\":true,\"grid_default\":\"2\",\"grid_medium\":\"\",\"grid_small\":\"5\",\"icon_width\":80,\"image_align\":\"top\",\"image_border\":\"circle\",\"image_grid_breakpoint\":\"m\",\"image_grid_width\":\"1-2\",\"image_height\":\"170\",\"image_link\":true,\"image_margin\":\"remove\",\"image_svg_color\":\"emphasis\",\"image_transition\":\"scale-up\",\"image_width\":\"170\",\"item_animation\":true,\"link_style\":\"default\",\"link_text\":\"\",\"margin\":\"medium\",\"meta_align\":\"below-title\",\"meta_color\":\"muted\",\"meta_element\":\"div\",\"meta_margin\":\"remove\",\"meta_style\":\"\",\"parallax_easing\":\"1\",\"show_content\":true,\"show_image\":true,\"show_link\":true,\"show_meta\":true,\"show_title\":true,\"text_align\":\"center\",\"title_align\":\"top\",\"title_color\":\"secondary\",\"title_element\":\"h2\",\"title_grid_breakpoint\":\"m\",\"title_grid_width\":\"1-2\",\"title_hover_style\":\"reset\",\"title_link\":true,\"title_margin\":\"small\",\"title_style\":\"h5\",\"visibility\":\"s\"},\"children\":[{\"type\":\"grid_item\",\"props\":{\"image\":\"wp-content\\\/uploads\\\/2024\\\/05\\\/EVM-20230713-0005-L1001863-kopie\\u2560eren-scaled.jpg\",\"link\":\"\\\/de\\\/produkte\\\/menschlich\\\/\",\"meta\":\"\",\"title\":\"Menschlich\"}},{\"type\":\"grid_item\",\"props\":{\"image\":\"wp-content\\\/uploads\\\/2024\\\/05\\\/EVM-20230713-0009-L1140162-kopie\\u2560eren-scaled.jpg\",\"image_focal_point\":\"center-right\",\"link\":\"\\\/de\\\/produkte\\\/veterinaermedizin\\\/\",\"meta\":\"\",\"title\":\"Veterin\\u00e4rmedizin\"}},{\"type\":\"grid_item\",\"props\":{\"image\":\"wp-content\\\/uploads\\\/2024\\\/05\\\/EVM-20230713-0039-L1001918-kopie\\u2560eren-scaled.jpg\",\"link\":\"\\\/de\\\/produkte\\\/kosmetische-inhaltsstoffe\\\/\",\"meta\":\"\",\"title\":\"Kosmetik\"}},{\"type\":\"grid_item\",\"props\":{\"image\":\"wp-content\\\/uploads\\\/2023\\\/11\\\/banner-lab-scaled.webp\",\"link\":\"\\\/de\\\/produkte\\\/getraenkeindustrie\\\/\",\"title\":\"Getr\\u00e4nke\"}},{\"type\":\"grid_item\",\"props\":{\"image\":\"wp-content\\\/uploads\\\/2024\\\/05\\\/EVM-20230713-0202-L1140611-kopie\\u2560eren-scaled.jpg\",\"link\":\"\\\/de\\\/produkte\\\/nahrungsmittelindustrie\\\/\",\"title\":\"Ern\\u00e4hrung\"}}]}]},{\"type\":\"column\",\"props\":{\"image_position\":\"center-center\",\"position_sticky_breakpoint\":\"m\",\"vertical_align\":\"bottom\",\"width_medium\":\"1-3\"},\"children\":[{\"type\":\"image\",\"props\":{\"image\":\"wp-content\\\/uploads\\\/2024\\\/05\\\/EVM-20230713-0178-L1140534-kopie\\u2560eren-scaled.jpg\",\"image_height\":\"1700\",\"image_svg_color\":\"emphasis\",\"image_width\":\"1200\",\"margin\":\"default\"}}]}]}]}],\"version\":\"4.2.1\"} --><\/p>\n","protected":false},"excerpt":{"rendered":"<p>Produkte Wir haben das gr\u00f6\u00dfte Sortiment in Europa; biologisch &#038; zertifiziert Menschlich Veterin\u00e4rmedizin Kosmetische Inhaltsstoffe Getr\u00e4nkeindustrie Nahrungsmittelindustrie Wir haben Erfolg bei der Herstellung von wirksamen und standardisierten Muttertinkturen durch den Einsatz von einheitlich angebauten Pflanzen gem\u00e4\u00df den Good Agricultural and Collection Practices (GACP), sowohl von frischen als auch von getrockneten Pflanzenteilen, und unter Verwendung bew\u00e4hrter [&hellip;]<\/p>\n","protected":false},"author":1,"featured_media":0,"parent":0,"menu_order":0,"comment_status":"closed","ping_status":"closed","template":"","meta":{"footnotes":""},"class_list":["post-1151","page","type-page","status-publish","hentry"],"yoast_head":"<!-- This site is optimized with the Yoast SEO plugin v27.5 - https:\/\/yoast.com\/product\/yoast-seo-wordpress\/ -->\n<title>Produkte - Biosfeer Groede<\/title>\n<meta name=\"robots\" content=\"index, follow, max-snippet:-1, max-image-preview:large, max-video-preview:-1\" \/>\n<link rel=\"canonical\" href=\"https:\/\/biosfeer-groede.com\/de\/produkte\/\" \/>\n<meta property=\"og:locale\" content=\"de_DE\" \/>\n<meta property=\"og:type\" content=\"article\" \/>\n<meta property=\"og:title\" content=\"Produkte - Biosfeer Groede\" \/>\n<meta property=\"og:description\" content=\"Produkte Wir haben das gr\u00f6\u00dfte Sortiment in Europa; biologisch &#038; zertifiziert Menschlich Veterin\u00e4rmedizin Kosmetische Inhaltsstoffe Getr\u00e4nkeindustrie Nahrungsmittelindustrie Wir haben Erfolg bei der Herstellung von wirksamen und standardisierten Muttertinkturen durch den Einsatz von einheitlich angebauten Pflanzen gem\u00e4\u00df den Good Agricultural and Collection Practices (GACP), sowohl von frischen als auch von getrockneten Pflanzenteilen, und unter Verwendung bew\u00e4hrter [&hellip;]\" \/>\n<meta property=\"og:url\" content=\"https:\/\/biosfeer-groede.com\/de\/produkte\/\" \/>\n<meta property=\"og:site_name\" content=\"Biosfeer Groede\" \/>\n<meta property=\"article:modified_time\" content=\"2024-06-12T12:57:02+00:00\" \/>\n<meta name=\"twitter:card\" content=\"summary_large_image\" \/>\n<meta name=\"twitter:label1\" content=\"Gesch\u00e4tzte Lesezeit\" \/>\n\t<meta name=\"twitter:data1\" content=\"1\u00a0Minute\" \/>\n<script type=\"application\/ld+json\" class=\"yoast-schema-graph\">{\"@context\":\"https:\\\/\\\/schema.org\",\"@graph\":[{\"@type\":\"WebPage\",\"@id\":\"https:\\\/\\\/biosfeer-groede.com\\\/de\\\/produkte\\\/\",\"url\":\"https:\\\/\\\/biosfeer-groede.com\\\/de\\\/produkte\\\/\",\"name\":\"Produkte - Biosfeer Groede\",\"isPartOf\":{\"@id\":\"https:\\\/\\\/biosfeer-groede.com\\\/#website\"},\"datePublished\":\"2023-10-18T14:50:38+00:00\",\"dateModified\":\"2024-06-12T12:57:02+00:00\",\"breadcrumb\":{\"@id\":\"https:\\\/\\\/biosfeer-groede.com\\\/de\\\/produkte\\\/#breadcrumb\"},\"inLanguage\":\"de\",\"potentialAction\":[{\"@type\":\"ReadAction\",\"target\":[\"https:\\\/\\\/biosfeer-groede.com\\\/de\\\/produkte\\\/\"]}]},{\"@type\":\"BreadcrumbList\",\"@id\":\"https:\\\/\\\/biosfeer-groede.com\\\/de\\\/produkte\\\/#breadcrumb\",\"itemListElement\":[{\"@type\":\"ListItem\",\"position\":1,\"name\":\"Home\",\"item\":\"https:\\\/\\\/biosfeer-groede.com\\\/de\\\/\"},{\"@type\":\"ListItem\",\"position\":2,\"name\":\"Produkte\"}]},{\"@type\":\"WebSite\",\"@id\":\"https:\\\/\\\/biosfeer-groede.com\\\/#website\",\"url\":\"https:\\\/\\\/biosfeer-groede.com\\\/\",\"name\":\"Biosfeer Groede\",\"description\":\"\",\"publisher\":{\"@id\":\"https:\\\/\\\/biosfeer-groede.com\\\/#organization\"},\"potentialAction\":[{\"@type\":\"SearchAction\",\"target\":{\"@type\":\"EntryPoint\",\"urlTemplate\":\"https:\\\/\\\/biosfeer-groede.com\\\/?s={search_term_string}\"},\"query-input\":{\"@type\":\"PropertyValueSpecification\",\"valueRequired\":true,\"valueName\":\"search_term_string\"}}],\"inLanguage\":\"de\"},{\"@type\":\"Organization\",\"@id\":\"https:\\\/\\\/biosfeer-groede.com\\\/#organization\",\"name\":\"Biosfeer Groede\",\"url\":\"https:\\\/\\\/biosfeer-groede.com\\\/\",\"logo\":{\"@type\":\"ImageObject\",\"inLanguage\":\"de\",\"@id\":\"https:\\\/\\\/biosfeer-groede.com\\\/#\\\/schema\\\/logo\\\/image\\\/\",\"url\":\"https:\\\/\\\/nieuw.biosfeer-groede.com\\\/wp-content\\\/uploads\\\/2023\\\/10\\\/biosfeer-logo.svg\",\"contentUrl\":\"https:\\\/\\\/nieuw.biosfeer-groede.com\\\/wp-content\\\/uploads\\\/2023\\\/10\\\/biosfeer-logo.svg\",\"width\":1,\"height\":1,\"caption\":\"Biosfeer Groede\"},\"image\":{\"@id\":\"https:\\\/\\\/biosfeer-groede.com\\\/#\\\/schema\\\/logo\\\/image\\\/\"}}]}<\/script>\n<!-- \/ Yoast SEO plugin. -->","yoast_head_json":{"title":"Produkte - Biosfeer Groede","robots":{"index":"index","follow":"follow","max-snippet":"max-snippet:-1","max-image-preview":"max-image-preview:large","max-video-preview":"max-video-preview:-1"},"canonical":"https:\/\/biosfeer-groede.com\/de\/produkte\/","og_locale":"de_DE","og_type":"article","og_title":"Produkte - Biosfeer Groede","og_description":"Produkte Wir haben das gr\u00f6\u00dfte Sortiment in Europa; biologisch &#038; zertifiziert Menschlich Veterin\u00e4rmedizin Kosmetische Inhaltsstoffe Getr\u00e4nkeindustrie Nahrungsmittelindustrie Wir haben Erfolg bei der Herstellung von wirksamen und standardisierten Muttertinkturen durch den Einsatz von einheitlich angebauten Pflanzen gem\u00e4\u00df den Good Agricultural and Collection Practices (GACP), sowohl von frischen als auch von getrockneten Pflanzenteilen, und unter Verwendung bew\u00e4hrter [&hellip;]","og_url":"https:\/\/biosfeer-groede.com\/de\/produkte\/","og_site_name":"Biosfeer Groede","article_modified_time":"2024-06-12T12:57:02+00:00","twitter_card":"summary_large_image","twitter_misc":{"Gesch\u00e4tzte Lesezeit":"1\u00a0Minute"},"schema":{"@context":"https:\/\/schema.org","@graph":[{"@type":"WebPage","@id":"https:\/\/biosfeer-groede.com\/de\/produkte\/","url":"https:\/\/biosfeer-groede.com\/de\/produkte\/","name":"Produkte - Biosfeer Groede","isPartOf":{"@id":"https:\/\/biosfeer-groede.com\/#website"},"datePublished":"2023-10-18T14:50:38+00:00","dateModified":"2024-06-12T12:57:02+00:00","breadcrumb":{"@id":"https:\/\/biosfeer-groede.com\/de\/produkte\/#breadcrumb"},"inLanguage":"de","potentialAction":[{"@type":"ReadAction","target":["https:\/\/biosfeer-groede.com\/de\/produkte\/"]}]},{"@type":"BreadcrumbList","@id":"https:\/\/biosfeer-groede.com\/de\/produkte\/#breadcrumb","itemListElement":[{"@type":"ListItem","position":1,"name":"Home","item":"https:\/\/biosfeer-groede.com\/de\/"},{"@type":"ListItem","position":2,"name":"Produkte"}]},{"@type":"WebSite","@id":"https:\/\/biosfeer-groede.com\/#website","url":"https:\/\/biosfeer-groede.com\/","name":"Biosfeer Groede","description":"","publisher":{"@id":"https:\/\/biosfeer-groede.com\/#organization"},"potentialAction":[{"@type":"SearchAction","target":{"@type":"EntryPoint","urlTemplate":"https:\/\/biosfeer-groede.com\/?s={search_term_string}"},"query-input":{"@type":"PropertyValueSpecification","valueRequired":true,"valueName":"search_term_string"}}],"inLanguage":"de"},{"@type":"Organization","@id":"https:\/\/biosfeer-groede.com\/#organization","name":"Biosfeer Groede","url":"https:\/\/biosfeer-groede.com\/","logo":{"@type":"ImageObject","inLanguage":"de","@id":"https:\/\/biosfeer-groede.com\/#\/schema\/logo\/image\/","url":"https:\/\/nieuw.biosfeer-groede.com\/wp-content\/uploads\/2023\/10\/biosfeer-logo.svg","contentUrl":"https:\/\/nieuw.biosfeer-groede.com\/wp-content\/uploads\/2023\/10\/biosfeer-logo.svg","width":1,"height":1,"caption":"Biosfeer Groede"},"image":{"@id":"https:\/\/biosfeer-groede.com\/#\/schema\/logo\/image\/"}}]}},"_links":{"self":[{"href":"https:\/\/biosfeer-groede.com\/de\/wp-json\/wp\/v2\/pages\/1151","targetHints":{"allow":["GET"]}}],"collection":[{"href":"https:\/\/biosfeer-groede.com\/de\/wp-json\/wp\/v2\/pages"}],"about":[{"href":"https:\/\/biosfeer-groede.com\/de\/wp-json\/wp\/v2\/types\/page"}],"author":[{"embeddable":true,"href":"https:\/\/biosfeer-groede.com\/de\/wp-json\/wp\/v2\/users\/1"}],"replies":[{"embeddable":true,"href":"https:\/\/biosfeer-groede.com\/de\/wp-json\/wp\/v2\/comments?post=1151"}],"version-history":[{"count":4,"href":"https:\/\/biosfeer-groede.com\/de\/wp-json\/wp\/v2\/pages\/1151\/revisions"}],"predecessor-version":[{"id":1352,"href":"https:\/\/biosfeer-groede.com\/de\/wp-json\/wp\/v2\/pages\/1151\/revisions\/1352"}],"wp:attachment":[{"href":"https:\/\/biosfeer-groede.com\/de\/wp-json\/wp\/v2\/media?parent=1151"}],"curies":[{"name":"wp","href":"https:\/\/api.w.org\/{rel}","templated":true}]}}