{"id":1141,"date":"2023-10-24T09:11:48","date_gmt":"2023-10-24T09:11:48","guid":{"rendered":"https:\/\/nieuw.biosfeer-groede.com\/onze-boerderij\/"},"modified":"2024-06-20T10:15:05","modified_gmt":"2024-06-20T10:15:05","slug":"kraeuterhof","status":"publish","type":"page","link":"https:\/\/biosfeer-groede.com\/de\/kraeuterhof\/","title":{"rendered":"Kr\u00e4uterhof"},"content":{"rendered":"<h1>Kr\u00e4uterhof<\/h1>\n<h2>Nachhaltigkeit und Qualit\u00e4t: Das Herzst\u00fcck unseres Hofes<\/h2>\n<div>\n<p>Der 7 Hektar gro\u00dfe Kr\u00e4uterhof \u201cBiosfeer\u201d in Groede (in der niederl\u00e4ndischen Provinz Zeeland) eignet sich hervorragend f\u00fcr den Anbau von Arzneipflanzen. Schwerer Tonboden verringert den Unkrautdruck im Sommer und f\u00fchrt auch in trockenen Perioden Wasser von dem gro\u00dfen Reservoir an Quellwasser, das sich unter dem gesamten Gel\u00e4nde befindet, zu. F\u00fcr niederl\u00e4ndische Verh\u00e4ltnisse gibt es sehr viele Sonnenstunden, regelm\u00e4\u00dfige Regenschauer und wenig Extremwetter. Der Kr\u00e4uterhof liegt in einem sehr sauberen Gebiet im S\u00fcdwesten der Provinz Zeeland und damit in der am d\u00fcnnsten besiedelten Region der Niederlande. Unsere Permakultur-Arbeitsweise kommt in der Einrichtung und den \u00f6kologisch ausgerichteten Gesch\u00e4ftsprozessen des Kr\u00e4uterhofs in Groede zum Ausdruck: Die Felder und der Hof im Umkreis des Wohnhauses werden ohne Bek\u00e4mpfungsmittel bewirtschaftet. Die Geb\u00e4ude, einschlie\u00dflich der Wohnr\u00e4ume, wurden nachhaltig gebaut: Holz- anstatt Betonbau, kein tropisches Holz, Farbe auf Lein\u00f6lbasis, maximale D\u00e4mmung mit Mineralwolle und landwirtschaftlichen Nebenprodukten unter \u2013 nach M\u00f6glichkeit \u2013 Wiederverwertung von Baumaterialien. Die Reinigung erfolgt mit nat\u00fcrlichen Mitteln, wie biologischem Alkohol.<\/p>\n<\/div>\n<p>\n    <a href=\"\/de\/kontakt\">Kontakt<\/a>\n<\/p>\n<div>\n<p>        <img decoding=\"async\" src=\"\/wp-content\/uploads\/2024\/05\/EVM-20230713-0004-DJI_0214-kopie%E2%95%A0eren-scaled.jpg\" alt=\"\"><\/p>\n<\/div>\n<div>\n<div class=\"et_pb_column et_pb_column_1_2 et_pb_column_6  et_pb_css_mix_blend_mode_passthrough\">\n<div class=\"et_pb_module et_pb_text et_pb_text_3  et_pb_text_align_left et_pb_bg_layout_light\">\n<div class=\"et_pb_text_inner\">\n<p><span>Sonnenzellen in Form von 80 W\u00e4rmerohren dienen zur (Zusatz-)Heizung der Scheune und des Labors zur Verarbeitung der Ernten. Der Kr\u00e4utertrockner bezieht Warmluft \u00fcber das dementsprechend angepasste 500 m<\/span><sup>2<span>\u00a0<\/span><\/sup><span>gro\u00dfe Stahlplattendach des Labors und des Lagerdepots. Ein separates Auffang- und Leitungssystem f\u00fcr Regenwasser liefert Wasser f\u00fcr Zwecke, die kein Trinkwasser erfordern (Waschmaschine, Geschirrsp\u00fclmaschine, Toilette etc.). <\/span><\/p>\n<p><span>Die Abwasseraufbereitung erfolgt mithilfe eines Flie\u00dfbetts mit Rohrpflanzen (IBA3, mit Helophytenfilter). Die Bearbeitung des Bodens erfolgt mit der Hand und m\u00f6glichst leichten modernen Ger\u00e4ten und Werkzeugen. Zur Vereinfachung der Unkrautbek\u00e4mpfung und um dem Auslaugen des Bodens vorzubeugen, pflanzen wir mit einem gro\u00dfen Pflanzabstand in festen Beeten. Au\u00dfer etwas Kalk und zertifiziertem, eigenem Kompost ist keine D\u00fcngung erforderlich und erfolgt dementsprechend auch nicht.<\/span><\/p>\n<\/div>\n<\/div>\n<\/div>\n<\/div>\n<ul>\n<li>\n<p>        <img decoding=\"async\" src=\"\/wp-content\/uploads\/2024\/05\/EVM-20230713-0015-L1001878-kopie%E2%95%A0eren-scaled.jpg\" alt=\"\"><\/p>\n<\/li>\n<li>\n<p>        <img decoding=\"async\" src=\"\/wp-content\/uploads\/2024\/05\/EVM-20230713-0038-L1140227-kopie%E2%95%A0eren-scaled.jpg\" alt=\"\"><\/p>\n<\/li>\n<\/ul>\n<div>\n<p>Wir streben danach, einen maximalen Beitrag zur Landschaft und Umgebung zu leisten. Die Permakultur besteht aus vielen B\u00e4umen, Str\u00e4uchern, niederen Pflanzen, Kr\u00e4utern und Gr\u00e4sern, die allesamt in der Produktion genutzt werden. Wir schaffen eine Umgebung, in der Harmonie zwischen Mikroorganismen, Insekten, V\u00f6geln und Kleinwild herrscht. Bekannt ist unser \u201eHasenrestaurant\u201d. Dort stellen wir Kr\u00e4uter au\u00dferhalb unserer Anbaufelder bereit, damit sich V\u00f6gel und Hasen nicht an unserer Ernte zu vergreifen brauchen.<\/p>\n<p>Biosfeer Groede erzeugt und verarbeitet Arznei- und Aromapflanzen auf gesunde Weise und mit gesundem Verstand. Wir spezialisieren uns auf innovative, biologische und kleinstrukturierte Landwirtschaft und verarbeiten unsere gesamte Ernte selbst. Wir betreiben eine biologische, nachhaltige (Perma-)Kultur ohne von au\u00dferhalb zugef\u00fchrte D\u00fcngemittel und ohne den Einsatz von Pflanzenschutzmitteln. Unsere Produkte werden mit dem Ziel eines m\u00f6glichst hohen Gehalts an kostbaren aktiven Wirkstoffen und eines optimalen Geschmacks gez\u00fcchtet und angebaut.<\/p>\n<\/div>\n<p>\n    <a href=\"\/de\/kontakt\">Kontakt<\/a>\n<\/p>\n<p><img decoding=\"async\" src=\"\/wp-content\/uploads\/2024\/05\/EVM-20230713-0005-L1001863-kopie%E2%95%A0eren-1-scaled.jpg\" alt=\"\"><\/p>\n<p><!--more--><br \/>\n<!-- {\"type\":\"layout\",\"children\":[{\"name\":\"Tincturen\",\"type\":\"section\",\"props\":{\"animation\":\"slide-left-medium\",\"animation_delay\":false,\"image_position\":\"center-center\",\"padding_remove_bottom\":false,\"padding_remove_top\":false,\"style\":\"muted\",\"title_breakpoint\":\"xl\",\"title_position\":\"top-left\",\"title_rotation\":\"left\",\"vertical_align\":\"\",\"width\":\"large\"},\"children\":[{\"type\":\"row\",\"children\":[{\"type\":\"column\",\"props\":{\"image_position\":\"center-center\",\"position_sticky_breakpoint\":\"m\"},\"children\":[{\"type\":\"headline\",\"props\":{\"content\":\"Kr\\u00e4uterhof\",\"margin_remove_bottom\":true,\"title_color\":\"primary\",\"title_element\":\"h1\"}}]}]},{\"type\":\"row\",\"props\":{\"column_gap\":\"large\",\"divider\":false,\"layout\":\"1-2,1-2\",\"margin\":\"small\",\"margin_remove_bottom\":false,\"margin_remove_top\":true,\"row_gap\":\"large\",\"vertical_align\":true},\"children\":[{\"type\":\"column\",\"props\":{\"image_position\":\"center-center\",\"position_sticky_breakpoint\":\"m\",\"width_medium\":\"1-2\"},\"children\":[{\"type\":\"headline\",\"props\":{\"content\":\"Nachhaltigkeit und Qualit\\u00e4t: Das Herzst\\u00fcck unseres Hofes\",\"margin_remove_top\":true,\"title_element\":\"h2\"}},{\"type\":\"text\",\"props\":{\"column_breakpoint\":\"l\",\"content\":\"\n\n<p>Der 7 Hektar gro\\u00dfe Kr\\u00e4uterhof \\u201cBiosfeer\\u201d in Groede (in der niederl\\u00e4ndischen Provinz Zeeland) eignet sich hervorragend f\\u00fcr den Anbau von Arzneipflanzen. Schwerer Tonboden verringert den Unkrautdruck im Sommer und f\\u00fchrt auch in trockenen Perioden Wasser von dem gro\\u00dfen Reservoir an Quellwasser, das sich unter dem gesamten Gel\\u00e4nde befindet, zu. F\\u00fcr niederl\\u00e4ndische Verh\\u00e4ltnisse gibt es sehr viele Sonnenstunden, regelm\\u00e4\\u00dfige Regenschauer und wenig Extremwetter. Der Kr\\u00e4uterhof liegt in einem sehr sauberen Gebiet im S\\u00fcdwesten der Provinz Zeeland und damit in der am d\\u00fcnnsten besiedelten Region der Niederlande. Unsere Permakultur-Arbeitsweise kommt in der Einrichtung und den \\u00f6kologisch ausgerichteten Gesch\\u00e4ftsprozessen des Kr\\u00e4uterhofs in Groede zum Ausdruck: Die Felder und der Hof im Umkreis des Wohnhauses werden ohne Bek\\u00e4mpfungsmittel bewirtschaftet. Die Geb\\u00e4ude, einschlie\\u00dflich der Wohnr\\u00e4ume, wurden nachhaltig gebaut: Holz- anstatt Betonbau, kein tropisches Holz, Farbe auf Lein\\u00f6lbasis, maximale D\\u00e4mmung mit Mineralwolle und landwirtschaftlichen Nebenprodukten unter \\u2013 nach M\\u00f6glichkeit \\u2013 Wiederverwertung von Baumaterialien. Die Reinigung erfolgt mit nat\\u00fcrlichen Mitteln, wie biologischem Alkohol.<\\\/p>\",\"margin\":\"default\"}},{\"type\":\"button\",\"props\":{\"grid_column_gap\":\"small\",\"grid_row_gap\":\"small\",\"margin\":\"default\"},\"children\":[{\"type\":\"button_item\",\"props\":{\"button_style\":\"secondary\",\"content\":\"Kontakt\",\"icon_align\":\"left\",\"link\":\"\\\/de\\\/kontakt\"}}]}]},{\"type\":\"column\",\"props\":{\"image_position\":\"center-center\",\"position_sticky_breakpoint\":\"m\",\"width_medium\":\"1-2\"},\"children\":[{\"type\":\"overlay\",\"props\":{\"image\":\"wp-content\\\/uploads\\\/2024\\\/05\\\/EVM-20230713-0004-DJI_0214-kopie\\u2560eren-scaled.jpg\",\"image_height\":\"580\",\"image_transition\":\"scale-up\",\"image_width\":\"800\",\"link_style\":\"default\",\"link_text\":\"Read more\",\"margin\":\"default\",\"meta_align\":\"below-title\",\"meta_element\":\"div\",\"meta_style\":\"text-meta\",\"overlay_hover\":true,\"overlay_mode\":\"cover\",\"overlay_position\":\"center\",\"overlay_style\":\"\",\"overlay_transition\":\"fade\",\"text_align\":\"center\",\"text_color\":\"light\",\"title_element\":\"h3\",\"title_hover_style\":\"reset\"}}]}]}]},{\"name\":\"Simplex\\\/complex\",\"type\":\"section\",\"props\":{\"animation\":\"slide-right-medium\",\"css\":\".el-section {\\n \\tpadding-bottom: 50px;   \\n}\",\"image\":\"wp-content\\\/uploads\\\/home-residences-bg.svg\",\"image_effect\":\"parallax\",\"image_height\":\"680\",\"image_parallax_bgy\":\"100,100\",\"image_parallax_easing\":\"1\",\"image_position\":\"top-left\",\"image_size\":\"contain\",\"image_width\":\"2000\",\"media_visibility\":\"m\",\"padding\":\"xlarge\",\"padding_remove_bottom\":true,\"padding_remove_top\":false,\"style\":\"default\",\"title_breakpoint\":\"xl\",\"title_position\":\"top-left\",\"title_rotation\":\"left\",\"vertical_align\":\"\",\"width\":\"large\"},\"children\":[{\"type\":\"row\",\"props\":{\"column_gap\":\"large\",\"layout\":\"1-3,2-3\",\"margin\":\"xlarge\",\"row_gap\":\"large\"},\"children\":[{\"type\":\"column\",\"props\":{\"image_position\":\"top-left\",\"media_visibility\":\"s\",\"padding\":\"none\",\"position_sticky_breakpoint\":\"m\",\"width_medium\":\"1-3\"},\"children\":[{\"type\":\"text\",\"props\":{\"column_breakpoint\":\"m\",\"content\":\"\n\n<div class=\\\"et_pb_column et_pb_column_1_2 et_pb_column_6  et_pb_css_mix_blend_mode_passthrough\\\">\\n\n\n<div class=\\\"et_pb_module et_pb_text et_pb_text_3  et_pb_text_align_left et_pb_bg_layout_light\\\">\\n\n\n<div class=\\\"et_pb_text_inner\\\">\\n\n\n<p><span>Sonnenzellen in Form von 80 W\\u00e4rmerohren dienen zur (Zusatz-)Heizung der Scheune und des Labors zur Verarbeitung der Ernten. Der Kr\\u00e4utertrockner bezieht Warmluft \\u00fcber das dementsprechend angepasste 500 m<\\\/span><sup>2<span>\\u00a0<\\\/span><\\\/sup><span>gro\\u00dfe Stahlplattendach des Labors und des Lagerdepots. Ein separates Auffang- und Leitungssystem f\\u00fcr Regenwasser liefert Wasser f\\u00fcr Zwecke, die kein Trinkwasser erfordern (Waschmaschine, Geschirrsp\\u00fclmaschine, Toilette etc.). <\\\/span><\\\/p>\\n\n\n<p><span>Die Abwasseraufbereitung erfolgt mithilfe eines Flie\\u00dfbetts mit Rohrpflanzen (IBA3, mit Helophytenfilter). Die Bearbeitung des Bodens erfolgt mit der Hand und m\\u00f6glichst leichten modernen Ger\\u00e4ten und Werkzeugen. Zur Vereinfachung der Unkrautbek\\u00e4mpfung und um dem Auslaugen des Bodens vorzubeugen, pflanzen wir mit einem gro\\u00dfen Pflanzabstand in festen Beeten. Au\\u00dfer etwas Kalk und zertifiziertem, eigenem Kompost ist keine D\\u00fcngung erforderlich und erfolgt dementsprechend auch nicht.<\\\/span><\\\/p>\\n<\\\/div>\\n<\\\/div>\\n<\\\/div>\",\"margin\":\"default\"}}]},{\"type\":\"column\",\"props\":{\"image_position\":\"center-center\",\"order_first\":\"m\",\"position_sticky_breakpoint\":\"m\",\"width_medium\":\"2-3\"},\"children\":[{\"type\":\"overlay-slider\",\"props\":{\"image_height\":\"850\",\"image_width\":\"640\",\"link_style\":\"default\",\"link_text\":\"\",\"margin\":\"default\",\"meta_align\":\"below-title\",\"meta_element\":\"div\",\"meta_style\":\"text-meta\",\"nav\":\"\",\"nav_align\":\"center\",\"nav_breakpoint\":\"s\",\"overlay_hover\":false,\"overlay_link\":true,\"overlay_mode\":\"cover\",\"overlay_padding\":\"small\",\"overlay_position\":\"bottom-left\",\"overlay_transition\":\"slide-bottom-small\",\"show_content\":true,\"show_hover_image\":true,\"show_hover_video\":true,\"show_link\":true,\"show_meta\":true,\"show_title\":true,\"slidenav\":\"top-right\",\"slidenav_breakpoint\":\"s\",\"slidenav_hover\":false,\"slidenav_large\":false,\"slidenav_margin\":\"medium\",\"slidenav_outside_breakpoint\":\"xl\",\"slider_autoplay\":true,\"slider_autoplay_pause\":true,\"slider_gap\":\"default\",\"slider_width\":\"fixed\",\"slider_width_default\":\"1-1\",\"slider_width_medium\":\"\",\"slider_width_small\":\"1-2\",\"text_align\":\"\",\"text_color\":\"light\",\"title_element\":\"div\",\"title_hover_style\":\"reset\",\"title_style\":\"h5\"},\"children\":[{\"type\":\"overlay-slider_item\",\"props\":{\"image\":\"wp-content\\\/uploads\\\/2024\\\/05\\\/EVM-20230713-0015-L1001878-kopie\\u2560eren-scaled.jpg\",\"title\":\"\"}},{\"type\":\"overlay-slider_item\",\"props\":{\"image\":\"wp-content\\\/uploads\\\/2024\\\/05\\\/EVM-20230713-0038-L1140227-kopie\\u2560eren-scaled.jpg\",\"title\":\"\"}}]}]}]}]},{\"type\":\"section\",\"props\":{\"animation\":\"slide-left-medium\",\"image_position\":\"center-center\",\"style\":\"muted\",\"title_breakpoint\":\"xl\",\"title_position\":\"top-left\",\"title_rotation\":\"left\",\"vertical_align\":\"\",\"width\":\"large\"},\"children\":[{\"type\":\"row\",\"children\":[{\"type\":\"column\",\"props\":{\"image_position\":\"center-center\",\"position_sticky_breakpoint\":\"m\",\"vertical_align\":\"middle\",\"width_medium\":\"2-3\"},\"children\":[{\"type\":\"text\",\"props\":{\"column_breakpoint\":\"m\",\"content\":\"\n\n<p>Wir streben danach, einen maximalen Beitrag zur Landschaft und Umgebung zu leisten. Die Permakultur besteht aus vielen B\\u00e4umen, Str\\u00e4uchern, niederen Pflanzen, Kr\\u00e4utern und Gr\\u00e4sern, die allesamt in der Produktion genutzt werden. Wir schaffen eine Umgebung, in der Harmonie zwischen Mikroorganismen, Insekten, V\\u00f6geln und Kleinwild herrscht. Bekannt ist unser \\u201eHasenrestaurant\\u201d. Dort stellen wir Kr\\u00e4uter au\\u00dferhalb unserer Anbaufelder bereit, damit sich V\\u00f6gel und Hasen nicht an unserer Ernte zu vergreifen brauchen.<\\\/p>\\n\n\n<p>Biosfeer Groede erzeugt und verarbeitet Arznei- und Aromapflanzen auf gesunde Weise und mit gesundem Verstand. Wir spezialisieren uns auf innovative, biologische und kleinstrukturierte Landwirtschaft und verarbeiten unsere gesamte Ernte selbst. Wir betreiben eine biologische, nachhaltige (Perma-)Kultur ohne von au\\u00dferhalb zugef\\u00fchrte D\\u00fcngemittel und ohne den Einsatz von Pflanzenschutzmitteln. Unsere Produkte werden mit dem Ziel eines m\\u00f6glichst hohen Gehalts an kostbaren aktiven Wirkstoffen und eines optimalen Geschmacks gez\\u00fcchtet und angebaut.<\\\/p>\",\"margin\":\"default\"}},{\"type\":\"button\",\"props\":{\"grid_column_gap\":\"small\",\"grid_row_gap\":\"small\",\"margin\":\"default\"},\"children\":[{\"type\":\"button_item\",\"props\":{\"button_style\":\"secondary\",\"content\":\"Kontakt\",\"icon_align\":\"left\",\"link\":\"\\\/de\\\/kontakt\"}}]}]},{\"type\":\"column\",\"props\":{\"image_position\":\"center-center\",\"position_sticky_breakpoint\":\"m\",\"width_medium\":\"1-3\"},\"children\":[{\"type\":\"image\",\"props\":{\"image\":\"wp-content\\\/uploads\\\/2024\\\/05\\\/EVM-20230713-0005-L1001863-kopie\\u2560eren-1-scaled.jpg\",\"image_height\":\"600\",\"image_svg_color\":\"emphasis\",\"image_width\":\"800\",\"margin\":\"default\"}}]}],\"props\":{\"layout\":\"2-3,1-3\"}}]}],\"version\":\"4.4.4\"} --><\/p>\n","protected":false},"excerpt":{"rendered":"<p>Kr\u00e4uterhof Nachhaltigkeit und Qualit\u00e4t: Das Herzst\u00fcck unseres Hofes Der 7 Hektar gro\u00dfe Kr\u00e4uterhof \u201cBiosfeer\u201d in Groede (in der niederl\u00e4ndischen Provinz Zeeland) eignet sich hervorragend f\u00fcr den Anbau von Arzneipflanzen. Schwerer Tonboden verringert den Unkrautdruck im Sommer und f\u00fchrt auch in trockenen Perioden Wasser von dem gro\u00dfen Reservoir an Quellwasser, das sich unter dem gesamten Gel\u00e4nde [&hellip;]<\/p>\n","protected":false},"author":1,"featured_media":0,"parent":0,"menu_order":0,"comment_status":"closed","ping_status":"closed","template":"","meta":{"footnotes":""},"class_list":["post-1141","page","type-page","status-publish","hentry"],"yoast_head":"<!-- This site is optimized with the Yoast SEO plugin v27.5 - https:\/\/yoast.com\/product\/yoast-seo-wordpress\/ -->\n<title>Kr\u00e4uterhof - Biosfeer Groede<\/title>\n<meta name=\"robots\" content=\"index, follow, max-snippet:-1, max-image-preview:large, max-video-preview:-1\" \/>\n<link rel=\"canonical\" href=\"https:\/\/biosfeer-groede.com\/de\/kraeuterhof\/\" \/>\n<meta property=\"og:locale\" content=\"de_DE\" \/>\n<meta property=\"og:type\" content=\"article\" \/>\n<meta property=\"og:title\" content=\"Kr\u00e4uterhof - Biosfeer Groede\" \/>\n<meta property=\"og:description\" content=\"Kr\u00e4uterhof Nachhaltigkeit und Qualit\u00e4t: Das Herzst\u00fcck unseres Hofes Der 7 Hektar gro\u00dfe Kr\u00e4uterhof \u201cBiosfeer\u201d in Groede (in der niederl\u00e4ndischen Provinz Zeeland) eignet sich hervorragend f\u00fcr den Anbau von Arzneipflanzen. Schwerer Tonboden verringert den Unkrautdruck im Sommer und f\u00fchrt auch in trockenen Perioden Wasser von dem gro\u00dfen Reservoir an Quellwasser, das sich unter dem gesamten Gel\u00e4nde [&hellip;]\" \/>\n<meta property=\"og:url\" content=\"https:\/\/biosfeer-groede.com\/de\/kraeuterhof\/\" \/>\n<meta property=\"og:site_name\" content=\"Biosfeer Groede\" \/>\n<meta property=\"article:modified_time\" content=\"2024-06-20T10:15:05+00:00\" \/>\n<meta name=\"twitter:card\" content=\"summary_large_image\" \/>\n<meta name=\"twitter:label1\" content=\"Gesch\u00e4tzte Lesezeit\" \/>\n\t<meta name=\"twitter:data1\" content=\"2\u00a0Minuten\" \/>\n<script type=\"application\/ld+json\" class=\"yoast-schema-graph\">{\"@context\":\"https:\\\/\\\/schema.org\",\"@graph\":[{\"@type\":\"WebPage\",\"@id\":\"https:\\\/\\\/biosfeer-groede.com\\\/de\\\/kraeuterhof\\\/\",\"url\":\"https:\\\/\\\/biosfeer-groede.com\\\/de\\\/kraeuterhof\\\/\",\"name\":\"Kr\u00e4uterhof - Biosfeer Groede\",\"isPartOf\":{\"@id\":\"https:\\\/\\\/biosfeer-groede.com\\\/#website\"},\"datePublished\":\"2023-10-24T09:11:48+00:00\",\"dateModified\":\"2024-06-20T10:15:05+00:00\",\"breadcrumb\":{\"@id\":\"https:\\\/\\\/biosfeer-groede.com\\\/de\\\/kraeuterhof\\\/#breadcrumb\"},\"inLanguage\":\"de\",\"potentialAction\":[{\"@type\":\"ReadAction\",\"target\":[\"https:\\\/\\\/biosfeer-groede.com\\\/de\\\/kraeuterhof\\\/\"]}]},{\"@type\":\"BreadcrumbList\",\"@id\":\"https:\\\/\\\/biosfeer-groede.com\\\/de\\\/kraeuterhof\\\/#breadcrumb\",\"itemListElement\":[{\"@type\":\"ListItem\",\"position\":1,\"name\":\"Home\",\"item\":\"https:\\\/\\\/biosfeer-groede.com\\\/de\\\/\"},{\"@type\":\"ListItem\",\"position\":2,\"name\":\"Kr\u00e4uterhof\"}]},{\"@type\":\"WebSite\",\"@id\":\"https:\\\/\\\/biosfeer-groede.com\\\/#website\",\"url\":\"https:\\\/\\\/biosfeer-groede.com\\\/\",\"name\":\"Biosfeer Groede\",\"description\":\"\",\"publisher\":{\"@id\":\"https:\\\/\\\/biosfeer-groede.com\\\/#organization\"},\"potentialAction\":[{\"@type\":\"SearchAction\",\"target\":{\"@type\":\"EntryPoint\",\"urlTemplate\":\"https:\\\/\\\/biosfeer-groede.com\\\/?s={search_term_string}\"},\"query-input\":{\"@type\":\"PropertyValueSpecification\",\"valueRequired\":true,\"valueName\":\"search_term_string\"}}],\"inLanguage\":\"de\"},{\"@type\":\"Organization\",\"@id\":\"https:\\\/\\\/biosfeer-groede.com\\\/#organization\",\"name\":\"Biosfeer Groede\",\"url\":\"https:\\\/\\\/biosfeer-groede.com\\\/\",\"logo\":{\"@type\":\"ImageObject\",\"inLanguage\":\"de\",\"@id\":\"https:\\\/\\\/biosfeer-groede.com\\\/#\\\/schema\\\/logo\\\/image\\\/\",\"url\":\"https:\\\/\\\/nieuw.biosfeer-groede.com\\\/wp-content\\\/uploads\\\/2023\\\/10\\\/biosfeer-logo.svg\",\"contentUrl\":\"https:\\\/\\\/nieuw.biosfeer-groede.com\\\/wp-content\\\/uploads\\\/2023\\\/10\\\/biosfeer-logo.svg\",\"width\":1,\"height\":1,\"caption\":\"Biosfeer Groede\"},\"image\":{\"@id\":\"https:\\\/\\\/biosfeer-groede.com\\\/#\\\/schema\\\/logo\\\/image\\\/\"}}]}<\/script>\n<!-- \/ Yoast SEO plugin. -->","yoast_head_json":{"title":"Kr\u00e4uterhof - Biosfeer Groede","robots":{"index":"index","follow":"follow","max-snippet":"max-snippet:-1","max-image-preview":"max-image-preview:large","max-video-preview":"max-video-preview:-1"},"canonical":"https:\/\/biosfeer-groede.com\/de\/kraeuterhof\/","og_locale":"de_DE","og_type":"article","og_title":"Kr\u00e4uterhof - Biosfeer Groede","og_description":"Kr\u00e4uterhof Nachhaltigkeit und Qualit\u00e4t: Das Herzst\u00fcck unseres Hofes Der 7 Hektar gro\u00dfe Kr\u00e4uterhof \u201cBiosfeer\u201d in Groede (in der niederl\u00e4ndischen Provinz Zeeland) eignet sich hervorragend f\u00fcr den Anbau von Arzneipflanzen. Schwerer Tonboden verringert den Unkrautdruck im Sommer und f\u00fchrt auch in trockenen Perioden Wasser von dem gro\u00dfen Reservoir an Quellwasser, das sich unter dem gesamten Gel\u00e4nde [&hellip;]","og_url":"https:\/\/biosfeer-groede.com\/de\/kraeuterhof\/","og_site_name":"Biosfeer Groede","article_modified_time":"2024-06-20T10:15:05+00:00","twitter_card":"summary_large_image","twitter_misc":{"Gesch\u00e4tzte Lesezeit":"2\u00a0Minuten"},"schema":{"@context":"https:\/\/schema.org","@graph":[{"@type":"WebPage","@id":"https:\/\/biosfeer-groede.com\/de\/kraeuterhof\/","url":"https:\/\/biosfeer-groede.com\/de\/kraeuterhof\/","name":"Kr\u00e4uterhof - Biosfeer Groede","isPartOf":{"@id":"https:\/\/biosfeer-groede.com\/#website"},"datePublished":"2023-10-24T09:11:48+00:00","dateModified":"2024-06-20T10:15:05+00:00","breadcrumb":{"@id":"https:\/\/biosfeer-groede.com\/de\/kraeuterhof\/#breadcrumb"},"inLanguage":"de","potentialAction":[{"@type":"ReadAction","target":["https:\/\/biosfeer-groede.com\/de\/kraeuterhof\/"]}]},{"@type":"BreadcrumbList","@id":"https:\/\/biosfeer-groede.com\/de\/kraeuterhof\/#breadcrumb","itemListElement":[{"@type":"ListItem","position":1,"name":"Home","item":"https:\/\/biosfeer-groede.com\/de\/"},{"@type":"ListItem","position":2,"name":"Kr\u00e4uterhof"}]},{"@type":"WebSite","@id":"https:\/\/biosfeer-groede.com\/#website","url":"https:\/\/biosfeer-groede.com\/","name":"Biosfeer Groede","description":"","publisher":{"@id":"https:\/\/biosfeer-groede.com\/#organization"},"potentialAction":[{"@type":"SearchAction","target":{"@type":"EntryPoint","urlTemplate":"https:\/\/biosfeer-groede.com\/?s={search_term_string}"},"query-input":{"@type":"PropertyValueSpecification","valueRequired":true,"valueName":"search_term_string"}}],"inLanguage":"de"},{"@type":"Organization","@id":"https:\/\/biosfeer-groede.com\/#organization","name":"Biosfeer Groede","url":"https:\/\/biosfeer-groede.com\/","logo":{"@type":"ImageObject","inLanguage":"de","@id":"https:\/\/biosfeer-groede.com\/#\/schema\/logo\/image\/","url":"https:\/\/nieuw.biosfeer-groede.com\/wp-content\/uploads\/2023\/10\/biosfeer-logo.svg","contentUrl":"https:\/\/nieuw.biosfeer-groede.com\/wp-content\/uploads\/2023\/10\/biosfeer-logo.svg","width":1,"height":1,"caption":"Biosfeer Groede"},"image":{"@id":"https:\/\/biosfeer-groede.com\/#\/schema\/logo\/image\/"}}]}},"_links":{"self":[{"href":"https:\/\/biosfeer-groede.com\/de\/wp-json\/wp\/v2\/pages\/1141","targetHints":{"allow":["GET"]}}],"collection":[{"href":"https:\/\/biosfeer-groede.com\/de\/wp-json\/wp\/v2\/pages"}],"about":[{"href":"https:\/\/biosfeer-groede.com\/de\/wp-json\/wp\/v2\/types\/page"}],"author":[{"embeddable":true,"href":"https:\/\/biosfeer-groede.com\/de\/wp-json\/wp\/v2\/users\/1"}],"replies":[{"embeddable":true,"href":"https:\/\/biosfeer-groede.com\/de\/wp-json\/wp\/v2\/comments?post=1141"}],"version-history":[{"count":7,"href":"https:\/\/biosfeer-groede.com\/de\/wp-json\/wp\/v2\/pages\/1141\/revisions"}],"predecessor-version":[{"id":1435,"href":"https:\/\/biosfeer-groede.com\/de\/wp-json\/wp\/v2\/pages\/1141\/revisions\/1435"}],"wp:attachment":[{"href":"https:\/\/biosfeer-groede.com\/de\/wp-json\/wp\/v2\/media?parent=1141"}],"curies":[{"name":"wp","href":"https:\/\/api.w.org\/{rel}","templated":true}]}}