{"id":1138,"date":"2023-10-24T09:11:48","date_gmt":"2023-10-24T09:11:48","guid":{"rendered":"https:\/\/nieuw.biosfeer-groede.com\/ons-verhaal\/"},"modified":"2024-06-20T10:16:01","modified_gmt":"2024-06-20T10:16:01","slug":"unsere-geschichte","status":"publish","type":"page","link":"https:\/\/biosfeer-groede.com\/de\/unsere-geschichte\/","title":{"rendered":"Unsere Geschichte"},"content":{"rendered":"<h1>Unsere Geschichte<\/h1>\n<h2>Unsere Geschichte: Vom Boden bis zum Wachstum<\/h2>\n<div>\n<p><strong>Der Beginn von Biosfeer Groede<\/strong> <br \/>Im M\u00e4rz 2010 \u00fcbernahm Nick Sinke den Bauernhof von Marleen Kruiden in Groede, Zeeuws-Vlaanderen. Dieser Bauernhof wurde urspr\u00fcnglich von Marleen und Ronald van de Winckel betrieben, die seit 1982 Pioniere im Anbau und der Verarbeitung von Kr\u00e4utern in den Niederlanden waren. Ihre Leidenschaft und Expertise setzten sie ab 2010 in Tasmanien, Australien, fort.<\/p>\n<p>Nick, der schon immer den Traum hatte, seine Lebensziele auf einem Kr\u00e4uterhof zu verwirklichen, sah diese \u00dcbernahme als eine einzigartige Chance. Er erkannte, dass Kr\u00e4uter und Pflanzen eine neue zentrale Rolle im westlichen Leben spielen w\u00fcrden, und beschloss, seine Leidenschaft zum Beruf zu machen. So begann die Geschichte von Biosfeer Groede, einem Ort, an dem Liebe zur Natur, Gesundheit und nachhaltige Landwirtschaft im Mittelpunkt stehen.<\/p>\n<\/div>\n<p>\n    <a href=\"\/de\/kontakt\">Kontakt<\/a>\n<\/p>\n<p><img decoding=\"async\" src=\"\/wp-content\/uploads\/2024\/05\/EVM-20230713-0011-L1140169-kopie%E2%95%A0eren-scaled.jpg\" alt=\"\"><\/p>\n<div>\n<p><strong>Das Wachstum und die Entwicklung des Bauernhofs<\/strong> <br \/>Direkt nach der \u00dcbernahme begann Nick damit, den Bauernhof zu modernisieren, zu professionalisieren, zu zertifizieren und zu erweitern. Er f\u00fchrte neue Anbau- und Verarbeitungsmethoden ein, die sowohl nachhaltig als auch innovativ waren. Durch den Einsatz biologischer Techniken und Permakulturprinzipien gelang es ihm, ein \u00d6kosystem zu schaffen, in dem die Kr\u00e4uter optimal wachsen konnten, ohne das nat\u00fcrliche Gleichgewicht zu st\u00f6ren.<\/p>\n<p>2012 erhielt Nick Unterst\u00fctzung von seiner Partnerin Esther Sinke, die daraufhin eine entscheidende Rolle in der weiteren Entwicklung des Bauernhofs spielte. Esthers organisatorisches Talent und frische Ideen brachten eine neue Dynamik auf den Bauernhof. Ihr Engagement erm\u00f6glichte es, neue Kunden zu gewinnen, gro\u00dfe Projekte zu starten und die Effizienz der bestehenden Prozesse zu verbessern. Zusammen mit ihren Mitarbeitern bilden sie ein starkes Team, das von derselben Vision und Leidenschaft f\u00fcr \u00f6kologischen Gartenbau, Naturmedizin und selbstst\u00e4ndiges Leben getrieben wird.<\/p>\n<\/div>\n<p>\n    <a href=\"\/de\/produkte\/\">Unsere produkte<\/a>\n<\/p>\n<ul>\n<li>\n<p>        <img decoding=\"async\" src=\"\/wp-content\/uploads\/2024\/05\/EVM-20230713-0005-L1001863-kopie%E2%95%A0eren-1-scaled.jpg\" alt=\"\"><\/p>\n<\/li>\n<li>\n<p>        <img decoding=\"async\" src=\"\/wp-content\/uploads\/2024\/05\/EVM-20230713-0103-L1002072-kopie%E2%95%A0eren-scaled.jpg\" alt=\"\"><\/p>\n<\/li>\n<\/ul>\n<div>\n<p><strong>Eine Gemeinschaft von Gleichgesinnten<\/strong> <br \/>Biosfeer Groede wurde nicht nur ein erfolgreicher Bauernhof, sondern auch ein Treffpunkt und Atelier f\u00fcr gleichgesinnte professionelle Kunden aus ganz Europa im Bereich der effektiven Anwendung von Kr\u00e4utern. Der Bauernhof wurde zu einem lebendigen Handelszentrum, indem Wissen und Inspiration mit gleichgesinnten Kunden geteilt wurden. Besucher von Biosfeer erleben sofort die besondere Auswirkung dieses Bauernhofs. Inzwischen liefert Biosfeer Groede ihre Produkte an 220 gro\u00dfe und kleine Kunden in ganz Europa!<\/p>\n<p><strong>Zukunftsvision: Eine bleibende Wirkung<\/strong> <br \/>Mit Blick auf die Zukunft setzen sich Nick und Esther weiterhin f\u00fcr die weitere Entwicklung von Biosfeer Groede ein. Ihr Ziel ist es, den Bauernhof zu einer Quelle nat\u00fcrlicher Gesundheit zu machen, aber auch zu einem Modell f\u00fcr nachhaltige landwirtschaftliche Praktiken und einer neuen inspirierten Lebensweise im Westen. Sie arbeiten st\u00e4ndig an neuen Projekten, um die Auswirkungen des Bauernhofs weiter zu vergr\u00f6\u00dfern.<\/p>\n<\/div>\n<p>\n    <a href=\"\/de\/kontakt\">Kontakt<\/a>\n<\/p>\n<p><img decoding=\"async\" src=\"\/wp-content\/uploads\/2024\/05\/EVM-20230713-0004-DJI_0214-kopie%E2%95%A0eren-scaled.jpg\" alt=\"\"><\/p>\n<p><!--more--><br \/>\n<!-- {\"type\":\"layout\",\"children\":[{\"name\":\"Tincturen\",\"type\":\"section\",\"props\":{\"animation\":\"slide-left-medium\",\"animation_delay\":false,\"css\":\".el-section{\\n    background: rgb(236,236,236);\\nbackground: -moz-linear-gradient(180deg, rgba(236,236,236,1) 0%, rgba(255,255,255,1) 58%);\\nbackground: -webkit-linear-gradient(180deg, rgba(236,236,236,1) 0%, rgba(255,255,255,1) 58%);\\nbackground: linear-gradient(180deg, rgba(236,236,236,1) 0%, rgba(255,255,255,1) 58%);\\nfilter: progid:DXImageTransform.Microsoft.gradient(startColorstr=\\\"#ececec\\\",endColorstr=\\\"#ffffff\\\",GradientType=1);\\n}\",\"image_position\":\"center-center\",\"padding_remove_bottom\":true,\"padding_remove_top\":false,\"style\":\"default\",\"title_breakpoint\":\"xl\",\"title_position\":\"top-left\",\"title_rotation\":\"left\",\"vertical_align\":\"\",\"width\":\"large\"},\"children\":[{\"type\":\"row\",\"props\":{\"margin_remove_bottom\":true},\"children\":[{\"type\":\"column\",\"props\":{\"image_position\":\"center-center\",\"position_sticky_breakpoint\":\"m\"},\"children\":[{\"type\":\"headline\",\"props\":{\"content\":\"Unsere Geschichte\",\"margin_remove_bottom\":true,\"title_color\":\"primary\",\"title_element\":\"h1\"}}]}]},{\"type\":\"row\",\"props\":{\"column_gap\":\"large\",\"divider\":false,\"layout\":\"1-2,1-2\",\"margin\":\"large\",\"margin_remove_bottom\":false,\"margin_remove_top\":true,\"row_gap\":\"large\",\"vertical_align\":true},\"children\":[{\"type\":\"column\",\"props\":{\"image_position\":\"center-center\",\"position_sticky_breakpoint\":\"m\",\"width_medium\":\"1-2\"},\"children\":[{\"type\":\"headline\",\"props\":{\"content\":\"Unsere Geschichte: Vom Boden bis zum Wachstum\",\"margin_remove_top\":true,\"title_element\":\"h2\"}},{\"type\":\"text\",\"props\":{\"column_breakpoint\":\"l\",\"content\":\"\n\n<p><strong>Der Beginn von Biosfeer Groede<\\\/strong> <br \\\/>Im M\\u00e4rz 2010 \\u00fcbernahm Nick Sinke den Bauernhof von Marleen Kruiden in Groede, Zeeuws-Vlaanderen. Dieser Bauernhof wurde urspr\\u00fcnglich von Marleen und Ronald van de Winckel betrieben, die seit 1982 Pioniere im Anbau und der Verarbeitung von Kr\\u00e4utern in den Niederlanden waren. Ihre Leidenschaft und Expertise setzten sie ab 2010 in Tasmanien, Australien, fort.<\\\/p>\\n\n\n<p>Nick, der schon immer den Traum hatte, seine Lebensziele auf einem Kr\\u00e4uterhof zu verwirklichen, sah diese \\u00dcbernahme als eine einzigartige Chance. Er erkannte, dass Kr\\u00e4uter und Pflanzen eine neue zentrale Rolle im westlichen Leben spielen w\\u00fcrden, und beschloss, seine Leidenschaft zum Beruf zu machen. So begann die Geschichte von Biosfeer Groede, einem Ort, an dem Liebe zur Natur, Gesundheit und nachhaltige Landwirtschaft im Mittelpunkt stehen.<\\\/p>\",\"margin\":\"default\"}},{\"type\":\"button\",\"props\":{\"grid_column_gap\":\"small\",\"grid_row_gap\":\"small\",\"margin\":\"default\"},\"children\":[{\"type\":\"button_item\",\"props\":{\"button_style\":\"secondary\",\"content\":\"Kontakt\",\"icon_align\":\"left\",\"link\":\"\\\/de\\\/kontakt\"}}]}]},{\"type\":\"column\",\"props\":{\"image_position\":\"center-center\",\"position_sticky_breakpoint\":\"m\",\"width_medium\":\"1-2\"},\"children\":[{\"type\":\"image\",\"props\":{\"image\":\"wp-content\\\/uploads\\\/2024\\\/05\\\/EVM-20230713-0011-L1140169-kopie\\u2560eren-scaled.jpg\",\"image_height\":\"760\",\"image_svg_color\":\"emphasis\",\"image_width\":\"1200\",\"margin\":\"default\"}}]}]}]},{\"name\":\"Simplex\\\/complex\",\"type\":\"section\",\"props\":{\"animation\":\"slide-right-medium\",\"css\":\".el-section > * {\\n \\tpadding-bottom: 110px;   \\n}\",\"image\":\"wp-content\\\/uploads\\\/home-residences-bg.svg\",\"image_effect\":\"parallax\",\"image_height\":\"680\",\"image_parallax_bgy\":\"100,100\",\"image_parallax_easing\":\"1\",\"image_position\":\"top-left\",\"image_size\":\"contain\",\"image_width\":\"2000\",\"media_visibility\":\"m\",\"padding\":\"xlarge\",\"padding_remove_bottom\":false,\"style\":\"default\",\"title_breakpoint\":\"xl\",\"title_position\":\"top-left\",\"title_rotation\":\"left\",\"vertical_align\":\"\",\"width\":\"large\"},\"children\":[{\"type\":\"row\",\"props\":{\"column_gap\":\"large\",\"layout\":\"1-3,2-3\",\"margin\":\"xlarge\",\"row_gap\":\"large\"},\"children\":[{\"type\":\"column\",\"props\":{\"image_position\":\"top-left\",\"media_visibility\":\"s\",\"padding\":\"none\",\"position_sticky_breakpoint\":\"m\",\"width_medium\":\"1-3\"},\"children\":[{\"type\":\"text\",\"props\":{\"column_breakpoint\":\"m\",\"content\":\"\n\n<p><strong>Das Wachstum und die Entwicklung des Bauernhofs<\\\/strong> <br \\\/>Direkt nach der \\u00dcbernahme begann Nick damit, den Bauernhof zu modernisieren, zu professionalisieren, zu zertifizieren und zu erweitern. Er f\\u00fchrte neue Anbau- und Verarbeitungsmethoden ein, die sowohl nachhaltig als auch innovativ waren. Durch den Einsatz biologischer Techniken und Permakulturprinzipien gelang es ihm, ein \\u00d6kosystem zu schaffen, in dem die Kr\\u00e4uter optimal wachsen konnten, ohne das nat\\u00fcrliche Gleichgewicht zu st\\u00f6ren.<\\\/p>\\n\n\n<p>2012 erhielt Nick Unterst\\u00fctzung von seiner Partnerin Esther Sinke, die daraufhin eine entscheidende Rolle in der weiteren Entwicklung des Bauernhofs spielte. Esthers organisatorisches Talent und frische Ideen brachten eine neue Dynamik auf den Bauernhof. Ihr Engagement erm\\u00f6glichte es, neue Kunden zu gewinnen, gro\\u00dfe Projekte zu starten und die Effizienz der bestehenden Prozesse zu verbessern. Zusammen mit ihren Mitarbeitern bilden sie ein starkes Team, das von derselben Vision und Leidenschaft f\\u00fcr \\u00f6kologischen Gartenbau, Naturmedizin und selbstst\\u00e4ndiges Leben getrieben wird.<\\\/p>\",\"margin\":\"default\"}},{\"type\":\"button\",\"props\":{\"fullwidth\":false,\"grid_column_gap\":\"small\",\"grid_row_gap\":\"small\",\"margin\":\"default\"},\"children\":[{\"type\":\"button_item\",\"props\":{\"button_style\":\"secondary\",\"content\":\"Unsere produkte\",\"icon_align\":\"left\",\"link\":\"\\\/de\\\/produkte\\\/\"}}]}]},{\"type\":\"column\",\"props\":{\"image_position\":\"center-center\",\"order_first\":\"m\",\"position_sticky_breakpoint\":\"m\",\"width_medium\":\"2-3\"},\"children\":[{\"type\":\"overlay-slider\",\"props\":{\"image_height\":\"850\",\"image_width\":\"640\",\"link_style\":\"default\",\"link_text\":\"\",\"margin\":\"default\",\"meta_align\":\"below-title\",\"meta_element\":\"div\",\"meta_style\":\"text-meta\",\"nav\":\"\",\"nav_align\":\"center\",\"nav_breakpoint\":\"s\",\"overlay_hover\":false,\"overlay_link\":true,\"overlay_mode\":\"cover\",\"overlay_padding\":\"small\",\"overlay_position\":\"bottom-left\",\"overlay_transition\":\"slide-bottom-small\",\"show_content\":true,\"show_hover_image\":true,\"show_hover_video\":true,\"show_link\":true,\"show_meta\":true,\"show_title\":true,\"slidenav\":\"top-right\",\"slidenav_breakpoint\":\"s\",\"slidenav_hover\":false,\"slidenav_large\":false,\"slidenav_margin\":\"medium\",\"slidenav_outside_breakpoint\":\"xl\",\"slider_autoplay\":true,\"slider_autoplay_pause\":true,\"slider_gap\":\"default\",\"slider_width\":\"fixed\",\"slider_width_default\":\"1-1\",\"slider_width_medium\":\"\",\"slider_width_small\":\"1-2\",\"text_align\":\"\",\"text_color\":\"light\",\"title_element\":\"div\",\"title_hover_style\":\"reset\",\"title_style\":\"h5\"},\"children\":[{\"type\":\"overlay-slider_item\",\"props\":{\"image\":\"wp-content\\\/uploads\\\/2024\\\/05\\\/EVM-20230713-0005-L1001863-kopie\\u2560eren-1-scaled.jpg\",\"title\":\"\"}},{\"type\":\"overlay-slider_item\",\"props\":{\"image\":\"wp-content\\\/uploads\\\/2024\\\/05\\\/EVM-20230713-0103-L1002072-kopie\\u2560eren-scaled.jpg\",\"title\":\"\"}}]}]}]}]},{\"type\":\"section\",\"props\":{\"animation\":\"slide-left-medium\",\"image_position\":\"center-center\",\"style\":\"muted\",\"title_breakpoint\":\"xl\",\"title_position\":\"top-left\",\"title_rotation\":\"left\",\"vertical_align\":\"\",\"width\":\"large\"},\"children\":[{\"type\":\"row\",\"children\":[{\"type\":\"column\",\"props\":{\"image_position\":\"center-center\",\"position_sticky_breakpoint\":\"m\",\"vertical_align\":\"middle\",\"width_medium\":\"2-3\"},\"children\":[{\"type\":\"text\",\"props\":{\"column_breakpoint\":\"m\",\"content\":\"\n\n<p><strong>Eine Gemeinschaft von Gleichgesinnten<\\\/strong> <br \\\/>Biosfeer Groede wurde nicht nur ein erfolgreicher Bauernhof, sondern auch ein Treffpunkt und Atelier f\\u00fcr gleichgesinnte professionelle Kunden aus ganz Europa im Bereich der effektiven Anwendung von Kr\\u00e4utern. Der Bauernhof wurde zu einem lebendigen Handelszentrum, indem Wissen und Inspiration mit gleichgesinnten Kunden geteilt wurden. Besucher von Biosfeer erleben sofort die besondere Auswirkung dieses Bauernhofs. Inzwischen liefert Biosfeer Groede ihre Produkte an 220 gro\\u00dfe und kleine Kunden in ganz Europa!<\\\/p>\\n\n\n<p><strong>Zukunftsvision: Eine bleibende Wirkung<\\\/strong> <br \\\/>Mit Blick auf die Zukunft setzen sich Nick und Esther weiterhin f\\u00fcr die weitere Entwicklung von Biosfeer Groede ein. Ihr Ziel ist es, den Bauernhof zu einer Quelle nat\\u00fcrlicher Gesundheit zu machen, aber auch zu einem Modell f\\u00fcr nachhaltige landwirtschaftliche Praktiken und einer neuen inspirierten Lebensweise im Westen. Sie arbeiten st\\u00e4ndig an neuen Projekten, um die Auswirkungen des Bauernhofs weiter zu vergr\\u00f6\\u00dfern.<\\\/p>\",\"margin\":\"default\"}},{\"type\":\"button\",\"props\":{\"grid_column_gap\":\"small\",\"grid_row_gap\":\"small\",\"margin\":\"default\"},\"children\":[{\"type\":\"button_item\",\"props\":{\"button_style\":\"secondary\",\"content\":\"Kontakt\",\"icon_align\":\"left\",\"link\":\"\\\/de\\\/kontakt\"}}]}]},{\"type\":\"column\",\"props\":{\"image_position\":\"center-center\",\"position_sticky_breakpoint\":\"m\",\"width_medium\":\"1-3\"},\"children\":[{\"type\":\"image\",\"props\":{\"image\":\"wp-content\\\/uploads\\\/2024\\\/05\\\/EVM-20230713-0004-DJI_0214-kopie\\u2560eren-scaled.jpg\",\"image_height\":680,\"image_svg_color\":\"emphasis\",\"image_width\":\"800\",\"margin\":\"default\"}}]}],\"props\":{\"layout\":\"2-3,1-3\"}}],\"name\":\"Tijdelijk 3\"}],\"version\":\"4.4.4\"} --><\/p>\n","protected":false},"excerpt":{"rendered":"<p>Unsere Geschichte Unsere Geschichte: Vom Boden bis zum Wachstum Der Beginn von Biosfeer Groede Im M\u00e4rz 2010 \u00fcbernahm Nick Sinke den Bauernhof von Marleen Kruiden in Groede, Zeeuws-Vlaanderen. Dieser Bauernhof wurde urspr\u00fcnglich von Marleen und Ronald van de Winckel betrieben, die seit 1982 Pioniere im Anbau und der Verarbeitung von Kr\u00e4utern in den Niederlanden waren. [&hellip;]<\/p>\n","protected":false},"author":1,"featured_media":0,"parent":0,"menu_order":0,"comment_status":"closed","ping_status":"closed","template":"","meta":{"footnotes":""},"class_list":["post-1138","page","type-page","status-publish","hentry"],"yoast_head":"<!-- This site is optimized with the Yoast SEO plugin v27.5 - https:\/\/yoast.com\/product\/yoast-seo-wordpress\/ -->\n<title>Unsere Geschichte - Biosfeer Groede<\/title>\n<meta name=\"robots\" content=\"index, follow, max-snippet:-1, max-image-preview:large, max-video-preview:-1\" \/>\n<link rel=\"canonical\" href=\"https:\/\/biosfeer-groede.com\/de\/unsere-geschichte\/\" \/>\n<meta property=\"og:locale\" content=\"de_DE\" \/>\n<meta property=\"og:type\" content=\"article\" \/>\n<meta property=\"og:title\" content=\"Unsere Geschichte - Biosfeer Groede\" \/>\n<meta property=\"og:description\" content=\"Unsere Geschichte Unsere Geschichte: Vom Boden bis zum Wachstum Der Beginn von Biosfeer Groede Im M\u00e4rz 2010 \u00fcbernahm Nick Sinke den Bauernhof von Marleen Kruiden in Groede, Zeeuws-Vlaanderen. Dieser Bauernhof wurde urspr\u00fcnglich von Marleen und Ronald van de Winckel betrieben, die seit 1982 Pioniere im Anbau und der Verarbeitung von Kr\u00e4utern in den Niederlanden waren. [&hellip;]\" \/>\n<meta property=\"og:url\" content=\"https:\/\/biosfeer-groede.com\/de\/unsere-geschichte\/\" \/>\n<meta property=\"og:site_name\" content=\"Biosfeer Groede\" \/>\n<meta property=\"article:modified_time\" content=\"2024-06-20T10:16:01+00:00\" \/>\n<meta name=\"twitter:card\" content=\"summary_large_image\" \/>\n<meta name=\"twitter:label1\" content=\"Gesch\u00e4tzte Lesezeit\" \/>\n\t<meta name=\"twitter:data1\" content=\"2\u00a0Minuten\" \/>\n<script type=\"application\/ld+json\" class=\"yoast-schema-graph\">{\"@context\":\"https:\\\/\\\/schema.org\",\"@graph\":[{\"@type\":\"WebPage\",\"@id\":\"https:\\\/\\\/biosfeer-groede.com\\\/de\\\/unsere-geschichte\\\/\",\"url\":\"https:\\\/\\\/biosfeer-groede.com\\\/de\\\/unsere-geschichte\\\/\",\"name\":\"Unsere Geschichte - Biosfeer Groede\",\"isPartOf\":{\"@id\":\"https:\\\/\\\/biosfeer-groede.com\\\/#website\"},\"datePublished\":\"2023-10-24T09:11:48+00:00\",\"dateModified\":\"2024-06-20T10:16:01+00:00\",\"breadcrumb\":{\"@id\":\"https:\\\/\\\/biosfeer-groede.com\\\/de\\\/unsere-geschichte\\\/#breadcrumb\"},\"inLanguage\":\"de\",\"potentialAction\":[{\"@type\":\"ReadAction\",\"target\":[\"https:\\\/\\\/biosfeer-groede.com\\\/de\\\/unsere-geschichte\\\/\"]}]},{\"@type\":\"BreadcrumbList\",\"@id\":\"https:\\\/\\\/biosfeer-groede.com\\\/de\\\/unsere-geschichte\\\/#breadcrumb\",\"itemListElement\":[{\"@type\":\"ListItem\",\"position\":1,\"name\":\"Home\",\"item\":\"https:\\\/\\\/biosfeer-groede.com\\\/de\\\/\"},{\"@type\":\"ListItem\",\"position\":2,\"name\":\"Unsere Geschichte\"}]},{\"@type\":\"WebSite\",\"@id\":\"https:\\\/\\\/biosfeer-groede.com\\\/#website\",\"url\":\"https:\\\/\\\/biosfeer-groede.com\\\/\",\"name\":\"Biosfeer Groede\",\"description\":\"\",\"publisher\":{\"@id\":\"https:\\\/\\\/biosfeer-groede.com\\\/#organization\"},\"potentialAction\":[{\"@type\":\"SearchAction\",\"target\":{\"@type\":\"EntryPoint\",\"urlTemplate\":\"https:\\\/\\\/biosfeer-groede.com\\\/?s={search_term_string}\"},\"query-input\":{\"@type\":\"PropertyValueSpecification\",\"valueRequired\":true,\"valueName\":\"search_term_string\"}}],\"inLanguage\":\"de\"},{\"@type\":\"Organization\",\"@id\":\"https:\\\/\\\/biosfeer-groede.com\\\/#organization\",\"name\":\"Biosfeer Groede\",\"url\":\"https:\\\/\\\/biosfeer-groede.com\\\/\",\"logo\":{\"@type\":\"ImageObject\",\"inLanguage\":\"de\",\"@id\":\"https:\\\/\\\/biosfeer-groede.com\\\/#\\\/schema\\\/logo\\\/image\\\/\",\"url\":\"https:\\\/\\\/nieuw.biosfeer-groede.com\\\/wp-content\\\/uploads\\\/2023\\\/10\\\/biosfeer-logo.svg\",\"contentUrl\":\"https:\\\/\\\/nieuw.biosfeer-groede.com\\\/wp-content\\\/uploads\\\/2023\\\/10\\\/biosfeer-logo.svg\",\"width\":1,\"height\":1,\"caption\":\"Biosfeer Groede\"},\"image\":{\"@id\":\"https:\\\/\\\/biosfeer-groede.com\\\/#\\\/schema\\\/logo\\\/image\\\/\"}}]}<\/script>\n<!-- \/ Yoast SEO plugin. -->","yoast_head_json":{"title":"Unsere Geschichte - Biosfeer Groede","robots":{"index":"index","follow":"follow","max-snippet":"max-snippet:-1","max-image-preview":"max-image-preview:large","max-video-preview":"max-video-preview:-1"},"canonical":"https:\/\/biosfeer-groede.com\/de\/unsere-geschichte\/","og_locale":"de_DE","og_type":"article","og_title":"Unsere Geschichte - Biosfeer Groede","og_description":"Unsere Geschichte Unsere Geschichte: Vom Boden bis zum Wachstum Der Beginn von Biosfeer Groede Im M\u00e4rz 2010 \u00fcbernahm Nick Sinke den Bauernhof von Marleen Kruiden in Groede, Zeeuws-Vlaanderen. Dieser Bauernhof wurde urspr\u00fcnglich von Marleen und Ronald van de Winckel betrieben, die seit 1982 Pioniere im Anbau und der Verarbeitung von Kr\u00e4utern in den Niederlanden waren. [&hellip;]","og_url":"https:\/\/biosfeer-groede.com\/de\/unsere-geschichte\/","og_site_name":"Biosfeer Groede","article_modified_time":"2024-06-20T10:16:01+00:00","twitter_card":"summary_large_image","twitter_misc":{"Gesch\u00e4tzte Lesezeit":"2\u00a0Minuten"},"schema":{"@context":"https:\/\/schema.org","@graph":[{"@type":"WebPage","@id":"https:\/\/biosfeer-groede.com\/de\/unsere-geschichte\/","url":"https:\/\/biosfeer-groede.com\/de\/unsere-geschichte\/","name":"Unsere Geschichte - Biosfeer Groede","isPartOf":{"@id":"https:\/\/biosfeer-groede.com\/#website"},"datePublished":"2023-10-24T09:11:48+00:00","dateModified":"2024-06-20T10:16:01+00:00","breadcrumb":{"@id":"https:\/\/biosfeer-groede.com\/de\/unsere-geschichte\/#breadcrumb"},"inLanguage":"de","potentialAction":[{"@type":"ReadAction","target":["https:\/\/biosfeer-groede.com\/de\/unsere-geschichte\/"]}]},{"@type":"BreadcrumbList","@id":"https:\/\/biosfeer-groede.com\/de\/unsere-geschichte\/#breadcrumb","itemListElement":[{"@type":"ListItem","position":1,"name":"Home","item":"https:\/\/biosfeer-groede.com\/de\/"},{"@type":"ListItem","position":2,"name":"Unsere Geschichte"}]},{"@type":"WebSite","@id":"https:\/\/biosfeer-groede.com\/#website","url":"https:\/\/biosfeer-groede.com\/","name":"Biosfeer Groede","description":"","publisher":{"@id":"https:\/\/biosfeer-groede.com\/#organization"},"potentialAction":[{"@type":"SearchAction","target":{"@type":"EntryPoint","urlTemplate":"https:\/\/biosfeer-groede.com\/?s={search_term_string}"},"query-input":{"@type":"PropertyValueSpecification","valueRequired":true,"valueName":"search_term_string"}}],"inLanguage":"de"},{"@type":"Organization","@id":"https:\/\/biosfeer-groede.com\/#organization","name":"Biosfeer Groede","url":"https:\/\/biosfeer-groede.com\/","logo":{"@type":"ImageObject","inLanguage":"de","@id":"https:\/\/biosfeer-groede.com\/#\/schema\/logo\/image\/","url":"https:\/\/nieuw.biosfeer-groede.com\/wp-content\/uploads\/2023\/10\/biosfeer-logo.svg","contentUrl":"https:\/\/nieuw.biosfeer-groede.com\/wp-content\/uploads\/2023\/10\/biosfeer-logo.svg","width":1,"height":1,"caption":"Biosfeer Groede"},"image":{"@id":"https:\/\/biosfeer-groede.com\/#\/schema\/logo\/image\/"}}]}},"_links":{"self":[{"href":"https:\/\/biosfeer-groede.com\/de\/wp-json\/wp\/v2\/pages\/1138","targetHints":{"allow":["GET"]}}],"collection":[{"href":"https:\/\/biosfeer-groede.com\/de\/wp-json\/wp\/v2\/pages"}],"about":[{"href":"https:\/\/biosfeer-groede.com\/de\/wp-json\/wp\/v2\/types\/page"}],"author":[{"embeddable":true,"href":"https:\/\/biosfeer-groede.com\/de\/wp-json\/wp\/v2\/users\/1"}],"replies":[{"embeddable":true,"href":"https:\/\/biosfeer-groede.com\/de\/wp-json\/wp\/v2\/comments?post=1138"}],"version-history":[{"count":7,"href":"https:\/\/biosfeer-groede.com\/de\/wp-json\/wp\/v2\/pages\/1138\/revisions"}],"predecessor-version":[{"id":1438,"href":"https:\/\/biosfeer-groede.com\/de\/wp-json\/wp\/v2\/pages\/1138\/revisions\/1438"}],"wp:attachment":[{"href":"https:\/\/biosfeer-groede.com\/de\/wp-json\/wp\/v2\/media?parent=1138"}],"curies":[{"name":"wp","href":"https:\/\/api.w.org\/{rel}","templated":true}]}}