{"id":1133,"date":"2024-01-18T14:00:39","date_gmt":"2024-01-18T14:00:39","guid":{"rendered":"https:\/\/nieuw.biosfeer-groede.com\/ons-team\/"},"modified":"2024-06-20T10:13:58","modified_gmt":"2024-06-20T10:13:58","slug":"qualitaet-und-team","status":"publish","type":"page","link":"https:\/\/biosfeer-groede.com\/de\/qualitaet-und-team\/","title":{"rendered":"Qualit\u00e4t und Team"},"content":{"rendered":"<h1>Qualit\u00e4t und Team<\/h1>\n<h2>Experten f\u00fcr die Entwicklung nat\u00fcrlicher Produkte<\/h2>\n<div>Unser Team besteht aus praxisorientierten Menschen, echten Heilpflanzen-Experten und technisch versierten Fachleuten, die ausnahmslos eine mindestens zweij\u00e4hrige Ausbildung inner- und au\u00dferbetrieblich absolviert haben, um selbstst\u00e4ndig Kr\u00e4uterzubereitungen durchf\u00fchren k\u00f6nnen. Nat\u00fcrlich arbeiten wir in jedem Bereich gem\u00e4\u00df dem 4-Augen-Prinzip. Au\u00dferdem arbeitet die gesamte Belegschaft gem\u00e4\u00df der Null-Fehler-Strategie.<\/div>\n<ul>\n<li>\n<div>\n<p>S\u00e4ule 1 \u2013 Die Definition von Qualit\u00e4t lautet: <em>erf\u00fcllt die Anforderungen<\/em><\/p>\n<\/div>\n<\/li>\n<li>\n<div>\n<p>S\u00e4ule 2 \u2013 Qualit\u00e4tsmanagementsystem st\u00fctzt sich auf <em>Pr\u00e4vention<\/em><\/p>\n<\/div>\n<\/li>\n<li>\n<div>\n<p>S\u00e4ule 3 \u2013 Die Qualit\u00e4tsnorm lautet <em>Null Fehler<\/em><\/p>\n<\/div>\n<\/li>\n<li>\n<div>\n<p>S\u00e4ule 4 \u2013 Ein Messsystem gem\u00e4\u00df der <em>Berechnung Kosten-Abweichung<\/em><\/p>\n<\/div>\n<\/li>\n<\/ul>\n<p>\n    <a href=\"\/de\/kontakt\">Kontakt<\/a>\n<\/p>\n<p><img decoding=\"async\" src=\"\/wp-content\/uploads\/2024\/05\/EVM-20230713-0009-L1001869-kopie%E2%95%A0eren-scaled.jpg\" alt=\"\"><\/p>\n<div>\n<p>Zus\u00e4tzlich sollte jedes Teammitglied \u00fcber die Anforderungen unserer gesamten Kundschaft auf dem Laufenden sein (gem\u00e4\u00df &#8222;Kaizen&#8220;). Dies f\u00fchrt zu einer Gruppe von Fachleuten, die selbstdenkend und gleichzeitig als Einheit operieren k\u00f6nnen.<\/p>\n<p>Die Gesch\u00e4ftsleitung besteht aus:<strong><\/strong><\/p>\n<\/div>\n<ul>\n<li>\n<div>\n<p><strong>NICK SINKE<\/strong>, Allgemeiner Gesch\u00e4ftsf\u00fchrer und Gr\u00fcnder<\/p>\n<\/div>\n<\/li>\n<li>\n<div>\n<p><strong>ESTHER SINKE<\/strong><span>, Leitende Heilpflanzen-Expertin, Operative Managerin, Qualit\u00e4tssicherung<\/span><\/p>\n<\/div>\n<\/li>\n<li>\n<div>\n<p><strong>HUGO VERBRUGGE<\/strong><span>, Landwirt und Anbaumanager<\/span><\/p>\n<\/div>\n<\/li>\n<li>\n<div>\n<p><strong>BOB DOOMS<\/strong><span>, Heilpflanzen-Experte und Leiter der Kr\u00e4uterzubereitung<\/span><\/p>\n<\/div>\n<\/li>\n<\/ul>\n<div>\n<p>Das Team wird EXTERN von Senior Qualit\u00e4tsmanagern von Bureau\u00a0<a href=\"https:\/\/www.ktba.com\/nl\/\">KTBA<\/a>\u00a0und dem Buchhaltungsb\u00fcro ANITA\u00a0<a href=\"https:\/\/www.agroadviesalmekinders.nl\/administratie\">ALMEKINDERS<\/a>\u00a0unterst\u00fctzt.<\/p>\n<\/div>\n<p>\n    <a href=\"\/de\/produkte\/\">Unsere Produkte<\/a>\n<\/p>\n<ul>\n<li>\n<p>        <img decoding=\"async\" src=\"\/wp-content\/uploads\/2024\/05\/EVM-20230713-0066-L1140283-kopie%E2%95%A0eren-scaled.jpg\" alt=\"\"><\/p>\n<\/li>\n<li>\n<p>        <img decoding=\"async\" src=\"\/wp-content\/uploads\/2024\/05\/EVM-20230713-0178-L1140534-kopie%E2%95%A0eren-scaled.jpg\" alt=\"\"><\/p>\n<\/li>\n<\/ul>\n<p><!--more--><br \/>\n<!-- {\"type\":\"layout\",\"children\":[{\"name\":\"Tincturen\",\"type\":\"section\",\"props\":{\"animation\":\"slide-left-medium\",\"animation_delay\":false,\"css\":\".el-section{\\n    background: rgb(236,236,236);\\nbackground: -moz-linear-gradient(180deg, rgba(236,236,236,1) 0%, rgba(255,255,255,1) 58%);\\nbackground: -webkit-linear-gradient(180deg, rgba(236,236,236,1) 0%, rgba(255,255,255,1) 58%);\\nbackground: linear-gradient(180deg, rgba(236,236,236,1) 0%, rgba(255,255,255,1) 58%);\\nfilter: progid:DXImageTransform.Microsoft.gradient(startColorstr=\\\"#ececec\\\",endColorstr=\\\"#ffffff\\\",GradientType=1);\\n}\",\"image_position\":\"center-center\",\"padding_remove_bottom\":true,\"padding_remove_top\":false,\"style\":\"default\",\"title_breakpoint\":\"xl\",\"title_position\":\"top-left\",\"title_rotation\":\"left\",\"vertical_align\":\"\",\"width\":\"large\"},\"children\":[{\"type\":\"row\",\"props\":{\"column_gap\":\"large\",\"divider\":false,\"layout\":\"1-2,1-2\",\"margin\":\"large\",\"margin_remove_bottom\":false,\"row_gap\":\"large\",\"vertical_align\":true},\"children\":[{\"type\":\"column\",\"props\":{\"image_position\":\"center-center\",\"position_sticky_breakpoint\":\"m\",\"vertical_align\":\"middle\",\"width_medium\":\"1-2\"},\"children\":[{\"type\":\"headline\",\"props\":{\"content\":\"Qualit\\u00e4t und Team\",\"margin_remove_bottom\":true,\"title_color\":\"primary\",\"title_element\":\"h1\"}},{\"type\":\"headline\",\"props\":{\"content\":\"Experten f\\u00fcr die Entwicklung nat\\u00fcrlicher Produkte\",\"margin_remove_top\":true,\"title_element\":\"h2\"}},{\"type\":\"text\",\"props\":{\"column_breakpoint\":\"l\",\"content\":\"Unser Team besteht aus praxisorientierten Menschen, echten Heilpflanzen-Experten und technisch versierten Fachleuten, die ausnahmslos eine mindestens zweij\\u00e4hrige Ausbildung inner- und au\\u00dferbetrieblich absolviert haben, um selbstst\\u00e4ndig Kr\\u00e4uterzubereitungen durchf\\u00fchren k\\u00f6nnen. Nat\\u00fcrlich arbeiten wir in jedem Bereich gem\\u00e4\\u00df dem 4-Augen-Prinzip. Au\\u00dferdem arbeitet die gesamte Belegschaft gem\\u00e4\\u00df der Null-Fehler-Strategie.\",\"margin\":\"default\"}},{\"type\":\"list\",\"props\":{\"column_breakpoint\":\"m\",\"icon\":\"chevron-right\",\"image_align\":\"left\",\"image_svg_color\":\"emphasis\",\"image_vertical_align\":true,\"list_element\":\"ul\",\"list_horizontal_separator\":\", \",\"list_type\":\"vertical\",\"show_image\":true,\"show_link\":true},\"children\":[{\"type\":\"list_item\",\"props\":{\"content\":\"\n\n<p>S\\u00e4ule 1 \\u2013 Die Definition von Qualit\\u00e4t lautet: <em>erf\\u00fcllt die Anforderungen<\\\/em><\\\/p>\"}},{\"type\":\"list_item\",\"props\":{\"content\":\"\n\n<p>S\\u00e4ule 2 \\u2013 Qualit\\u00e4tsmanagementsystem st\\u00fctzt sich auf <em>Pr\\u00e4vention<\\\/em><\\\/p>\"}},{\"type\":\"list_item\",\"props\":{\"content\":\"\n\n<p>S\\u00e4ule 3 \\u2013 Die Qualit\\u00e4tsnorm lautet <em>Null Fehler<\\\/em><\\\/p>\"}},{\"type\":\"list_item\",\"props\":{\"content\":\"\n\n<p>S\\u00e4ule 4 \\u2013 Ein Messsystem gem\\u00e4\\u00df der <em>Berechnung Kosten-Abweichung<\\\/em><\\\/p>\"}}]},{\"type\":\"button\",\"props\":{\"grid_column_gap\":\"small\",\"grid_row_gap\":\"small\",\"margin\":\"default\"},\"children\":[{\"type\":\"button_item\",\"props\":{\"button_style\":\"secondary\",\"content\":\"Kontakt\",\"icon_align\":\"left\",\"link\":\"\\\/de\\\/kontakt\"}}]}]},{\"type\":\"column\",\"props\":{\"image_position\":\"center-center\",\"position_sticky_breakpoint\":\"m\",\"width_medium\":\"1-2\"},\"children\":[{\"type\":\"image\",\"props\":{\"image\":\"wp-content\\\/uploads\\\/2024\\\/05\\\/EVM-20230713-0009-L1001869-kopie\\u2560eren-scaled.jpg\",\"image_height\":900,\"image_svg_color\":\"emphasis\",\"image_width\":\"1200\",\"margin\":\"default\"}}]}]}]},{\"name\":\"Simplex\\\/complex\",\"type\":\"section\",\"props\":{\"animation\":\"slide-right-medium\",\"css\":\".el-section > * {\\n \\tpadding-bottom: 110px;   \\n}\",\"image\":\"wp-content\\\/uploads\\\/home-residences-bg.svg\",\"image_effect\":\"parallax\",\"image_height\":\"680\",\"image_parallax_bgy\":\"100,100\",\"image_parallax_easing\":\"1\",\"image_position\":\"top-left\",\"image_size\":\"contain\",\"image_width\":\"2000\",\"media_visibility\":\"m\",\"padding\":\"xlarge\",\"padding_remove_bottom\":false,\"style\":\"default\",\"title_breakpoint\":\"xl\",\"title_position\":\"top-left\",\"title_rotation\":\"left\",\"vertical_align\":\"\",\"width\":\"large\"},\"children\":[{\"type\":\"row\",\"props\":{\"column_gap\":\"large\",\"layout\":\"1-3,2-3\",\"margin\":\"xlarge\",\"row_gap\":\"large\"},\"children\":[{\"type\":\"column\",\"props\":{\"image_position\":\"top-left\",\"media_visibility\":\"s\",\"padding\":\"none\",\"position_sticky_breakpoint\":\"m\",\"width_medium\":\"1-3\"},\"children\":[{\"type\":\"text\",\"props\":{\"column_breakpoint\":\"m\",\"content\":\"\n\n<p>Zus\\u00e4tzlich sollte jedes Teammitglied \\u00fcber die Anforderungen unserer gesamten Kundschaft auf dem Laufenden sein (gem\\u00e4\\u00df \\\"Kaizen\\\"). Dies f\\u00fchrt zu einer Gruppe von Fachleuten, die selbstdenkend und gleichzeitig als Einheit operieren k\\u00f6nnen.<\\\/p>\\n\n\n<p>Die Gesch\\u00e4ftsleitung besteht aus:<strong><\\\/strong><\\\/p>\",\"margin\":\"default\"}},{\"type\":\"list\",\"props\":{\"column_breakpoint\":\"m\",\"icon\":\"chevron-right\",\"image_align\":\"left\",\"image_svg_color\":\"emphasis\",\"image_vertical_align\":false,\"list_element\":\"ul\",\"list_horizontal_separator\":\", \",\"list_type\":\"vertical\",\"show_image\":true,\"show_link\":true},\"children\":[{\"type\":\"list_item\",\"props\":{\"content\":\"\n\n<p><strong>NICK SINKE<\\\/strong>, Allgemeiner Gesch\\u00e4ftsf\\u00fchrer und Gr\\u00fcnder<\\\/p>\"}},{\"type\":\"list_item\",\"props\":{\"content\":\"\n\n<p><strong>ESTHER SINKE<\\\/strong><span>, Leitende Heilpflanzen-Expertin, Operative Managerin, Qualit\\u00e4tssicherung<\\\/span><\\\/p>\"}},{\"type\":\"list_item\",\"props\":{\"content\":\"\n\n<p><strong>HUGO VERBRUGGE<\\\/strong><span>, Landwirt und Anbaumanager<\\\/span><\\\/p>\"}},{\"type\":\"list_item\",\"props\":{\"content\":\"\n\n<p><strong>BOB DOOMS<\\\/strong><span>, Heilpflanzen-Experte und Leiter der Kr\\u00e4uterzubereitung<\\\/span><\\\/p>\"}}]},{\"type\":\"text\",\"props\":{\"column_breakpoint\":\"m\",\"content\":\"\n\n<p>Das Team wird EXTERN von Senior Qualit\\u00e4tsmanagern von Bureau\\u00a0<a href=\\\"https:\\\/\\\/www.ktba.com\\\/nl\\\/\\\">KTBA<\\\/a>\\u00a0und dem Buchhaltungsb\\u00fcro ANITA\\u00a0<a href=\\\"https:\\\/\\\/www.agroadviesalmekinders.nl\\\/administratie\\\">ALMEKINDERS<\\\/a>\\u00a0unterst\\u00fctzt.<\\\/p>\",\"margin\":\"default\"}},{\"type\":\"button\",\"props\":{\"fullwidth\":false,\"grid_column_gap\":\"small\",\"grid_row_gap\":\"small\",\"margin\":\"default\"},\"children\":[{\"type\":\"button_item\",\"props\":{\"button_style\":\"secondary\",\"content\":\"Unsere Produkte\",\"icon_align\":\"left\",\"link\":\"\\\/de\\\/produkte\\\/\"}}]}]},{\"type\":\"column\",\"props\":{\"image_position\":\"center-center\",\"order_first\":\"m\",\"position_sticky_breakpoint\":\"m\",\"width_medium\":\"2-3\"},\"children\":[{\"type\":\"overlay-slider\",\"props\":{\"image_height\":\"850\",\"image_width\":\"640\",\"link_style\":\"default\",\"link_text\":\"\",\"margin\":\"default\",\"meta_align\":\"below-title\",\"meta_element\":\"div\",\"meta_style\":\"text-meta\",\"nav\":\"\",\"nav_align\":\"center\",\"nav_breakpoint\":\"s\",\"overlay_hover\":false,\"overlay_link\":true,\"overlay_mode\":\"cover\",\"overlay_padding\":\"small\",\"overlay_position\":\"bottom-left\",\"overlay_transition\":\"slide-bottom-small\",\"show_content\":true,\"show_hover_image\":true,\"show_hover_video\":true,\"show_link\":true,\"show_meta\":true,\"show_title\":true,\"slidenav\":\"top-right\",\"slidenav_breakpoint\":\"s\",\"slidenav_hover\":false,\"slidenav_large\":false,\"slidenav_margin\":\"medium\",\"slidenav_outside_breakpoint\":\"xl\",\"slider_autoplay\":true,\"slider_autoplay_pause\":true,\"slider_gap\":\"default\",\"slider_width\":\"fixed\",\"slider_width_default\":\"1-1\",\"slider_width_medium\":\"\",\"slider_width_small\":\"1-2\",\"text_align\":\"\",\"text_color\":\"light\",\"title_element\":\"div\",\"title_hover_style\":\"reset\",\"title_style\":\"h5\"},\"children\":[{\"type\":\"overlay-slider_item\",\"props\":{\"image\":\"wp-content\\\/uploads\\\/2024\\\/05\\\/EVM-20230713-0066-L1140283-kopie\\u2560eren-scaled.jpg\",\"title\":\"\"}},{\"type\":\"overlay-slider_item\",\"props\":{\"image\":\"wp-content\\\/uploads\\\/2024\\\/05\\\/EVM-20230713-0178-L1140534-kopie\\u2560eren-scaled.jpg\",\"title\":\"\"}}]}]}]}]}],\"version\":\"4.4.4\"} --><\/p>\n","protected":false},"excerpt":{"rendered":"<p>Qualit\u00e4t und Team Experten f\u00fcr die Entwicklung nat\u00fcrlicher Produkte Unser Team besteht aus praxisorientierten Menschen, echten Heilpflanzen-Experten und technisch versierten Fachleuten, die ausnahmslos eine mindestens zweij\u00e4hrige Ausbildung inner- und au\u00dferbetrieblich absolviert haben, um selbstst\u00e4ndig Kr\u00e4uterzubereitungen durchf\u00fchren k\u00f6nnen. Nat\u00fcrlich arbeiten wir in jedem Bereich gem\u00e4\u00df dem 4-Augen-Prinzip. Au\u00dferdem arbeitet die gesamte Belegschaft gem\u00e4\u00df der Null-Fehler-Strategie. S\u00e4ule [&hellip;]<\/p>\n","protected":false},"author":1,"featured_media":0,"parent":0,"menu_order":0,"comment_status":"closed","ping_status":"closed","template":"","meta":{"footnotes":""},"class_list":["post-1133","page","type-page","status-publish","hentry"],"yoast_head":"<!-- This site is optimized with the Yoast SEO plugin v27.5 - https:\/\/yoast.com\/product\/yoast-seo-wordpress\/ -->\n<title>Qualit\u00e4t und Team - Biosfeer Groede<\/title>\n<meta name=\"robots\" content=\"index, follow, max-snippet:-1, max-image-preview:large, max-video-preview:-1\" \/>\n<link rel=\"canonical\" href=\"https:\/\/biosfeer-groede.com\/de\/qualitaet-und-team\/\" \/>\n<meta property=\"og:locale\" content=\"de_DE\" \/>\n<meta property=\"og:type\" content=\"article\" \/>\n<meta property=\"og:title\" content=\"Qualit\u00e4t und Team - Biosfeer Groede\" \/>\n<meta property=\"og:description\" content=\"Qualit\u00e4t und Team Experten f\u00fcr die Entwicklung nat\u00fcrlicher Produkte Unser Team besteht aus praxisorientierten Menschen, echten Heilpflanzen-Experten und technisch versierten Fachleuten, die ausnahmslos eine mindestens zweij\u00e4hrige Ausbildung inner- und au\u00dferbetrieblich absolviert haben, um selbstst\u00e4ndig Kr\u00e4uterzubereitungen durchf\u00fchren k\u00f6nnen. Nat\u00fcrlich arbeiten wir in jedem Bereich gem\u00e4\u00df dem 4-Augen-Prinzip. Au\u00dferdem arbeitet die gesamte Belegschaft gem\u00e4\u00df der Null-Fehler-Strategie. S\u00e4ule [&hellip;]\" \/>\n<meta property=\"og:url\" content=\"https:\/\/biosfeer-groede.com\/de\/qualitaet-und-team\/\" \/>\n<meta property=\"og:site_name\" content=\"Biosfeer Groede\" \/>\n<meta property=\"article:modified_time\" content=\"2024-06-20T10:13:58+00:00\" \/>\n<meta name=\"twitter:card\" content=\"summary_large_image\" \/>\n<meta name=\"twitter:label1\" content=\"Gesch\u00e4tzte Lesezeit\" \/>\n\t<meta name=\"twitter:data1\" content=\"1\u00a0Minute\" \/>\n<script type=\"application\/ld+json\" class=\"yoast-schema-graph\">{\"@context\":\"https:\\\/\\\/schema.org\",\"@graph\":[{\"@type\":\"WebPage\",\"@id\":\"https:\\\/\\\/biosfeer-groede.com\\\/de\\\/qualitaet-und-team\\\/\",\"url\":\"https:\\\/\\\/biosfeer-groede.com\\\/de\\\/qualitaet-und-team\\\/\",\"name\":\"Qualit\u00e4t und Team - Biosfeer Groede\",\"isPartOf\":{\"@id\":\"https:\\\/\\\/biosfeer-groede.com\\\/#website\"},\"datePublished\":\"2024-01-18T14:00:39+00:00\",\"dateModified\":\"2024-06-20T10:13:58+00:00\",\"breadcrumb\":{\"@id\":\"https:\\\/\\\/biosfeer-groede.com\\\/de\\\/qualitaet-und-team\\\/#breadcrumb\"},\"inLanguage\":\"de\",\"potentialAction\":[{\"@type\":\"ReadAction\",\"target\":[\"https:\\\/\\\/biosfeer-groede.com\\\/de\\\/qualitaet-und-team\\\/\"]}]},{\"@type\":\"BreadcrumbList\",\"@id\":\"https:\\\/\\\/biosfeer-groede.com\\\/de\\\/qualitaet-und-team\\\/#breadcrumb\",\"itemListElement\":[{\"@type\":\"ListItem\",\"position\":1,\"name\":\"Home\",\"item\":\"https:\\\/\\\/biosfeer-groede.com\\\/de\\\/\"},{\"@type\":\"ListItem\",\"position\":2,\"name\":\"Qualit\u00e4t und Team\"}]},{\"@type\":\"WebSite\",\"@id\":\"https:\\\/\\\/biosfeer-groede.com\\\/#website\",\"url\":\"https:\\\/\\\/biosfeer-groede.com\\\/\",\"name\":\"Biosfeer Groede\",\"description\":\"\",\"publisher\":{\"@id\":\"https:\\\/\\\/biosfeer-groede.com\\\/#organization\"},\"potentialAction\":[{\"@type\":\"SearchAction\",\"target\":{\"@type\":\"EntryPoint\",\"urlTemplate\":\"https:\\\/\\\/biosfeer-groede.com\\\/?s={search_term_string}\"},\"query-input\":{\"@type\":\"PropertyValueSpecification\",\"valueRequired\":true,\"valueName\":\"search_term_string\"}}],\"inLanguage\":\"de\"},{\"@type\":\"Organization\",\"@id\":\"https:\\\/\\\/biosfeer-groede.com\\\/#organization\",\"name\":\"Biosfeer Groede\",\"url\":\"https:\\\/\\\/biosfeer-groede.com\\\/\",\"logo\":{\"@type\":\"ImageObject\",\"inLanguage\":\"de\",\"@id\":\"https:\\\/\\\/biosfeer-groede.com\\\/#\\\/schema\\\/logo\\\/image\\\/\",\"url\":\"https:\\\/\\\/nieuw.biosfeer-groede.com\\\/wp-content\\\/uploads\\\/2023\\\/10\\\/biosfeer-logo.svg\",\"contentUrl\":\"https:\\\/\\\/nieuw.biosfeer-groede.com\\\/wp-content\\\/uploads\\\/2023\\\/10\\\/biosfeer-logo.svg\",\"width\":1,\"height\":1,\"caption\":\"Biosfeer Groede\"},\"image\":{\"@id\":\"https:\\\/\\\/biosfeer-groede.com\\\/#\\\/schema\\\/logo\\\/image\\\/\"}}]}<\/script>\n<!-- \/ Yoast SEO plugin. -->","yoast_head_json":{"title":"Qualit\u00e4t und Team - Biosfeer Groede","robots":{"index":"index","follow":"follow","max-snippet":"max-snippet:-1","max-image-preview":"max-image-preview:large","max-video-preview":"max-video-preview:-1"},"canonical":"https:\/\/biosfeer-groede.com\/de\/qualitaet-und-team\/","og_locale":"de_DE","og_type":"article","og_title":"Qualit\u00e4t und Team - Biosfeer Groede","og_description":"Qualit\u00e4t und Team Experten f\u00fcr die Entwicklung nat\u00fcrlicher Produkte Unser Team besteht aus praxisorientierten Menschen, echten Heilpflanzen-Experten und technisch versierten Fachleuten, die ausnahmslos eine mindestens zweij\u00e4hrige Ausbildung inner- und au\u00dferbetrieblich absolviert haben, um selbstst\u00e4ndig Kr\u00e4uterzubereitungen durchf\u00fchren k\u00f6nnen. Nat\u00fcrlich arbeiten wir in jedem Bereich gem\u00e4\u00df dem 4-Augen-Prinzip. Au\u00dferdem arbeitet die gesamte Belegschaft gem\u00e4\u00df der Null-Fehler-Strategie. S\u00e4ule [&hellip;]","og_url":"https:\/\/biosfeer-groede.com\/de\/qualitaet-und-team\/","og_site_name":"Biosfeer Groede","article_modified_time":"2024-06-20T10:13:58+00:00","twitter_card":"summary_large_image","twitter_misc":{"Gesch\u00e4tzte Lesezeit":"1\u00a0Minute"},"schema":{"@context":"https:\/\/schema.org","@graph":[{"@type":"WebPage","@id":"https:\/\/biosfeer-groede.com\/de\/qualitaet-und-team\/","url":"https:\/\/biosfeer-groede.com\/de\/qualitaet-und-team\/","name":"Qualit\u00e4t und Team - Biosfeer Groede","isPartOf":{"@id":"https:\/\/biosfeer-groede.com\/#website"},"datePublished":"2024-01-18T14:00:39+00:00","dateModified":"2024-06-20T10:13:58+00:00","breadcrumb":{"@id":"https:\/\/biosfeer-groede.com\/de\/qualitaet-und-team\/#breadcrumb"},"inLanguage":"de","potentialAction":[{"@type":"ReadAction","target":["https:\/\/biosfeer-groede.com\/de\/qualitaet-und-team\/"]}]},{"@type":"BreadcrumbList","@id":"https:\/\/biosfeer-groede.com\/de\/qualitaet-und-team\/#breadcrumb","itemListElement":[{"@type":"ListItem","position":1,"name":"Home","item":"https:\/\/biosfeer-groede.com\/de\/"},{"@type":"ListItem","position":2,"name":"Qualit\u00e4t und Team"}]},{"@type":"WebSite","@id":"https:\/\/biosfeer-groede.com\/#website","url":"https:\/\/biosfeer-groede.com\/","name":"Biosfeer Groede","description":"","publisher":{"@id":"https:\/\/biosfeer-groede.com\/#organization"},"potentialAction":[{"@type":"SearchAction","target":{"@type":"EntryPoint","urlTemplate":"https:\/\/biosfeer-groede.com\/?s={search_term_string}"},"query-input":{"@type":"PropertyValueSpecification","valueRequired":true,"valueName":"search_term_string"}}],"inLanguage":"de"},{"@type":"Organization","@id":"https:\/\/biosfeer-groede.com\/#organization","name":"Biosfeer Groede","url":"https:\/\/biosfeer-groede.com\/","logo":{"@type":"ImageObject","inLanguage":"de","@id":"https:\/\/biosfeer-groede.com\/#\/schema\/logo\/image\/","url":"https:\/\/nieuw.biosfeer-groede.com\/wp-content\/uploads\/2023\/10\/biosfeer-logo.svg","contentUrl":"https:\/\/nieuw.biosfeer-groede.com\/wp-content\/uploads\/2023\/10\/biosfeer-logo.svg","width":1,"height":1,"caption":"Biosfeer Groede"},"image":{"@id":"https:\/\/biosfeer-groede.com\/#\/schema\/logo\/image\/"}}]}},"_links":{"self":[{"href":"https:\/\/biosfeer-groede.com\/de\/wp-json\/wp\/v2\/pages\/1133","targetHints":{"allow":["GET"]}}],"collection":[{"href":"https:\/\/biosfeer-groede.com\/de\/wp-json\/wp\/v2\/pages"}],"about":[{"href":"https:\/\/biosfeer-groede.com\/de\/wp-json\/wp\/v2\/types\/page"}],"author":[{"embeddable":true,"href":"https:\/\/biosfeer-groede.com\/de\/wp-json\/wp\/v2\/users\/1"}],"replies":[{"embeddable":true,"href":"https:\/\/biosfeer-groede.com\/de\/wp-json\/wp\/v2\/comments?post=1133"}],"version-history":[{"count":5,"href":"https:\/\/biosfeer-groede.com\/de\/wp-json\/wp\/v2\/pages\/1133\/revisions"}],"predecessor-version":[{"id":1432,"href":"https:\/\/biosfeer-groede.com\/de\/wp-json\/wp\/v2\/pages\/1133\/revisions\/1432"}],"wp:attachment":[{"href":"https:\/\/biosfeer-groede.com\/de\/wp-json\/wp\/v2\/media?parent=1133"}],"curies":[{"name":"wp","href":"https:\/\/api.w.org\/{rel}","templated":true}]}}