{"id":1128,"date":"2023-10-18T14:47:21","date_gmt":"2023-10-18T14:47:21","guid":{"rendered":"https:\/\/nieuw.biosfeer-groede.com\/home\/"},"modified":"2024-06-20T10:02:43","modified_gmt":"2024-06-20T10:02:43","slug":"home","status":"publish","type":"page","link":"https:\/\/biosfeer-groede.com\/de\/","title":{"rendered":"Home"},"content":{"rendered":"<div>\n<h1>Biosfeer Groede<\/h1>\n<p>Exzellenz in der Herstellung von Tinkturen und anderen Pflanzenextrakten<\/p>\n<div>Biosfeer Groede ist der f\u00fchrende Lieferant und Gro\u00dfh\u00e4ndler, spezialisiert auf Extrakte aus Heil- und aromatischen Pflanzen. Wir sind leidenschaftlich engagiert f\u00fcr den nachhaltigen Anbau und die Verarbeitung von Heilkr\u00e4utern und Pflanzen, immer mit dem Wohl von Menschen, Tieren und Pflanzen im Blick. Unsere innovativen und nachhaltigen Produktionsmethoden garantieren h\u00f6chste Qualit\u00e4t.<\/div>\n<p><a href=\"\/de\/produkte\">Mehr lesen<\/a><\/p>\n<\/div>\n<p><img decoding=\"async\" src=\"\/wp-content\/uploads\/2023\/11\/fssc.png\" alt=\"\"><br \/>\n<img decoding=\"async\" src=\"\/wp-content\/uploads\/2023\/11\/gmpplus-fsa-logo-1-90ea6705.webp\" alt=\"\"><br \/>\n<img decoding=\"async\" src=\"\/wp-content\/uploads\/2023\/11\/LEADER-1-89af7742.webp\" alt=\"\"><br \/>\n<img decoding=\"async\" src=\"\/wp-content\/uploads\/2023\/11\/Europa-vlag-d91a8d55.webp\" alt=\"\"><br \/>\n<img decoding=\"async\" src=\"\/wp-content\/uploads\/2023\/11\/bio-logo-67221ab6.webp\" alt=\"\"><\/p>\n<ul>\n<li>\n<p><img decoding=\"async\" src=\"\/wp-content\/uploads\/2024\/05\/EVM-20230713-0059-L1001961-kopie%E2%95%A0eren-scaled.jpg\" alt=\"\"><\/p>\n<p><a href=\"#\"><\/a><\/p>\n<\/li>\n<li>\n<p><img decoding=\"async\" src=\"\/wp-content\/uploads\/2024\/05\/EVM-20230713-0225-L1140687-kopie%E2%95%A0eren-scaled.jpg\" alt=\"\"><\/p>\n<p><a href=\"#\"><\/a><\/p>\n<\/li>\n<\/ul>\n<h2>Heilkr\u00e4uter und zertifizierte Pflanzenextrakte<\/h2>\n<div>Biosfeer Groede ist ein Anbauer, Hersteller und Lieferant\/Gro\u00dfh\u00e4ndler von Heilkr\u00e4utern und zertifizierten Pflanzenextrakten f\u00fcr Unternehmen. Wir setzen auf Vollspektrum-Extrakte mit hohen Konzentrationen an Wirkstoffen in verschiedenen Darreichungsformen. Denken Sie an Tinkturen, Mazerate oder Konzentrate. Wir liefern diese Extrakte teilweise gereinigt von unerw\u00fcnschten Substanzen. Die Extrakte und Heilkr\u00e4uter werden von unserem Gro\u00dfhandelsteam an verschiedene M\u00e4rkte geliefert, einschlie\u00dflich:<\/div>\n<p>\n    <a href=\"\/de\/produkte\">Mehr lesen<\/a>\n<\/p>\n<div>\n<p>        <img decoding=\"async\" src=\"\/wp-content\/uploads\/2023\/11\/banner-lab-mirrored-scaled.jpg\" alt=\"\"><\/p>\n<\/div>\n<h2>Werden Sie ein Verkaufspunkt f\u00fcr hochwertige Extrakte<\/h2>\n<div>\n<p>M\u00f6chten Sie eine unserer Tinkturen, Mazerate oder Konzentrate in Ihr Sortiment aufnehmen? Wir haben verschiedene White-Label-Spezialit\u00e4ten entwickelt \u2013 Ihre eigene Marke auf einem Vollspektrum-Extrakt. Kontaktieren Sie uns f\u00fcr weitere Informationen. Als Ihr Lieferant und Gro\u00dfh\u00e4ndler von Heilkr\u00e4utern stehen wir Ihnen gerne zur Verf\u00fcgung.<\/p>\n<p>M\u00f6chten Sie mehr erfahren?<\/p>\n<\/div>\n<p>\n    <a href=\"\/de\/kontakt\/\">Kontakt<\/a>\n<\/p>\n<div>\n<p>        <img decoding=\"async\" src=\"\/wp-content\/uploads\/2024\/05\/EVM-20230713-0004-DJI_0214-kopie%E2%95%A0eren-scaled.jpg\" alt=\"\"><\/p>\n<\/div>\n<h2>Biosfeer Produktions- und Entwicklungszentrum f\u00fcr Kr\u00e4uterprodukte<\/h2>\n<div>\n<p>Dank der Provinz Zeeland und dem Europ\u00e4ischen Landwirtschaftsfonds f\u00fcr die Entwicklung des l\u00e4ndlichen Raums k\u00f6nnen Unternehmen ihre einzigartigen Kr\u00e4uterprodukte im Biosfeer Groede in einem speziellen Entwicklungszentrum entwickeln. Dieses Zentrum ist mit dem notwendigen Wissen und den Ger\u00e4ten ausgestattet, um diesen Prozess auf vollst\u00e4ndig zertifizierte Weise durchzuf\u00fchren. Mehrere Unternehmen, sowohl innerhalb von Zeeland als auch dar\u00fcber hinaus, haben bereits von dieser M\u00f6glichkeit profitiert! Kontaktieren Sie uns gerne f\u00fcr weitere Informationen dazu.<\/p>\n<p>M\u00f6chten Sie mehr erfahren?<\/p>\n<\/div>\n<p>\n    <a href=\"\/de\/kontakt\/\">Kontakt<\/a>\n<\/p>\n<p><!--more--><br \/>\n<!-- {\"type\":\"layout\",\"children\":[{\"type\":\"section\",\"props\":{\"height\":\"viewport\",\"height_offset_top\":true,\"image_effect\":\"fixed\",\"image_position\":\"center-center\",\"image_size\":\"cover\",\"style\":\"default\",\"title_breakpoint\":\"xl\",\"title_position\":\"top-left\",\"title_rotation\":\"left\",\"vertical_align\":\"middle\",\"video\":\"https:\\\/\\\/player.vimeo.com\\\/progressive_redirect\\\/playback\\\/951560353\\\/rendition\\\/720p\\\/file.mp4?loc=external&log_user=0&signature=e5eb4e4f642161dfd811ec6f68d9eaebb4907db0a3e175acf6b3e89bb569f77b\",\"width\":\"\"},\"children\":[{\"type\":\"row\",\"props\":{\"layout\":\"2-5,3-5\",\"width\":\"large\"},\"children\":[{\"type\":\"column\",\"props\":{\"image_position\":\"center-center\",\"position_sticky_breakpoint\":\"m\",\"width_medium\":\"2-5\"},\"children\":[{\"type\":\"panel\",\"props\":{\"content\":\"Biosfeer Groede ist der f\\u00fchrende Lieferant und Gro\\u00dfh\\u00e4ndler, spezialisiert auf Extrakte aus Heil- und aromatischen Pflanzen. Wir sind leidenschaftlich engagiert f\\u00fcr den nachhaltigen Anbau und die Verarbeitung von Heilkr\\u00e4utern und Pflanzen, immer mit dem Wohl von Menschen, Tieren und Pflanzen im Blick. Unsere innovativen und nachhaltigen Produktionsmethoden garantieren h\\u00f6chste Qualit\\u00e4t.\",\"content_column_breakpoint\":\"m\",\"content_margin\":\"small\",\"icon_width\":80,\"image_align\":\"top\",\"image_grid_breakpoint\":\"m\",\"image_grid_width\":\"1-2\",\"image_svg_color\":\"emphasis\",\"link\":\"\\\/de\\\/produkte\",\"link_style\":\"secondary\",\"link_text\":\"Mehr lesen\",\"margin\":\"default\",\"margin_remove_top\":true,\"meta\":\"Exzellenz in der Herstellung von Tinkturen und anderen Pflanzenextrakten\",\"meta_align\":\"below-title\",\"meta_element\":\"div\",\"meta_margin\":\"remove\",\"meta_style\":\"h3\",\"panel_padding\":\"default\",\"panel_style\":\"tile-default\",\"title\":\"Biosfeer Groede\",\"title_align\":\"top\",\"title_color\":\"primary\",\"title_element\":\"h1\",\"title_grid_breakpoint\":\"m\",\"title_grid_width\":\"1-2\",\"title_hover_style\":\"reset\",\"title_style\":\"h3\"}}]},{\"type\":\"column\",\"props\":{\"image_position\":\"center-center\",\"position_sticky_breakpoint\":\"m\",\"width_medium\":\"3-5\"}}]}]},{\"type\":\"section\",\"props\":{\"css\":\"img\\n{\\n    max-height: 100px;\\n    width: auto;\\n    filter: grayscale(1);\\n    transition: 0.2s linear;\\n}\\nimg:hover\\n{\\n    filter: grayscale(0);\\n    transform: scale(1.05);\\n}\\n.uk-margin\\n{\\n    text-align: center;\\n}\",\"image_position\":\"center-center\",\"padding_remove_top\":false,\"style\":\"default\",\"title_breakpoint\":\"xl\",\"title_position\":\"top-left\",\"title_rotation\":\"left\",\"vertical_align\":\"\",\"width\":\"small\"},\"children\":[{\"type\":\"row\",\"children\":[{\"type\":\"column\",\"props\":{\"image_position\":\"center-center\",\"position_sticky_breakpoint\":\"m\",\"width_default\":\"1-3\",\"width_medium\":\"1-5\"},\"children\":[{\"type\":\"image\",\"props\":{\"image\":\"wp-content\\\/uploads\\\/2023\\\/11\\\/fssc.png\",\"image_svg_color\":\"emphasis\",\"margin\":\"default\"}}]},{\"type\":\"column\",\"props\":{\"image_position\":\"center-center\",\"position_sticky_breakpoint\":\"m\",\"width_default\":\"1-3\",\"width_medium\":\"1-5\"},\"children\":[{\"type\":\"image\",\"props\":{\"image\":\"wp-content\\\/uploads\\\/2023\\\/11\\\/gmpplus-fsa-logo-1-90ea6705.webp\",\"image_svg_color\":\"emphasis\",\"margin\":\"default\"}}]},{\"type\":\"column\",\"props\":{\"image_position\":\"center-center\",\"position_sticky_breakpoint\":\"m\",\"width_default\":\"1-3\",\"width_medium\":\"1-5\"},\"children\":[{\"type\":\"image\",\"props\":{\"image\":\"wp-content\\\/uploads\\\/2023\\\/11\\\/LEADER-1-89af7742.webp\",\"image_svg_color\":\"emphasis\",\"margin\":\"default\"}}]},{\"type\":\"column\",\"props\":{\"image_position\":\"center-center\",\"position_sticky_breakpoint\":\"m\",\"width_default\":\"1-2\",\"width_medium\":\"1-5\"},\"children\":[{\"type\":\"image\",\"props\":{\"css\":\".el-image\\n{\\n    filter: grayscale(1) contrast(30%) brightness(200%);\\n}\",\"image\":\"wp-content\\\/uploads\\\/2023\\\/11\\\/Europa-vlag-d91a8d55.webp\",\"image_svg_color\":\"emphasis\",\"margin\":\"default\"}}]},{\"type\":\"column\",\"props\":{\"image_position\":\"center-center\",\"position_sticky_breakpoint\":\"m\",\"width_default\":\"1-2\",\"width_medium\":\"1-5\"},\"children\":[{\"type\":\"image\",\"props\":{\"image\":\"wp-content\\\/uploads\\\/2023\\\/11\\\/bio-logo-67221ab6.webp\",\"image_svg_color\":\"emphasis\",\"margin\":\"default\"}}]}],\"props\":{\"layout\":\"1-5,1-5,1-5,1-5,1-5|1-2,1-2,1-3,1-3,1-3\"}}]},{\"name\":\"blok\",\"type\":\"section\",\"props\":{\"animation\":\"slide-left-small\",\"animation_delay\":false,\"css\":\"@media(min-width: 640px) {\\n\\t.el-section > div { padding-top: 5vw!important; }\\n}\",\"image\":\"wp-content\\\/uploads\\\/home-residences-bg.svg\",\"image_height\":\"680\",\"image_position\":\"top-left\",\"image_size\":\"contain\",\"image_width\":\"2000\",\"media_visibility\":\"m\",\"padding_remove_bottom\":false,\"padding_remove_top\":false,\"style\":\"default\",\"title_breakpoint\":\"xl\",\"title_position\":\"top-left\",\"title_rotation\":\"left\",\"vertical_align\":\"\",\"width\":\"large\"},\"children\":[{\"type\":\"row\",\"props\":{\"column_gap\":\"large\",\"layout\":\"2-3,1-3\",\"row_gap\":\"large\",\"vertical_align\":false},\"children\":[{\"type\":\"column\",\"props\":{\"image_position\":\"top-left\",\"media_visibility\":\"s\",\"padding\":\"none\",\"position_sticky_breakpoint\":\"m\",\"width_large\":\"2-3\"},\"children\":[{\"type\":\"grid\",\"props\":{\"content_column_breakpoint\":\"m\",\"filter_align\":\"left\",\"filter_all\":true,\"filter_grid_breakpoint\":\"m\",\"filter_grid_width\":\"auto\",\"filter_position\":\"top\",\"filter_style\":\"tab\",\"grid_default\":\"1\",\"grid_medium\":\"\",\"grid_small\":\"2\",\"icon_width\":80,\"image_align\":\"top\",\"image_grid_breakpoint\":\"m\",\"image_grid_width\":\"1-2\",\"image_height\":\"700\",\"image_svg_color\":\"emphasis\",\"image_width\":\"520\",\"item_animation\":true,\"link_style\":\"default\",\"link_text\":\"\",\"margin\":\"default\",\"meta_align\":\"below-title\",\"meta_element\":\"div\",\"meta_style\":\"text-meta\",\"show_content\":true,\"show_image\":true,\"show_link\":true,\"show_meta\":true,\"show_title\":true,\"title_align\":\"top\",\"title_element\":\"div\",\"title_grid_breakpoint\":\"m\",\"title_grid_width\":\"1-2\",\"title_hover_style\":\"reset\",\"title_style\":\"h5\"},\"children\":[{\"type\":\"grid_item\",\"props\":{\"image\":\"wp-content\\\/uploads\\\/2024\\\/05\\\/EVM-20230713-0059-L1001961-kopie\\u2560eren-scaled.jpg\",\"link\":\"#\",\"title\":\"\"}},{\"type\":\"grid_item\",\"props\":{\"image\":\"wp-content\\\/uploads\\\/2024\\\/05\\\/EVM-20230713-0225-L1140687-kopie\\u2560eren-scaled.jpg\",\"link\":\"#\",\"title\":\"\"}}]}]},{\"type\":\"column\",\"props\":{\"image_position\":\"center-center\",\"position_sticky_breakpoint\":\"m\",\"width_large\":\"1-3\"},\"children\":[{\"type\":\"headline\",\"props\":{\"content\":\"Heilkr\\u00e4uter und zertifizierte Pflanzenextrakte\",\"margin\":\"remove-vertical\",\"maxwidth\":\"large\",\"title_element\":\"h2\",\"title_style\":\"h4\"}},{\"type\":\"text\",\"props\":{\"column_breakpoint\":\"m\",\"content\":\"Biosfeer Groede ist ein Anbauer, Hersteller und Lieferant\\\/Gro\\u00dfh\\u00e4ndler von Heilkr\\u00e4utern und zertifizierten Pflanzenextrakten f\\u00fcr Unternehmen. Wir setzen auf Vollspektrum-Extrakte mit hohen Konzentrationen an Wirkstoffen in verschiedenen Darreichungsformen. Denken Sie an Tinkturen, Mazerate oder Konzentrate. Wir liefern diese Extrakte teilweise gereinigt von unerw\\u00fcnschten Substanzen. Die Extrakte und Heilkr\\u00e4uter werden von unserem Gro\\u00dfhandelsteam an verschiedene M\\u00e4rkte geliefert, einschlie\\u00dflich:\",\"margin\":\"default\",\"parallax_y\":\"-50\"}},{\"type\":\"button\",\"props\":{\"grid_column_gap\":\"small\",\"grid_row_gap\":\"small\",\"margin\":\"default\"},\"children\":[{\"type\":\"button_item\",\"props\":{\"button_style\":\"secondary\",\"content\":\"Mehr lesen\",\"icon_align\":\"left\",\"link\":\"\\\/de\\\/produkte\"}}]}]}]}]},{\"name\":\"Word verkooppunt\",\"type\":\"section\",\"props\":{\"animation\":\"slide-bottom-small\",\"css\":\".el-section{\\n    background: rgb(236,236,236);\\nbackground: -moz-linear-gradient(180deg, rgba(236,236,236,1) 0%, rgba(255,255,255,1) 58%);\\nbackground: -webkit-linear-gradient(180deg, rgba(236,236,236,1) 0%, rgba(255,255,255,1) 58%);\\nbackground: linear-gradient(180deg, rgba(236,236,236,1) 0%, rgba(255,255,255,1) 58%);\\nfilter: progid:DXImageTransform.Microsoft.gradient(startColorstr=\\\"#ececec\\\",endColorstr=\\\"#ffffff\\\",GradientType=1);\\n}\",\"image_effect\":\"parallax\",\"image_parallax_bgy\":\"-400,0\",\"image_parallax_breakpoint\":\"m\",\"image_parallax_easing\":\"1\",\"image_position\":\"bottom-left\",\"media_overlay\":\"rgba(255, 255, 255, 0.93)\",\"media_visibility\":\"s\",\"style\":\"default\",\"title_breakpoint\":\"xl\",\"title_position\":\"top-left\",\"title_rotation\":\"left\",\"vertical_align\":\"\",\"width\":\"large\"},\"children\":[{\"type\":\"row\",\"props\":{\"column_gap\":\"large\",\"layout\":\"2-3,1-3\",\"margin\":\"default\",\"margin_remove_bottom\":false,\"match\":false},\"children\":[{\"type\":\"column\",\"props\":{\"image_position\":\"center-center\",\"padding\":\"none\",\"position_sticky_breakpoint\":\"m\",\"preserve_color\":false,\"width_large\":\"2-3\"},\"children\":[{\"type\":\"overlay\",\"props\":{\"image\":\"wp-content\\\/uploads\\\/2023\\\/11\\\/banner-lab-mirrored-scaled.jpg\",\"image_height\":\"1000\",\"image_transition\":\"scale-up\",\"image_width\":\"1640\",\"link_style\":\"default\",\"link_target\":false,\"link_text\":\"\",\"margin\":\"default\",\"meta_align\":\"below-title\",\"meta_element\":\"div\",\"meta_style\":\"text-meta\",\"overlay_hover\":false,\"overlay_link\":true,\"overlay_mode\":\"caption\",\"overlay_position\":\"bottom-left\",\"overlay_style\":\"tile-secondary\",\"overlay_transition\":\"fade\",\"text_align\":\"center\",\"text_color\":\"light\",\"title\":\"\",\"title_element\":\"div\",\"title_hover_style\":\"reset\",\"title_style\":\"h6\"}}]},{\"type\":\"column\",\"props\":{\"image_effect\":\"parallax\",\"image_parallax_easing\":\"1\",\"image_position\":\"top-right\",\"order_first\":\"l\",\"padding\":\"none\",\"position_sticky_breakpoint\":\"m\",\"vertical_align\":\"middle\",\"width_large\":\"1-3\"},\"children\":[{\"type\":\"headline\",\"props\":{\"block_align\":\"center\",\"content\":\"Werden Sie ein Verkaufspunkt f\\u00fcr hochwertige Extrakte\",\"margin\":\"medium\",\"maxwidth\":\"large\",\"maxwidth_breakpoint\":\"l\",\"parallax_y\":\"-50\",\"title_element\":\"h2\",\"title_style\":\"h4\"}},{\"type\":\"text\",\"props\":{\"block_align\":\"center\",\"column_breakpoint\":\"m\",\"content\":\"\n\n<p>M\\u00f6chten Sie eine unserer Tinkturen, Mazerate oder Konzentrate in Ihr Sortiment aufnehmen? Wir haben verschiedene White-Label-Spezialit\\u00e4ten entwickelt \\u2013 Ihre eigene Marke auf einem Vollspektrum-Extrakt. Kontaktieren Sie uns f\\u00fcr weitere Informationen. Als Ihr Lieferant und Gro\\u00dfh\\u00e4ndler von Heilkr\\u00e4utern stehen wir Ihnen gerne zur Verf\\u00fcgung.<\\\/p>\\n\n\n<p>M\\u00f6chten Sie mehr erfahren?<\\\/p>\",\"margin\":\"default\",\"maxwidth\":\"large\",\"maxwidth_breakpoint\":\"l\",\"parallax_y\":\"-50\"}},{\"type\":\"button\",\"props\":{\"grid_column_gap\":\"small\",\"grid_row_gap\":\"small\",\"margin\":\"default\"},\"children\":[{\"type\":\"button_item\",\"props\":{\"button_style\":\"secondary\",\"content\":\"Kontakt\",\"icon_align\":\"left\",\"link\":\"\\\/de\\\/kontakt\\\/\"}}]}]}]}]},{\"type\":\"section\",\"props\":{\"image_position\":\"center-center\",\"padding_remove_top\":true,\"style\":\"default\",\"title_breakpoint\":\"xl\",\"title_position\":\"top-left\",\"title_rotation\":\"left\",\"vertical_align\":\"\",\"width\":\"large\"},\"children\":[{\"type\":\"row\",\"props\":{\"column_gap\":\"large\",\"layout\":\"2-3,1-3\",\"margin\":\"default\",\"margin_remove_bottom\":false,\"match\":false},\"children\":[{\"type\":\"column\",\"props\":{\"image_position\":\"center-center\",\"padding\":\"none\",\"position_sticky_breakpoint\":\"m\",\"preserve_color\":false,\"width_large\":\"2-3\"},\"children\":[{\"type\":\"overlay\",\"props\":{\"image\":\"wp-content\\\/uploads\\\/2024\\\/05\\\/EVM-20230713-0004-DJI_0214-kopie\\u2560eren-scaled.jpg\",\"image_height\":\"1000\",\"image_transition\":\"scale-up\",\"image_width\":\"1640\",\"link_style\":\"default\",\"link_target\":false,\"link_text\":\"\",\"margin\":\"default\",\"meta_align\":\"below-title\",\"meta_element\":\"div\",\"meta_style\":\"text-meta\",\"overlay_hover\":false,\"overlay_link\":true,\"overlay_mode\":\"caption\",\"overlay_position\":\"bottom-left\",\"overlay_style\":\"tile-secondary\",\"overlay_transition\":\"fade\",\"text_align\":\"center\",\"text_color\":\"light\",\"title\":\"\",\"title_element\":\"div\",\"title_hover_style\":\"reset\",\"title_style\":\"h6\"}}]},{\"type\":\"column\",\"props\":{\"image_effect\":\"parallax\",\"image_parallax_easing\":\"1\",\"image_position\":\"top-right\",\"padding\":\"none\",\"position_sticky_breakpoint\":\"m\",\"vertical_align\":\"middle\",\"width_large\":\"1-3\"},\"children\":[{\"type\":\"headline\",\"props\":{\"block_align\":\"center\",\"content\":\"Biosfeer Produktions- und Entwicklungszentrum f\\u00fcr Kr\\u00e4uterprodukte\",\"margin\":\"medium\",\"maxwidth\":\"large\",\"maxwidth_breakpoint\":\"l\",\"parallax_y\":\"-50\",\"title_element\":\"h2\",\"title_style\":\"h4\"}},{\"type\":\"text\",\"props\":{\"block_align\":\"center\",\"column_breakpoint\":\"m\",\"content\":\"\n\n<p>Dank der Provinz Zeeland und dem Europ\\u00e4ischen Landwirtschaftsfonds f\\u00fcr die Entwicklung des l\\u00e4ndlichen Raums k\\u00f6nnen Unternehmen ihre einzigartigen Kr\\u00e4uterprodukte im Biosfeer Groede in einem speziellen Entwicklungszentrum entwickeln. Dieses Zentrum ist mit dem notwendigen Wissen und den Ger\\u00e4ten ausgestattet, um diesen Prozess auf vollst\\u00e4ndig zertifizierte Weise durchzuf\\u00fchren. Mehrere Unternehmen, sowohl innerhalb von Zeeland als auch dar\\u00fcber hinaus, haben bereits von dieser M\\u00f6glichkeit profitiert! Kontaktieren Sie uns gerne f\\u00fcr weitere Informationen dazu.<\\\/p>\\n\n\n<p>M\\u00f6chten Sie mehr erfahren?<\\\/p>\",\"margin\":\"default\",\"maxwidth\":\"large\",\"maxwidth_breakpoint\":\"l\",\"parallax_y\":\"-50\"}},{\"type\":\"button\",\"props\":{\"grid_column_gap\":\"small\",\"grid_row_gap\":\"small\",\"margin\":\"default\"},\"children\":[{\"type\":\"button_item\",\"props\":{\"button_style\":\"secondary\",\"content\":\"Kontakt\",\"icon_align\":\"left\",\"link\":\"\\\/de\\\/kontakt\\\/\"}}]}]}]}]}],\"version\":\"4.4.4\"} --><\/p>\n","protected":false},"excerpt":{"rendered":"<p>Biosfeer Groede Exzellenz in der Herstellung von Tinkturen und anderen Pflanzenextrakten Biosfeer Groede ist der f\u00fchrende Lieferant und Gro\u00dfh\u00e4ndler, spezialisiert auf Extrakte aus Heil- und aromatischen Pflanzen. Wir sind leidenschaftlich engagiert f\u00fcr den nachhaltigen Anbau und die Verarbeitung von Heilkr\u00e4utern und Pflanzen, immer mit dem Wohl von Menschen, Tieren und Pflanzen im Blick. Unsere innovativen [&hellip;]<\/p>\n","protected":false},"author":1,"featured_media":0,"parent":0,"menu_order":0,"comment_status":"closed","ping_status":"closed","template":"","meta":{"footnotes":""},"class_list":["post-1128","page","type-page","status-publish","hentry"],"yoast_head":"<!-- This site is optimized with the Yoast SEO plugin v27.5 - https:\/\/yoast.com\/product\/yoast-seo-wordpress\/ -->\n<title>Home - Biosfeer Groede<\/title>\n<meta name=\"robots\" content=\"index, follow, max-snippet:-1, max-image-preview:large, max-video-preview:-1\" \/>\n<link rel=\"canonical\" href=\"https:\/\/biosfeer-groede.com\/de\/\" \/>\n<meta property=\"og:locale\" content=\"de_DE\" \/>\n<meta property=\"og:type\" content=\"article\" \/>\n<meta property=\"og:title\" content=\"Home - Biosfeer Groede\" \/>\n<meta property=\"og:description\" content=\"Biosfeer Groede Exzellenz in der Herstellung von Tinkturen und anderen Pflanzenextrakten Biosfeer Groede ist der f\u00fchrende Lieferant und Gro\u00dfh\u00e4ndler, spezialisiert auf Extrakte aus Heil- und aromatischen Pflanzen. Wir sind leidenschaftlich engagiert f\u00fcr den nachhaltigen Anbau und die Verarbeitung von Heilkr\u00e4utern und Pflanzen, immer mit dem Wohl von Menschen, Tieren und Pflanzen im Blick. Unsere innovativen [&hellip;]\" \/>\n<meta property=\"og:url\" content=\"https:\/\/biosfeer-groede.com\/de\/\" \/>\n<meta property=\"og:site_name\" content=\"Biosfeer Groede\" \/>\n<meta property=\"article:modified_time\" content=\"2024-06-20T10:02:43+00:00\" \/>\n<meta name=\"twitter:card\" content=\"summary_large_image\" \/>\n<meta name=\"twitter:label1\" content=\"Gesch\u00e4tzte Lesezeit\" \/>\n\t<meta name=\"twitter:data1\" content=\"2\u00a0Minuten\" \/>\n<script type=\"application\/ld+json\" class=\"yoast-schema-graph\">{\"@context\":\"https:\\\/\\\/schema.org\",\"@graph\":[{\"@type\":\"WebPage\",\"@id\":\"https:\\\/\\\/biosfeer-groede.com\\\/de\\\/\",\"url\":\"https:\\\/\\\/biosfeer-groede.com\\\/de\\\/\",\"name\":\"Home - Biosfeer Groede\",\"isPartOf\":{\"@id\":\"https:\\\/\\\/biosfeer-groede.com\\\/#website\"},\"datePublished\":\"2023-10-18T14:47:21+00:00\",\"dateModified\":\"2024-06-20T10:02:43+00:00\",\"breadcrumb\":{\"@id\":\"https:\\\/\\\/biosfeer-groede.com\\\/de\\\/#breadcrumb\"},\"inLanguage\":\"de\",\"potentialAction\":[{\"@type\":\"ReadAction\",\"target\":[\"https:\\\/\\\/biosfeer-groede.com\\\/de\\\/\"]}]},{\"@type\":\"BreadcrumbList\",\"@id\":\"https:\\\/\\\/biosfeer-groede.com\\\/de\\\/#breadcrumb\",\"itemListElement\":[{\"@type\":\"ListItem\",\"position\":1,\"name\":\"Home\",\"item\":\"https:\\\/\\\/biosfeer-groede.com\\\/de\\\/\"},{\"@type\":\"ListItem\",\"position\":2,\"name\":\"Home\"}]},{\"@type\":\"WebSite\",\"@id\":\"https:\\\/\\\/biosfeer-groede.com\\\/#website\",\"url\":\"https:\\\/\\\/biosfeer-groede.com\\\/\",\"name\":\"Biosfeer Groede\",\"description\":\"\",\"publisher\":{\"@id\":\"https:\\\/\\\/biosfeer-groede.com\\\/#organization\"},\"potentialAction\":[{\"@type\":\"SearchAction\",\"target\":{\"@type\":\"EntryPoint\",\"urlTemplate\":\"https:\\\/\\\/biosfeer-groede.com\\\/?s={search_term_string}\"},\"query-input\":{\"@type\":\"PropertyValueSpecification\",\"valueRequired\":true,\"valueName\":\"search_term_string\"}}],\"inLanguage\":\"de\"},{\"@type\":\"Organization\",\"@id\":\"https:\\\/\\\/biosfeer-groede.com\\\/#organization\",\"name\":\"Biosfeer Groede\",\"url\":\"https:\\\/\\\/biosfeer-groede.com\\\/\",\"logo\":{\"@type\":\"ImageObject\",\"inLanguage\":\"de\",\"@id\":\"https:\\\/\\\/biosfeer-groede.com\\\/#\\\/schema\\\/logo\\\/image\\\/\",\"url\":\"https:\\\/\\\/nieuw.biosfeer-groede.com\\\/wp-content\\\/uploads\\\/2023\\\/10\\\/biosfeer-logo.svg\",\"contentUrl\":\"https:\\\/\\\/nieuw.biosfeer-groede.com\\\/wp-content\\\/uploads\\\/2023\\\/10\\\/biosfeer-logo.svg\",\"width\":1,\"height\":1,\"caption\":\"Biosfeer Groede\"},\"image\":{\"@id\":\"https:\\\/\\\/biosfeer-groede.com\\\/#\\\/schema\\\/logo\\\/image\\\/\"}}]}<\/script>\n<!-- \/ Yoast SEO plugin. -->","yoast_head_json":{"title":"Home - Biosfeer Groede","robots":{"index":"index","follow":"follow","max-snippet":"max-snippet:-1","max-image-preview":"max-image-preview:large","max-video-preview":"max-video-preview:-1"},"canonical":"https:\/\/biosfeer-groede.com\/de\/","og_locale":"de_DE","og_type":"article","og_title":"Home - Biosfeer Groede","og_description":"Biosfeer Groede Exzellenz in der Herstellung von Tinkturen und anderen Pflanzenextrakten Biosfeer Groede ist der f\u00fchrende Lieferant und Gro\u00dfh\u00e4ndler, spezialisiert auf Extrakte aus Heil- und aromatischen Pflanzen. Wir sind leidenschaftlich engagiert f\u00fcr den nachhaltigen Anbau und die Verarbeitung von Heilkr\u00e4utern und Pflanzen, immer mit dem Wohl von Menschen, Tieren und Pflanzen im Blick. Unsere innovativen [&hellip;]","og_url":"https:\/\/biosfeer-groede.com\/de\/","og_site_name":"Biosfeer Groede","article_modified_time":"2024-06-20T10:02:43+00:00","twitter_card":"summary_large_image","twitter_misc":{"Gesch\u00e4tzte Lesezeit":"2\u00a0Minuten"},"schema":{"@context":"https:\/\/schema.org","@graph":[{"@type":"WebPage","@id":"https:\/\/biosfeer-groede.com\/de\/","url":"https:\/\/biosfeer-groede.com\/de\/","name":"Home - Biosfeer Groede","isPartOf":{"@id":"https:\/\/biosfeer-groede.com\/#website"},"datePublished":"2023-10-18T14:47:21+00:00","dateModified":"2024-06-20T10:02:43+00:00","breadcrumb":{"@id":"https:\/\/biosfeer-groede.com\/de\/#breadcrumb"},"inLanguage":"de","potentialAction":[{"@type":"ReadAction","target":["https:\/\/biosfeer-groede.com\/de\/"]}]},{"@type":"BreadcrumbList","@id":"https:\/\/biosfeer-groede.com\/de\/#breadcrumb","itemListElement":[{"@type":"ListItem","position":1,"name":"Home","item":"https:\/\/biosfeer-groede.com\/de\/"},{"@type":"ListItem","position":2,"name":"Home"}]},{"@type":"WebSite","@id":"https:\/\/biosfeer-groede.com\/#website","url":"https:\/\/biosfeer-groede.com\/","name":"Biosfeer Groede","description":"","publisher":{"@id":"https:\/\/biosfeer-groede.com\/#organization"},"potentialAction":[{"@type":"SearchAction","target":{"@type":"EntryPoint","urlTemplate":"https:\/\/biosfeer-groede.com\/?s={search_term_string}"},"query-input":{"@type":"PropertyValueSpecification","valueRequired":true,"valueName":"search_term_string"}}],"inLanguage":"de"},{"@type":"Organization","@id":"https:\/\/biosfeer-groede.com\/#organization","name":"Biosfeer Groede","url":"https:\/\/biosfeer-groede.com\/","logo":{"@type":"ImageObject","inLanguage":"de","@id":"https:\/\/biosfeer-groede.com\/#\/schema\/logo\/image\/","url":"https:\/\/nieuw.biosfeer-groede.com\/wp-content\/uploads\/2023\/10\/biosfeer-logo.svg","contentUrl":"https:\/\/nieuw.biosfeer-groede.com\/wp-content\/uploads\/2023\/10\/biosfeer-logo.svg","width":1,"height":1,"caption":"Biosfeer Groede"},"image":{"@id":"https:\/\/biosfeer-groede.com\/#\/schema\/logo\/image\/"}}]}},"_links":{"self":[{"href":"https:\/\/biosfeer-groede.com\/de\/wp-json\/wp\/v2\/pages\/1128","targetHints":{"allow":["GET"]}}],"collection":[{"href":"https:\/\/biosfeer-groede.com\/de\/wp-json\/wp\/v2\/pages"}],"about":[{"href":"https:\/\/biosfeer-groede.com\/de\/wp-json\/wp\/v2\/types\/page"}],"author":[{"embeddable":true,"href":"https:\/\/biosfeer-groede.com\/de\/wp-json\/wp\/v2\/users\/1"}],"replies":[{"embeddable":true,"href":"https:\/\/biosfeer-groede.com\/de\/wp-json\/wp\/v2\/comments?post=1128"}],"version-history":[{"count":5,"href":"https:\/\/biosfeer-groede.com\/de\/wp-json\/wp\/v2\/pages\/1128\/revisions"}],"predecessor-version":[{"id":1423,"href":"https:\/\/biosfeer-groede.com\/de\/wp-json\/wp\/v2\/pages\/1128\/revisions\/1423"}],"wp:attachment":[{"href":"https:\/\/biosfeer-groede.com\/de\/wp-json\/wp\/v2\/media?parent=1128"}],"curies":[{"name":"wp","href":"https:\/\/api.w.org\/{rel}","templated":true}]}}