{"id":1125,"date":"2024-01-18T13:56:48","date_gmt":"2024-01-18T13:56:48","guid":{"rendered":"https:\/\/nieuw.biosfeer-groede.com\/dienstleistungen\/productontwikkeling\/"},"modified":"2024-06-11T15:38:07","modified_gmt":"2024-06-11T15:38:07","slug":"produktentwicklung","status":"publish","type":"page","link":"https:\/\/biosfeer-groede.com\/de\/dienstleistungen\/produktentwicklung\/","title":{"rendered":"Produktentwicklung"},"content":{"rendered":"<h1>Produktentwicklung<\/h1>\n<h2>Produktentwicklung bei Biosfeer Groede: Innovation in medizinischen Kr\u00e4uterprodukten<\/h2>\n<div>\n<p>Biosfeer Groede nutzt seine umfangreichen Produktionskapazit\u00e4ten f\u00fcr die Entwicklung innovativer medizinischer Kr\u00e4uterprodukte. Wir arbeiten eng mit Ihnen zusammen, um ma\u00dfgeschneiderte Produkte zu entwickeln, die spezifischen Marktanforderungen entsprechen, wie Extrakte, Tinkturen und Nahrungserg\u00e4nzungsmittel.<\/p>\n<p>M\u00f6chten Sie mehr \u00fcber unsere Produkte erfahren? Lesen Sie weiter oder nehmen Sie direkt Kontakt mit uns auf.<\/p>\n<\/div>\n<p>\n    <a href=\"\/de\/kontakt\/\">Kontakt<\/a>\n<\/p>\n<p><img decoding=\"async\" src=\"\/wp-content\/uploads\/2023\/11\/banner-lab-mirrored-scaled.jpg\" alt=\"\"><\/p>\n<h2>Ma\u00dfgeschneiderte Entwicklung<\/h2>\n<div>J\u00e4hrlich entwickelt Biosfeer Groede zwischen 6 und 10 neue Produkte, die unsere Kunden unter ihrer eigenen Marke auf den Markt bringen. Unser Produktionszentrum hat eine Leader-F\u00f6rderung von der Provinz Zeeland erhalten, was bedeutet, dass die Aufnahme und der erste Tag der Produktentwicklung im Wert von \u20ac1200 kostenlos sind. F\u00fcr zus\u00e4tzliche Stunden bieten wir einen Rabatt von 40% auf unseren Stundensatz.<\/div>\n<h2>Fr\u00fcherkennung von Trends und Innovationen<\/p>\n<\/h2>\n<div>\n<p>Unsere Position auf dem Markt erm\u00f6glicht es uns, Trends zu erkennen, bevor sie Mainstream werden. Wir sind gerne von Anfang an in die Entwicklung eingebunden, um gemeinsam innovative &#8222;pflanzliche&#8220; Produkte f\u00fcr eine Vielzahl von Anwendungen zu entwickeln.<\/p>\n<p><strong>Was bietet Biosfeer Groede w\u00e4hrend der Produktentwicklung:<\/strong><\/p>\n<\/div>\n<ul>\n<li>\n<div>\n<p>Umfassende Voruntersuchungen zur Zul\u00e4ssigkeit von Inhaltsstoffen, Machbarkeit, W\u00fcnschbarkeit und wissenschaftlichen Grundlagen des Produkts.<\/p>\n<\/div>\n<\/li>\n<li>\n<div>\n<p>Design und Dokumentation von Zubereitungsprotokollen, Endproduktspezifikationen, Verpackungen und Etikettierung.<\/p>\n<\/div>\n<\/li>\n<li>\n<div>\n<p>Durchf\u00fchrung von Versuchsproduktionen und Organisation von Testpanels.<\/p>\n<\/div>\n<\/li>\n<\/ul>\n<div>\n<p>Ko-Produktionen sind m\u00f6glich, bei denen Kunden aktiv an spezifischen Schritten des Entwicklungsprozesses teilnehmen k\u00f6nnen.<\/p>\n<\/div>\n<p><img decoding=\"async\" src=\"\/wp-content\/uploads\/2024\/05\/EVM-20230713-0003-L1140154-kopie%E2%95%A0eren-scaled.jpg\" alt=\"\"><br \/>\n<img decoding=\"async\" src=\"\/wp-content\/uploads\/2023\/11\/fssc.png\" alt=\"\"><br \/>\n<img decoding=\"async\" src=\"\/wp-content\/uploads\/2023\/11\/gmpplus-fsa-logo-1-90ea6705.webp\" alt=\"\"><br \/>\n<img decoding=\"async\" src=\"\/wp-content\/uploads\/2023\/11\/LEADER-1-89af7742.webp\" alt=\"\"><br \/>\n<img decoding=\"async\" src=\"\/wp-content\/uploads\/2023\/11\/Europa-vlag-d91a8d55.webp\" alt=\"\"><br \/>\n<img decoding=\"async\" src=\"\/wp-content\/uploads\/2023\/11\/bio-logo-67221ab6.webp\" alt=\"\"><\/p>\n<ul>\n<li>\n<p>        <img decoding=\"async\" src=\"\/wp-content\/uploads\/2024\/05\/EVM-20230713-0066-L1140283-kopie%E2%95%A0eren-scaled.jpg\" alt=\"\"><\/p>\n<\/li>\n<li>\n<p>        <img decoding=\"async\" src=\"\/wp-content\/uploads\/2024\/05\/EVM-20230713-0123-L1140414-kopie%E2%95%A0eren-scaled.jpg\" alt=\"\"><\/p>\n<\/li>\n<\/ul>\n<div>Erfahren Sie mehr<\/div>\n<div>\u00dcber Unsere Dienstleistungen<\/div>\n<div>Bei Biosfeer Groede k\u00f6nnen Sie auf einen professionellen Ansatz und fundiertes Fachwissen in der Entwicklung von Kr\u00e4uterprodukten vertrauen. Wir laden Sie ein, gemeinsam mit uns zu innovieren und Ihr Produktportfolio zu bereichern.<\/div>\n<p>\n    <a href=\"\/de\/kontakt\/\">Kontakt<\/a>\n<\/p>\n<p><!--more--><br \/>\n<!-- {\"type\":\"layout\",\"children\":[{\"name\":\"Tincturen\",\"type\":\"section\",\"props\":{\"animation\":\"slide-left-medium\",\"animation_delay\":false,\"css\":\".el-section{\\n    background: rgb(236,236,236);\\nbackground: -moz-linear-gradient(180deg, rgba(236,236,236,1) 0%, rgba(255,255,255,1) 58%);\\nbackground: -webkit-linear-gradient(180deg, rgba(236,236,236,1) 0%, rgba(255,255,255,1) 58%);\\nbackground: linear-gradient(180deg, rgba(236,236,236,1) 0%, rgba(255,255,255,1) 58%);\\nfilter: progid:DXImageTransform.Microsoft.gradient(startColorstr=\\\"#ececec\\\",endColorstr=\\\"#ffffff\\\",GradientType=1);\\n}\",\"image_position\":\"center-center\",\"padding_remove_bottom\":false,\"padding_remove_top\":false,\"style\":\"default\",\"title_breakpoint\":\"xl\",\"title_position\":\"top-left\",\"title_rotation\":\"left\",\"vertical_align\":\"middle\",\"width\":\"large\"},\"children\":[{\"type\":\"row\",\"props\":{\"column_gap\":\"large\",\"divider\":false,\"layout\":\"2-3,1-3\",\"margin\":\"large\",\"margin_remove_bottom\":false,\"row_gap\":\"large\",\"vertical_align\":true},\"children\":[{\"type\":\"column\",\"props\":{\"image_position\":\"center-center\",\"position_sticky_breakpoint\":\"m\",\"vertical_align\":\"middle\",\"width_medium\":\"3-5\"},\"children\":[{\"type\":\"headline\",\"props\":{\"content\":\"Produktentwicklung\",\"margin_remove_bottom\":true,\"title_color\":\"primary\",\"title_element\":\"h1\"}},{\"type\":\"headline\",\"props\":{\"content\":\"Produktentwicklung bei Biosfeer Groede: Innovation in medizinischen Kr\\u00e4uterprodukten\",\"margin\":\"medium\",\"margin_remove_top\":true,\"maxwidth\":\"xlarge\",\"text_align_breakpoint\":\"m\",\"text_align_fallback\":\"center\",\"title_element\":\"h2\"}},{\"type\":\"text\",\"props\":{\"column_breakpoint\":\"l\",\"content\":\"\n\n<p>Biosfeer Groede nutzt seine umfangreichen Produktionskapazit\\u00e4ten f\\u00fcr die Entwicklung innovativer medizinischer Kr\\u00e4uterprodukte. Wir arbeiten eng mit Ihnen zusammen, um ma\\u00dfgeschneiderte Produkte zu entwickeln, die spezifischen Marktanforderungen entsprechen, wie Extrakte, Tinkturen und Nahrungserg\\u00e4nzungsmittel.<\\\/p>\\n\n\n<p>M\\u00f6chten Sie mehr \\u00fcber unsere Produkte erfahren? Lesen Sie weiter oder nehmen Sie direkt Kontakt mit uns auf.<\\\/p>\",\"margin\":\"default\"}},{\"type\":\"button\",\"props\":{\"fullwidth\":false,\"grid_column_gap\":\"small\",\"grid_row_gap\":\"small\",\"margin\":\"default\"},\"children\":[{\"type\":\"button_item\",\"props\":{\"button_style\":\"secondary\",\"content\":\"Kontakt\",\"icon_align\":\"left\",\"link\":\"\\\/de\\\/kontakt\\\/\"}}]}]},{\"type\":\"column\",\"props\":{\"image_position\":\"center-center\",\"position_sticky_breakpoint\":\"m\",\"width_medium\":\"2-5\"},\"children\":[{\"type\":\"image\",\"props\":{\"image\":\"wp-content\\\/uploads\\\/2023\\\/11\\\/banner-lab-mirrored-scaled.jpg\",\"image_height\":\"680\",\"image_svg_color\":\"emphasis\",\"image_width\":\"800\",\"margin\":\"default\"}}]}]}]},{\"type\":\"section\",\"props\":{\"animation\":\"slide-right-medium\",\"image\":\"wp-content\\\/uploads\\\/2023\\\/10\\\/footerbg.png\",\"image_position\":\"center-center\",\"image_size\":\"cover\",\"padding_remove_bottom\":false,\"style\":\"default\",\"title_breakpoint\":\"xl\",\"title_position\":\"top-left\",\"title_rotation\":\"left\",\"vertical_align\":\"middle\",\"width\":\"large\"},\"children\":[{\"type\":\"row\",\"children\":[{\"type\":\"column\",\"props\":{\"image_position\":\"center-center\",\"position_sticky_breakpoint\":\"m\"},\"children\":[{\"type\":\"headline\",\"props\":{\"content\":\"Ma\\u00dfgeschneiderte Entwicklung\",\"css\":\".el-element{\\n \\tcolor: white;   \\n}\",\"margin_remove_bottom\":true,\"text_align_breakpoint\":\"m\",\"title_element\":\"h2\"}},{\"type\":\"text\",\"props\":{\"column_breakpoint\":\"m\",\"content\":\"J\\u00e4hrlich entwickelt Biosfeer Groede zwischen 6 und 10 neue Produkte, die unsere Kunden unter ihrer eigenen Marke auf den Markt bringen. Unser Produktionszentrum hat eine Leader-F\\u00f6rderung von der Provinz Zeeland erhalten, was bedeutet, dass die Aufnahme und der erste Tag der Produktentwicklung im Wert von \\u20ac1200 kostenlos sind. F\\u00fcr zus\\u00e4tzliche Stunden bieten wir einen Rabatt von 40% auf unseren Stundensatz.\",\"css\":\".el-element{\\n \\tcolor: white;   \\n}\",\"margin\":\"default\"}}]}]},{\"type\":\"row\",\"children\":[{\"type\":\"column\",\"props\":{\"image_position\":\"center-center\",\"position_sticky_breakpoint\":\"m\",\"vertical_align\":\"middle\",\"width_medium\":\"1-2\"},\"children\":[{\"type\":\"headline\",\"props\":{\"content\":\"Fr\\u00fcherkennung von Trends und Innovationen\\n\\n\",\"css\":\".el-element{\\n \\tcolor: white;   \\n}\",\"margin_remove_bottom\":true,\"text_align_breakpoint\":\"m\",\"title_element\":\"h2\"}},{\"type\":\"text\",\"props\":{\"column_breakpoint\":\"m\",\"content\":\"\n\n<p>Unsere Position auf dem Markt erm\\u00f6glicht es uns, Trends zu erkennen, bevor sie Mainstream werden. Wir sind gerne von Anfang an in die Entwicklung eingebunden, um gemeinsam innovative \\\"pflanzliche\\\" Produkte f\\u00fcr eine Vielzahl von Anwendungen zu entwickeln.<\\\/p>\\n\n\n<p><strong>Was bietet Biosfeer Groede w\\u00e4hrend der Produktentwicklung:<\\\/strong><\\\/p>\",\"css\":\".el-element {\\n \\tcolor: white;   \\n}\",\"margin\":\"default\"}},{\"type\":\"list\",\"props\":{\"column_breakpoint\":\"s\",\"css\":\".el-element{\\n \\tcolor: white;   \\n}\",\"icon\":\"chevron-right\",\"image_align\":\"left\",\"image_svg_color\":\"emphasis\",\"image_vertical_align\":false,\"list_element\":\"ul\",\"list_horizontal_separator\":\", \",\"list_type\":\"vertical\",\"show_image\":true,\"show_link\":true},\"children\":[{\"type\":\"list_item\",\"props\":{\"content\":\"\n\n<p>Umfassende Voruntersuchungen zur Zul\\u00e4ssigkeit von Inhaltsstoffen, Machbarkeit, W\\u00fcnschbarkeit und wissenschaftlichen Grundlagen des Produkts.<\\\/p>\"}},{\"type\":\"list_item\",\"props\":{\"content\":\"\n\n<p>Design und Dokumentation von Zubereitungsprotokollen, Endproduktspezifikationen, Verpackungen und Etikettierung.<\\\/p>\"}},{\"type\":\"list_item\",\"props\":{\"content\":\"\n\n<p>Durchf\\u00fchrung von Versuchsproduktionen und Organisation von Testpanels.<\\\/p>\"}}]},{\"type\":\"text\",\"props\":{\"column_breakpoint\":\"m\",\"content\":\"\n\n<p>Ko-Produktionen sind m\\u00f6glich, bei denen Kunden aktiv an spezifischen Schritten des Entwicklungsprozesses teilnehmen k\\u00f6nnen.<\\\/p>\",\"css\":\".el-element {\\n \\tcolor: white;   \\n}\",\"margin\":\"default\"}}]},{\"type\":\"column\",\"props\":{\"image_position\":\"center-center\",\"position_sticky_breakpoint\":\"m\",\"width_medium\":\"1-2\"},\"children\":[{\"type\":\"image\",\"props\":{\"image\":\"wp-content\\\/uploads\\\/2024\\\/05\\\/EVM-20230713-0003-L1140154-kopie\\u2560eren-scaled.jpg\",\"image_svg_color\":\"emphasis\",\"margin\":\"default\"}}]}],\"props\":{\"layout\":\"1-2,1-2\"}}],\"name\":\"Veterinair producten v2\"},{\"type\":\"section\",\"props\":{\"animation\":\"slide-left-medium\",\"css\":\".el-section {\\n \\tpadding-top: 100px;    \\n}\\n\\nimg\\n{\\n    max-height: 100px;\\n    width: auto;\\n    filter: grayscale(1);\\n    transition: 0.2s linear;\\n}\\nimg:hover\\n{\\n    filter: grayscale(0);\\n    transform: scale(1.05);\\n}\\n.uk-margin\\n{\\n    text-align: center;\\n}\",\"image_position\":\"center-center\",\"padding_remove_bottom\":true,\"padding_remove_top\":false,\"style\":\"muted\",\"title_breakpoint\":\"xl\",\"title_position\":\"top-left\",\"title_rotation\":\"left\",\"vertical_align\":\"middle\",\"width\":\"small\"},\"children\":[{\"type\":\"row\",\"children\":[{\"type\":\"column\",\"props\":{\"image_position\":\"center-center\",\"position_sticky_breakpoint\":\"m\",\"width_default\":\"1-3\",\"width_medium\":\"1-5\",\"width_small\":\"1-5\"},\"children\":[{\"type\":\"image\",\"props\":{\"image\":\"wp-content\\\/uploads\\\/2023\\\/11\\\/fssc.png\",\"image_svg_color\":\"emphasis\",\"margin\":\"default\"}}]},{\"type\":\"column\",\"props\":{\"image_position\":\"center-center\",\"position_sticky_breakpoint\":\"m\",\"width_default\":\"1-3\",\"width_medium\":\"1-5\",\"width_small\":\"1-5\"},\"children\":[{\"type\":\"image\",\"props\":{\"image\":\"wp-content\\\/uploads\\\/2023\\\/11\\\/gmpplus-fsa-logo-1-90ea6705.webp\",\"image_svg_color\":\"emphasis\",\"margin\":\"default\"}}]},{\"type\":\"column\",\"props\":{\"image_position\":\"center-center\",\"position_sticky_breakpoint\":\"m\",\"width_default\":\"1-3\",\"width_medium\":\"1-5\",\"width_small\":\"1-5\"},\"children\":[{\"type\":\"image\",\"props\":{\"image\":\"wp-content\\\/uploads\\\/2023\\\/11\\\/LEADER-1-89af7742.webp\",\"image_svg_color\":\"emphasis\",\"margin\":\"default\"}}]},{\"type\":\"column\",\"props\":{\"image_position\":\"center-center\",\"position_sticky_breakpoint\":\"m\",\"width_default\":\"1-2\",\"width_medium\":\"1-5\",\"width_small\":\"1-5\"},\"children\":[{\"type\":\"image\",\"props\":{\"css\":\".el-image\\n{\\n    filter: grayscale(1) contrast(30%) brightness(200%);\\n}\",\"image\":\"wp-content\\\/uploads\\\/2023\\\/11\\\/Europa-vlag-d91a8d55.webp\",\"image_svg_color\":\"emphasis\",\"margin\":\"default\"}}]},{\"type\":\"column\",\"props\":{\"image_position\":\"center-center\",\"position_sticky_breakpoint\":\"m\",\"width_default\":\"1-2\",\"width_medium\":\"1-5\",\"width_small\":\"1-5\"},\"children\":[{\"type\":\"image\",\"props\":{\"image\":\"wp-content\\\/uploads\\\/2023\\\/11\\\/bio-logo-67221ab6.webp\",\"image_svg_color\":\"emphasis\",\"margin\":\"default\"}}]}],\"props\":{\"layout\":\"1-5,1-5,1-5,1-5,1-5|1-2,1-2,1-3,1-3,1-3\"}}],\"name\":\"Keurmerken\"},{\"name\":\"CTA\",\"type\":\"section\",\"props\":{\"animation\":\"slide-right-medium\",\"css\":\".el-section > * {\\n \\tpadding-bottom: 110px;   \\n}\",\"image\":\"wp-content\\\/uploads\\\/home-residences-bg.svg\",\"image_effect\":\"parallax\",\"image_height\":\"680\",\"image_parallax_bgy\":\"100,100\",\"image_parallax_easing\":\"1\",\"image_position\":\"top-left\",\"image_size\":\"contain\",\"image_width\":\"2000\",\"media_visibility\":\"m\",\"padding\":\"xlarge\",\"padding_remove_bottom\":false,\"padding_remove_top\":false,\"style\":\"muted\",\"title_breakpoint\":\"xl\",\"title_position\":\"top-left\",\"title_rotation\":\"left\",\"vertical_align\":\"middle\",\"width\":\"large\"},\"children\":[{\"type\":\"row\",\"props\":{\"column_gap\":\"large\",\"layout\":\"2-3,1-3\",\"margin\":\"xlarge\",\"row_gap\":\"large\"},\"children\":[{\"type\":\"column\",\"props\":{\"image_position\":\"top-left\",\"media_visibility\":\"s\",\"padding\":\"none\",\"position_sticky_breakpoint\":\"m\",\"width_large\":\"2-3\"},\"children\":[{\"type\":\"overlay-slider\",\"props\":{\"image_height\":\"850\",\"image_width\":\"640\",\"link_style\":\"default\",\"link_text\":\"\",\"margin\":\"default\",\"meta_align\":\"below-title\",\"meta_element\":\"div\",\"meta_style\":\"text-meta\",\"nav\":\"\",\"nav_align\":\"center\",\"nav_breakpoint\":\"s\",\"overlay_hover\":false,\"overlay_link\":true,\"overlay_mode\":\"cover\",\"overlay_padding\":\"small\",\"overlay_position\":\"bottom-left\",\"overlay_transition\":\"slide-bottom-small\",\"show_content\":true,\"show_hover_image\":true,\"show_link\":true,\"show_meta\":true,\"show_title\":true,\"slidenav\":\"top-right\",\"slidenav_breakpoint\":\"s\",\"slidenav_hover\":false,\"slidenav_large\":false,\"slidenav_margin\":\"medium\",\"slidenav_outside_breakpoint\":\"xl\",\"slider_autoplay\":true,\"slider_autoplay_pause\":true,\"slider_gap\":\"default\",\"slider_width\":\"fixed\",\"slider_width_default\":\"1-1\",\"slider_width_medium\":\"\",\"slider_width_small\":\"1-2\",\"text_align\":\"\",\"text_color\":\"light\",\"title_element\":\"div\",\"title_hover_style\":\"reset\",\"title_style\":\"h5\"},\"children\":[{\"type\":\"overlay-slider_item\",\"props\":{\"image\":\"wp-content\\\/uploads\\\/2024\\\/05\\\/EVM-20230713-0066-L1140283-kopie\\u2560eren-scaled.jpg\",\"title\":\"\"}},{\"type\":\"overlay-slider_item\",\"props\":{\"image\":\"wp-content\\\/uploads\\\/2024\\\/05\\\/EVM-20230713-0123-L1140414-kopie\\u2560eren-scaled.jpg\",\"title\":\"\"}}]}]},{\"type\":\"column\",\"props\":{\"image_position\":\"center-center\",\"position_sticky_breakpoint\":\"m\",\"width_large\":\"1-3\"},\"children\":[{\"type\":\"headline\",\"props\":{\"content\":\"Erfahren Sie mehr\",\"margin\":\"remove-vertical\",\"maxwidth\":\"large\",\"title_element\":\"div\",\"title_style\":\"h2\"}},{\"type\":\"headline\",\"props\":{\"content\":\"\\u00dcber Unsere Dienstleistungen\",\"margin_remove_bottom\":false,\"margin_remove_top\":true,\"title_color\":\"primary\",\"title_element\":\"div\",\"title_style\":\"h3\"}},{\"type\":\"text\",\"props\":{\"column_breakpoint\":\"m\",\"content\":\"Bei Biosfeer Groede k\\u00f6nnen Sie auf einen professionellen Ansatz und fundiertes Fachwissen in der Entwicklung von Kr\\u00e4uterprodukten vertrauen. Wir laden Sie ein, gemeinsam mit uns zu innovieren und Ihr Produktportfolio zu bereichern.\",\"margin\":\"default\"}},{\"type\":\"button\",\"props\":{\"fullwidth\":false,\"grid_column_gap\":\"small\",\"grid_row_gap\":\"small\",\"margin\":\"default\"},\"children\":[{\"type\":\"button_item\",\"props\":{\"button_style\":\"secondary\",\"content\":\"Kontakt\",\"icon_align\":\"left\",\"link\":\"\\\/de\\\/kontakt\\\/\"}}]}]}]}]}],\"version\":\"4.2.1\"} --><\/p>\n","protected":false},"excerpt":{"rendered":"<p>Produktentwicklung Produktentwicklung bei Biosfeer Groede: Innovation in medizinischen Kr\u00e4uterprodukten Biosfeer Groede nutzt seine umfangreichen Produktionskapazit\u00e4ten f\u00fcr die Entwicklung innovativer medizinischer Kr\u00e4uterprodukte. Wir arbeiten eng mit Ihnen zusammen, um ma\u00dfgeschneiderte Produkte zu entwickeln, die spezifischen Marktanforderungen entsprechen, wie Extrakte, Tinkturen und Nahrungserg\u00e4nzungsmittel. M\u00f6chten Sie mehr \u00fcber unsere Produkte erfahren? Lesen Sie weiter oder nehmen Sie direkt [&hellip;]<\/p>\n","protected":false},"author":1,"featured_media":0,"parent":1119,"menu_order":0,"comment_status":"closed","ping_status":"closed","template":"","meta":{"footnotes":""},"class_list":["post-1125","page","type-page","status-publish","hentry"],"yoast_head":"<!-- This site is optimized with the Yoast SEO plugin v27.5 - https:\/\/yoast.com\/product\/yoast-seo-wordpress\/ -->\n<title>Produktentwicklung - Biosfeer Groede<\/title>\n<meta name=\"robots\" content=\"index, follow, max-snippet:-1, max-image-preview:large, max-video-preview:-1\" \/>\n<link rel=\"canonical\" href=\"https:\/\/biosfeer-groede.com\/de\/dienstleistungen\/produktentwicklung\/\" \/>\n<meta property=\"og:locale\" content=\"de_DE\" \/>\n<meta property=\"og:type\" content=\"article\" \/>\n<meta property=\"og:title\" content=\"Produktentwicklung - Biosfeer Groede\" \/>\n<meta property=\"og:description\" content=\"Produktentwicklung Produktentwicklung bei Biosfeer Groede: Innovation in medizinischen Kr\u00e4uterprodukten Biosfeer Groede nutzt seine umfangreichen Produktionskapazit\u00e4ten f\u00fcr die Entwicklung innovativer medizinischer Kr\u00e4uterprodukte. Wir arbeiten eng mit Ihnen zusammen, um ma\u00dfgeschneiderte Produkte zu entwickeln, die spezifischen Marktanforderungen entsprechen, wie Extrakte, Tinkturen und Nahrungserg\u00e4nzungsmittel. M\u00f6chten Sie mehr \u00fcber unsere Produkte erfahren? Lesen Sie weiter oder nehmen Sie direkt [&hellip;]\" \/>\n<meta property=\"og:url\" content=\"https:\/\/biosfeer-groede.com\/de\/dienstleistungen\/produktentwicklung\/\" \/>\n<meta property=\"og:site_name\" content=\"Biosfeer Groede\" \/>\n<meta property=\"article:modified_time\" content=\"2024-06-11T15:38:07+00:00\" \/>\n<meta name=\"twitter:card\" content=\"summary_large_image\" \/>\n<meta name=\"twitter:label1\" content=\"Gesch\u00e4tzte Lesezeit\" \/>\n\t<meta name=\"twitter:data1\" content=\"1\u00a0Minute\" \/>\n<script type=\"application\/ld+json\" class=\"yoast-schema-graph\">{\"@context\":\"https:\\\/\\\/schema.org\",\"@graph\":[{\"@type\":\"WebPage\",\"@id\":\"https:\\\/\\\/biosfeer-groede.com\\\/de\\\/dienstleistungen\\\/produktentwicklung\\\/\",\"url\":\"https:\\\/\\\/biosfeer-groede.com\\\/de\\\/dienstleistungen\\\/produktentwicklung\\\/\",\"name\":\"Produktentwicklung - Biosfeer Groede\",\"isPartOf\":{\"@id\":\"https:\\\/\\\/biosfeer-groede.com\\\/#website\"},\"datePublished\":\"2024-01-18T13:56:48+00:00\",\"dateModified\":\"2024-06-11T15:38:07+00:00\",\"breadcrumb\":{\"@id\":\"https:\\\/\\\/biosfeer-groede.com\\\/de\\\/dienstleistungen\\\/produktentwicklung\\\/#breadcrumb\"},\"inLanguage\":\"de\",\"potentialAction\":[{\"@type\":\"ReadAction\",\"target\":[\"https:\\\/\\\/biosfeer-groede.com\\\/de\\\/dienstleistungen\\\/produktentwicklung\\\/\"]}]},{\"@type\":\"BreadcrumbList\",\"@id\":\"https:\\\/\\\/biosfeer-groede.com\\\/de\\\/dienstleistungen\\\/produktentwicklung\\\/#breadcrumb\",\"itemListElement\":[{\"@type\":\"ListItem\",\"position\":1,\"name\":\"Home\",\"item\":\"https:\\\/\\\/biosfeer-groede.com\\\/de\\\/\"},{\"@type\":\"ListItem\",\"position\":2,\"name\":\"Dienstleistungen\",\"item\":\"https:\\\/\\\/biosfeer-groede.com\\\/de\\\/dienstleistungen\\\/\"},{\"@type\":\"ListItem\",\"position\":3,\"name\":\"Produktentwicklung\"}]},{\"@type\":\"WebSite\",\"@id\":\"https:\\\/\\\/biosfeer-groede.com\\\/#website\",\"url\":\"https:\\\/\\\/biosfeer-groede.com\\\/\",\"name\":\"Biosfeer Groede\",\"description\":\"\",\"publisher\":{\"@id\":\"https:\\\/\\\/biosfeer-groede.com\\\/#organization\"},\"potentialAction\":[{\"@type\":\"SearchAction\",\"target\":{\"@type\":\"EntryPoint\",\"urlTemplate\":\"https:\\\/\\\/biosfeer-groede.com\\\/?s={search_term_string}\"},\"query-input\":{\"@type\":\"PropertyValueSpecification\",\"valueRequired\":true,\"valueName\":\"search_term_string\"}}],\"inLanguage\":\"de\"},{\"@type\":\"Organization\",\"@id\":\"https:\\\/\\\/biosfeer-groede.com\\\/#organization\",\"name\":\"Biosfeer Groede\",\"url\":\"https:\\\/\\\/biosfeer-groede.com\\\/\",\"logo\":{\"@type\":\"ImageObject\",\"inLanguage\":\"de\",\"@id\":\"https:\\\/\\\/biosfeer-groede.com\\\/#\\\/schema\\\/logo\\\/image\\\/\",\"url\":\"https:\\\/\\\/nieuw.biosfeer-groede.com\\\/wp-content\\\/uploads\\\/2023\\\/10\\\/biosfeer-logo.svg\",\"contentUrl\":\"https:\\\/\\\/nieuw.biosfeer-groede.com\\\/wp-content\\\/uploads\\\/2023\\\/10\\\/biosfeer-logo.svg\",\"width\":1,\"height\":1,\"caption\":\"Biosfeer Groede\"},\"image\":{\"@id\":\"https:\\\/\\\/biosfeer-groede.com\\\/#\\\/schema\\\/logo\\\/image\\\/\"}}]}<\/script>\n<!-- \/ Yoast SEO plugin. -->","yoast_head_json":{"title":"Produktentwicklung - Biosfeer Groede","robots":{"index":"index","follow":"follow","max-snippet":"max-snippet:-1","max-image-preview":"max-image-preview:large","max-video-preview":"max-video-preview:-1"},"canonical":"https:\/\/biosfeer-groede.com\/de\/dienstleistungen\/produktentwicklung\/","og_locale":"de_DE","og_type":"article","og_title":"Produktentwicklung - Biosfeer Groede","og_description":"Produktentwicklung Produktentwicklung bei Biosfeer Groede: Innovation in medizinischen Kr\u00e4uterprodukten Biosfeer Groede nutzt seine umfangreichen Produktionskapazit\u00e4ten f\u00fcr die Entwicklung innovativer medizinischer Kr\u00e4uterprodukte. Wir arbeiten eng mit Ihnen zusammen, um ma\u00dfgeschneiderte Produkte zu entwickeln, die spezifischen Marktanforderungen entsprechen, wie Extrakte, Tinkturen und Nahrungserg\u00e4nzungsmittel. M\u00f6chten Sie mehr \u00fcber unsere Produkte erfahren? Lesen Sie weiter oder nehmen Sie direkt [&hellip;]","og_url":"https:\/\/biosfeer-groede.com\/de\/dienstleistungen\/produktentwicklung\/","og_site_name":"Biosfeer Groede","article_modified_time":"2024-06-11T15:38:07+00:00","twitter_card":"summary_large_image","twitter_misc":{"Gesch\u00e4tzte Lesezeit":"1\u00a0Minute"},"schema":{"@context":"https:\/\/schema.org","@graph":[{"@type":"WebPage","@id":"https:\/\/biosfeer-groede.com\/de\/dienstleistungen\/produktentwicklung\/","url":"https:\/\/biosfeer-groede.com\/de\/dienstleistungen\/produktentwicklung\/","name":"Produktentwicklung - Biosfeer Groede","isPartOf":{"@id":"https:\/\/biosfeer-groede.com\/#website"},"datePublished":"2024-01-18T13:56:48+00:00","dateModified":"2024-06-11T15:38:07+00:00","breadcrumb":{"@id":"https:\/\/biosfeer-groede.com\/de\/dienstleistungen\/produktentwicklung\/#breadcrumb"},"inLanguage":"de","potentialAction":[{"@type":"ReadAction","target":["https:\/\/biosfeer-groede.com\/de\/dienstleistungen\/produktentwicklung\/"]}]},{"@type":"BreadcrumbList","@id":"https:\/\/biosfeer-groede.com\/de\/dienstleistungen\/produktentwicklung\/#breadcrumb","itemListElement":[{"@type":"ListItem","position":1,"name":"Home","item":"https:\/\/biosfeer-groede.com\/de\/"},{"@type":"ListItem","position":2,"name":"Dienstleistungen","item":"https:\/\/biosfeer-groede.com\/de\/dienstleistungen\/"},{"@type":"ListItem","position":3,"name":"Produktentwicklung"}]},{"@type":"WebSite","@id":"https:\/\/biosfeer-groede.com\/#website","url":"https:\/\/biosfeer-groede.com\/","name":"Biosfeer Groede","description":"","publisher":{"@id":"https:\/\/biosfeer-groede.com\/#organization"},"potentialAction":[{"@type":"SearchAction","target":{"@type":"EntryPoint","urlTemplate":"https:\/\/biosfeer-groede.com\/?s={search_term_string}"},"query-input":{"@type":"PropertyValueSpecification","valueRequired":true,"valueName":"search_term_string"}}],"inLanguage":"de"},{"@type":"Organization","@id":"https:\/\/biosfeer-groede.com\/#organization","name":"Biosfeer Groede","url":"https:\/\/biosfeer-groede.com\/","logo":{"@type":"ImageObject","inLanguage":"de","@id":"https:\/\/biosfeer-groede.com\/#\/schema\/logo\/image\/","url":"https:\/\/nieuw.biosfeer-groede.com\/wp-content\/uploads\/2023\/10\/biosfeer-logo.svg","contentUrl":"https:\/\/nieuw.biosfeer-groede.com\/wp-content\/uploads\/2023\/10\/biosfeer-logo.svg","width":1,"height":1,"caption":"Biosfeer Groede"},"image":{"@id":"https:\/\/biosfeer-groede.com\/#\/schema\/logo\/image\/"}}]}},"_links":{"self":[{"href":"https:\/\/biosfeer-groede.com\/de\/wp-json\/wp\/v2\/pages\/1125","targetHints":{"allow":["GET"]}}],"collection":[{"href":"https:\/\/biosfeer-groede.com\/de\/wp-json\/wp\/v2\/pages"}],"about":[{"href":"https:\/\/biosfeer-groede.com\/de\/wp-json\/wp\/v2\/types\/page"}],"author":[{"embeddable":true,"href":"https:\/\/biosfeer-groede.com\/de\/wp-json\/wp\/v2\/users\/1"}],"replies":[{"embeddable":true,"href":"https:\/\/biosfeer-groede.com\/de\/wp-json\/wp\/v2\/comments?post=1125"}],"version-history":[{"count":2,"href":"https:\/\/biosfeer-groede.com\/de\/wp-json\/wp\/v2\/pages\/1125\/revisions"}],"predecessor-version":[{"id":1127,"href":"https:\/\/biosfeer-groede.com\/de\/wp-json\/wp\/v2\/pages\/1125\/revisions\/1127"}],"up":[{"embeddable":true,"href":"https:\/\/biosfeer-groede.com\/de\/wp-json\/wp\/v2\/pages\/1119"}],"wp:attachment":[{"href":"https:\/\/biosfeer-groede.com\/de\/wp-json\/wp\/v2\/media?parent=1125"}],"curies":[{"name":"wp","href":"https:\/\/api.w.org\/{rel}","templated":true}]}}