{"id":1119,"date":"2024-01-18T13:56:16","date_gmt":"2024-01-18T13:56:16","guid":{"rendered":"https:\/\/nieuw.biosfeer-groede.com\/dienstverlening\/"},"modified":"2024-06-20T09:49:17","modified_gmt":"2024-06-20T09:49:17","slug":"dienstleistungen","status":"publish","type":"page","link":"https:\/\/biosfeer-groede.com\/de\/dienstleistungen\/","title":{"rendered":"Dienstleistungen"},"content":{"rendered":"<h1>Dienstleistungen<\/h1>\n<h2>Biosfeer Groede: Ihr Experte f\u00fcr die Entwicklung nat\u00fcrlicher Produkte und Lohnfertigung<\/h2>\n<div>\n<p>Bei Biosfeer Groede integrieren wir fortschrittliche Produktionsmethoden mit fundiertem Fachwissen \u00fcber pflanzliche Inhaltsstoffe, um hochwertige Produkte f\u00fcr die Kosmetik-, Lebensmittel- und Getr\u00e4nkeindustrie zu liefern. Unsere Dienstleistungen umfassen Produktentwicklung und Lohnfertigung, wobei wir uns darauf konzentrieren, Ihre Produktideen mit einem Fokus auf Qualit\u00e4t und Nachhaltigkeit umzusetzen.<\/p>\n<p>Bei jeder Zusammenarbeit mit Biosfeer Groede k\u00f6nnen Sie auf unser Engagement f\u00fcr Nachhaltigkeit und Innovation z\u00e4hlen, wobei die h\u00f6chsten Qualit\u00e4tsstandards eingehalten werden.<\/p>\n<\/div>\n<ul>\n<li>\n<p><img decoding=\"async\" src=\"\/wp-content\/uploads\/2024\/05\/EVM-20230713-0042-L1001925-kopie%E2%95%A0eren-scaled.jpg\" alt=\"\"><\/p>\n<h3>Auftragsproduktion<\/h3>\n<div>\n<p>Unsere Einrichtungen sind optimal ausgestattet f\u00fcr die Produktion verschiedener Produktformen wie Tinkturen, Salben, Sirupe, Gele und mehr. Wir bieten unsere Produktionskapazit\u00e4ten professionellen Kunden an, die auf der Suche nach einem zuverl\u00e4ssigen und qualitativ hochwertigen Produktionspartner sind.<\/p>\n<\/div>\n<p><a href=\"\/de\/dienstleistungen\/auftragsproduktion\/\">Mehr lesen<\/a><\/p>\n<\/li>\n<li>\n<p><img decoding=\"async\" src=\"\/wp-content\/uploads\/2023\/11\/banner-lab-scaled.webp\" alt=\"\"><\/p>\n<h3>Produktentwicklung<\/h3>\n<div>\n<p>In Zusammenarbeit mit Biosfeer Groede erhalten Sie Zugang zu umfassender Unterst\u00fctzung bei der Entwicklung innovativer Produkte. Von der ersten Konzeptphase bis zur Markteinf\u00fchrung bieten wir ma\u00dfgeschneiderte L\u00f6sungen, die Ihren spezifischen Anforderungen entsprechen.<\/p>\n<\/div>\n<p><a href=\"\/de\/dienstleistungen\/produktentwicklung\/\">Mehr lesen<\/a><\/p>\n<\/li>\n<\/ul>\n<p><!--more--><br \/>\n<!-- {\"type\":\"layout\",\"children\":[{\"type\":\"section\",\"props\":{\"animation\":\"slide-left-medium\",\"css\":\".el-section{\\n    background: rgb(236,236,236);\\nbackground: -moz-linear-gradient(180deg, rgba(236,236,236,1) 0%, rgba(255,255,255,1) 58%);\\nbackground: -webkit-linear-gradient(180deg, rgba(236,236,236,1) 0%, rgba(255,255,255,1) 58%);\\nbackground: linear-gradient(180deg, rgba(236,236,236,1) 0%, rgba(255,255,255,1) 58%);\\nfilter: progid:DXImageTransform.Microsoft.gradient(startColorstr=\\\"#ececec\\\",endColorstr=\\\"#ffffff\\\",GradientType=1);\\n}\",\"image_position\":\"center-center\",\"style\":\"muted\",\"title_breakpoint\":\"xl\",\"title_position\":\"top-left\",\"title_rotation\":\"left\",\"vertical_align\":\"\",\"width\":\"large\"},\"children\":[{\"type\":\"row\",\"children\":[{\"type\":\"column\",\"props\":{\"image_position\":\"center-center\",\"position_sticky_breakpoint\":\"m\",\"vertical_align\":\"middle\"},\"children\":[{\"type\":\"headline\",\"props\":{\"content\":\"Dienstleistungen\",\"margin_remove_bottom\":true,\"title_color\":\"primary\",\"title_element\":\"h1\"}},{\"type\":\"headline\",\"props\":{\"content\":\"Biosfeer Groede: Ihr Experte f\\u00fcr die Entwicklung nat\\u00fcrlicher Produkte und Lohnfertigung\",\"margin_remove_top\":true,\"title_element\":\"h2\",\"title_style\":\"h3\"}},{\"type\":\"text\",\"props\":{\"column_breakpoint\":\"m\",\"content\":\"\n\n<p>Bei Biosfeer Groede integrieren wir fortschrittliche Produktionsmethoden mit fundiertem Fachwissen \\u00fcber pflanzliche Inhaltsstoffe, um hochwertige Produkte f\\u00fcr die Kosmetik-, Lebensmittel- und Getr\\u00e4nkeindustrie zu liefern. Unsere Dienstleistungen umfassen Produktentwicklung und Lohnfertigung, wobei wir uns darauf konzentrieren, Ihre Produktideen mit einem Fokus auf Qualit\\u00e4t und Nachhaltigkeit umzusetzen.<\\\/p>\\n\n\n<p>Bei jeder Zusammenarbeit mit Biosfeer Groede k\\u00f6nnen Sie auf unser Engagement f\\u00fcr Nachhaltigkeit und Innovation z\\u00e4hlen, wobei die h\\u00f6chsten Qualit\\u00e4tsstandards eingehalten werden.<\\\/p>\",\"margin\":\"default\"}}]}]},{\"type\":\"row\",\"children\":[{\"type\":\"column\",\"props\":{\"image_position\":\"center-center\",\"position_sticky_breakpoint\":\"m\"},\"children\":[{\"type\":\"grid\",\"props\":{\"attributes\":\"uk-height-match=\\\".el-content\\\"\",\"content_column_breakpoint\":\"m\",\"content_dropcap\":false,\"content_margin\":\"small\",\"filter_align\":\"left\",\"filter_all\":true,\"filter_grid_breakpoint\":\"m\",\"filter_grid_width\":\"auto\",\"filter_position\":\"top\",\"filter_style\":\"tab\",\"grid_column_align\":true,\"grid_default\":\"1\",\"grid_medium\":\"\",\"grid_small\":\"2\",\"icon_width\":80,\"image_align\":\"left\",\"image_grid_breakpoint\":\"m\",\"image_grid_width\":\"1-3\",\"image_height\":\"300\",\"image_link\":true,\"image_svg_color\":\"emphasis\",\"image_width\":\"400\",\"item_animation\":true,\"link_margin\":\"small\",\"link_style\":\"text\",\"link_text\":\"Mehr lesen\",\"margin\":\"medium\",\"meta_align\":\"below-title\",\"meta_element\":\"div\",\"meta_style\":\"text-meta\",\"panel_expand\":\"image\",\"panel_image_no_padding\":true,\"panel_link\":true,\"panel_padding\":\"small\",\"panel_style\":\"card-default\",\"show_content\":true,\"show_image\":true,\"show_link\":true,\"show_meta\":true,\"show_title\":true,\"title_align\":\"top\",\"title_element\":\"h3\",\"title_font_family\":\"primary\",\"title_grid_breakpoint\":\"m\",\"title_grid_width\":\"1-2\",\"title_hover_style\":\"reset\",\"title_margin\":\"remove\",\"title_style\":\"h5\"},\"children\":[{\"type\":\"grid_item\",\"props\":{\"content\":\"\n\n<p>Unsere Einrichtungen sind optimal ausgestattet f\\u00fcr die Produktion verschiedener Produktformen wie Tinkturen, Salben, Sirupe, Gele und mehr. Wir bieten unsere Produktionskapazit\\u00e4ten professionellen Kunden an, die auf der Suche nach einem zuverl\\u00e4ssigen und qualitativ hochwertigen Produktionspartner sind.<\\\/p>\",\"image\":\"wp-content\\\/uploads\\\/2024\\\/05\\\/EVM-20230713-0042-L1001925-kopie\\u2560eren-scaled.jpg\",\"link\":\"\\\/de\\\/dienstleistungen\\\/auftragsproduktion\\\/\",\"title\":\"Auftragsproduktion\"}},{\"type\":\"grid_item\",\"props\":{\"content\":\"\n\n<p>In Zusammenarbeit mit Biosfeer Groede erhalten Sie Zugang zu umfassender Unterst\\u00fctzung bei der Entwicklung innovativer Produkte. Von der ersten Konzeptphase bis zur Markteinf\\u00fchrung bieten wir ma\\u00dfgeschneiderte L\\u00f6sungen, die Ihren spezifischen Anforderungen entsprechen.<\\\/p>\",\"image\":\"wp-content\\\/uploads\\\/2023\\\/11\\\/banner-lab-scaled.webp\",\"link\":\"\\\/de\\\/dienstleistungen\\\/produktentwicklung\\\/\",\"title\":\"Produktentwicklung\"}}]}]}]}]}],\"version\":\"4.4.4\"} --><\/p>\n","protected":false},"excerpt":{"rendered":"<p>Dienstleistungen Biosfeer Groede: Ihr Experte f\u00fcr die Entwicklung nat\u00fcrlicher Produkte und Lohnfertigung Bei Biosfeer Groede integrieren wir fortschrittliche Produktionsmethoden mit fundiertem Fachwissen \u00fcber pflanzliche Inhaltsstoffe, um hochwertige Produkte f\u00fcr die Kosmetik-, Lebensmittel- und Getr\u00e4nkeindustrie zu liefern. Unsere Dienstleistungen umfassen Produktentwicklung und Lohnfertigung, wobei wir uns darauf konzentrieren, Ihre Produktideen mit einem Fokus auf Qualit\u00e4t und [&hellip;]<\/p>\n","protected":false},"author":1,"featured_media":0,"parent":0,"menu_order":0,"comment_status":"closed","ping_status":"closed","template":"","meta":{"footnotes":""},"class_list":["post-1119","page","type-page","status-publish","hentry"],"yoast_head":"<!-- This site is optimized with the Yoast SEO plugin v27.5 - https:\/\/yoast.com\/product\/yoast-seo-wordpress\/ -->\n<title>Dienstleistungen - Biosfeer Groede<\/title>\n<meta name=\"robots\" content=\"index, follow, max-snippet:-1, max-image-preview:large, max-video-preview:-1\" \/>\n<link rel=\"canonical\" href=\"https:\/\/biosfeer-groede.com\/de\/dienstleistungen\/\" \/>\n<meta property=\"og:locale\" content=\"de_DE\" \/>\n<meta property=\"og:type\" content=\"article\" \/>\n<meta property=\"og:title\" content=\"Dienstleistungen - Biosfeer Groede\" \/>\n<meta property=\"og:description\" content=\"Dienstleistungen Biosfeer Groede: Ihr Experte f\u00fcr die Entwicklung nat\u00fcrlicher Produkte und Lohnfertigung Bei Biosfeer Groede integrieren wir fortschrittliche Produktionsmethoden mit fundiertem Fachwissen \u00fcber pflanzliche Inhaltsstoffe, um hochwertige Produkte f\u00fcr die Kosmetik-, Lebensmittel- und Getr\u00e4nkeindustrie zu liefern. Unsere Dienstleistungen umfassen Produktentwicklung und Lohnfertigung, wobei wir uns darauf konzentrieren, Ihre Produktideen mit einem Fokus auf Qualit\u00e4t und [&hellip;]\" \/>\n<meta property=\"og:url\" content=\"https:\/\/biosfeer-groede.com\/de\/dienstleistungen\/\" \/>\n<meta property=\"og:site_name\" content=\"Biosfeer Groede\" \/>\n<meta property=\"article:modified_time\" content=\"2024-06-20T09:49:17+00:00\" \/>\n<meta name=\"twitter:card\" content=\"summary_large_image\" \/>\n<meta name=\"twitter:label1\" content=\"Gesch\u00e4tzte Lesezeit\" \/>\n\t<meta name=\"twitter:data1\" content=\"1\u00a0Minute\" \/>\n<script type=\"application\/ld+json\" class=\"yoast-schema-graph\">{\"@context\":\"https:\\\/\\\/schema.org\",\"@graph\":[{\"@type\":\"WebPage\",\"@id\":\"https:\\\/\\\/biosfeer-groede.com\\\/de\\\/dienstleistungen\\\/\",\"url\":\"https:\\\/\\\/biosfeer-groede.com\\\/de\\\/dienstleistungen\\\/\",\"name\":\"Dienstleistungen - Biosfeer Groede\",\"isPartOf\":{\"@id\":\"https:\\\/\\\/biosfeer-groede.com\\\/#website\"},\"datePublished\":\"2024-01-18T13:56:16+00:00\",\"dateModified\":\"2024-06-20T09:49:17+00:00\",\"breadcrumb\":{\"@id\":\"https:\\\/\\\/biosfeer-groede.com\\\/de\\\/dienstleistungen\\\/#breadcrumb\"},\"inLanguage\":\"de\",\"potentialAction\":[{\"@type\":\"ReadAction\",\"target\":[\"https:\\\/\\\/biosfeer-groede.com\\\/de\\\/dienstleistungen\\\/\"]}]},{\"@type\":\"BreadcrumbList\",\"@id\":\"https:\\\/\\\/biosfeer-groede.com\\\/de\\\/dienstleistungen\\\/#breadcrumb\",\"itemListElement\":[{\"@type\":\"ListItem\",\"position\":1,\"name\":\"Home\",\"item\":\"https:\\\/\\\/biosfeer-groede.com\\\/de\\\/\"},{\"@type\":\"ListItem\",\"position\":2,\"name\":\"Dienstleistungen\"}]},{\"@type\":\"WebSite\",\"@id\":\"https:\\\/\\\/biosfeer-groede.com\\\/#website\",\"url\":\"https:\\\/\\\/biosfeer-groede.com\\\/\",\"name\":\"Biosfeer Groede\",\"description\":\"\",\"publisher\":{\"@id\":\"https:\\\/\\\/biosfeer-groede.com\\\/#organization\"},\"potentialAction\":[{\"@type\":\"SearchAction\",\"target\":{\"@type\":\"EntryPoint\",\"urlTemplate\":\"https:\\\/\\\/biosfeer-groede.com\\\/?s={search_term_string}\"},\"query-input\":{\"@type\":\"PropertyValueSpecification\",\"valueRequired\":true,\"valueName\":\"search_term_string\"}}],\"inLanguage\":\"de\"},{\"@type\":\"Organization\",\"@id\":\"https:\\\/\\\/biosfeer-groede.com\\\/#organization\",\"name\":\"Biosfeer Groede\",\"url\":\"https:\\\/\\\/biosfeer-groede.com\\\/\",\"logo\":{\"@type\":\"ImageObject\",\"inLanguage\":\"de\",\"@id\":\"https:\\\/\\\/biosfeer-groede.com\\\/#\\\/schema\\\/logo\\\/image\\\/\",\"url\":\"https:\\\/\\\/nieuw.biosfeer-groede.com\\\/wp-content\\\/uploads\\\/2023\\\/10\\\/biosfeer-logo.svg\",\"contentUrl\":\"https:\\\/\\\/nieuw.biosfeer-groede.com\\\/wp-content\\\/uploads\\\/2023\\\/10\\\/biosfeer-logo.svg\",\"width\":1,\"height\":1,\"caption\":\"Biosfeer Groede\"},\"image\":{\"@id\":\"https:\\\/\\\/biosfeer-groede.com\\\/#\\\/schema\\\/logo\\\/image\\\/\"}}]}<\/script>\n<!-- \/ Yoast SEO plugin. -->","yoast_head_json":{"title":"Dienstleistungen - Biosfeer Groede","robots":{"index":"index","follow":"follow","max-snippet":"max-snippet:-1","max-image-preview":"max-image-preview:large","max-video-preview":"max-video-preview:-1"},"canonical":"https:\/\/biosfeer-groede.com\/de\/dienstleistungen\/","og_locale":"de_DE","og_type":"article","og_title":"Dienstleistungen - Biosfeer Groede","og_description":"Dienstleistungen Biosfeer Groede: Ihr Experte f\u00fcr die Entwicklung nat\u00fcrlicher Produkte und Lohnfertigung Bei Biosfeer Groede integrieren wir fortschrittliche Produktionsmethoden mit fundiertem Fachwissen \u00fcber pflanzliche Inhaltsstoffe, um hochwertige Produkte f\u00fcr die Kosmetik-, Lebensmittel- und Getr\u00e4nkeindustrie zu liefern. Unsere Dienstleistungen umfassen Produktentwicklung und Lohnfertigung, wobei wir uns darauf konzentrieren, Ihre Produktideen mit einem Fokus auf Qualit\u00e4t und [&hellip;]","og_url":"https:\/\/biosfeer-groede.com\/de\/dienstleistungen\/","og_site_name":"Biosfeer Groede","article_modified_time":"2024-06-20T09:49:17+00:00","twitter_card":"summary_large_image","twitter_misc":{"Gesch\u00e4tzte Lesezeit":"1\u00a0Minute"},"schema":{"@context":"https:\/\/schema.org","@graph":[{"@type":"WebPage","@id":"https:\/\/biosfeer-groede.com\/de\/dienstleistungen\/","url":"https:\/\/biosfeer-groede.com\/de\/dienstleistungen\/","name":"Dienstleistungen - Biosfeer Groede","isPartOf":{"@id":"https:\/\/biosfeer-groede.com\/#website"},"datePublished":"2024-01-18T13:56:16+00:00","dateModified":"2024-06-20T09:49:17+00:00","breadcrumb":{"@id":"https:\/\/biosfeer-groede.com\/de\/dienstleistungen\/#breadcrumb"},"inLanguage":"de","potentialAction":[{"@type":"ReadAction","target":["https:\/\/biosfeer-groede.com\/de\/dienstleistungen\/"]}]},{"@type":"BreadcrumbList","@id":"https:\/\/biosfeer-groede.com\/de\/dienstleistungen\/#breadcrumb","itemListElement":[{"@type":"ListItem","position":1,"name":"Home","item":"https:\/\/biosfeer-groede.com\/de\/"},{"@type":"ListItem","position":2,"name":"Dienstleistungen"}]},{"@type":"WebSite","@id":"https:\/\/biosfeer-groede.com\/#website","url":"https:\/\/biosfeer-groede.com\/","name":"Biosfeer Groede","description":"","publisher":{"@id":"https:\/\/biosfeer-groede.com\/#organization"},"potentialAction":[{"@type":"SearchAction","target":{"@type":"EntryPoint","urlTemplate":"https:\/\/biosfeer-groede.com\/?s={search_term_string}"},"query-input":{"@type":"PropertyValueSpecification","valueRequired":true,"valueName":"search_term_string"}}],"inLanguage":"de"},{"@type":"Organization","@id":"https:\/\/biosfeer-groede.com\/#organization","name":"Biosfeer Groede","url":"https:\/\/biosfeer-groede.com\/","logo":{"@type":"ImageObject","inLanguage":"de","@id":"https:\/\/biosfeer-groede.com\/#\/schema\/logo\/image\/","url":"https:\/\/nieuw.biosfeer-groede.com\/wp-content\/uploads\/2023\/10\/biosfeer-logo.svg","contentUrl":"https:\/\/nieuw.biosfeer-groede.com\/wp-content\/uploads\/2023\/10\/biosfeer-logo.svg","width":1,"height":1,"caption":"Biosfeer Groede"},"image":{"@id":"https:\/\/biosfeer-groede.com\/#\/schema\/logo\/image\/"}}]}},"_links":{"self":[{"href":"https:\/\/biosfeer-groede.com\/de\/wp-json\/wp\/v2\/pages\/1119","targetHints":{"allow":["GET"]}}],"collection":[{"href":"https:\/\/biosfeer-groede.com\/de\/wp-json\/wp\/v2\/pages"}],"about":[{"href":"https:\/\/biosfeer-groede.com\/de\/wp-json\/wp\/v2\/types\/page"}],"author":[{"embeddable":true,"href":"https:\/\/biosfeer-groede.com\/de\/wp-json\/wp\/v2\/users\/1"}],"replies":[{"embeddable":true,"href":"https:\/\/biosfeer-groede.com\/de\/wp-json\/wp\/v2\/comments?post=1119"}],"version-history":[{"count":5,"href":"https:\/\/biosfeer-groede.com\/de\/wp-json\/wp\/v2\/pages\/1119\/revisions"}],"predecessor-version":[{"id":1395,"href":"https:\/\/biosfeer-groede.com\/de\/wp-json\/wp\/v2\/pages\/1119\/revisions\/1395"}],"wp:attachment":[{"href":"https:\/\/biosfeer-groede.com\/de\/wp-json\/wp\/v2\/media?parent=1119"}],"curies":[{"name":"wp","href":"https:\/\/api.w.org\/{rel}","templated":true}]}}