{"id":1108,"date":"2023-10-24T09:11:48","date_gmt":"2023-10-24T09:11:48","guid":{"rendered":"https:\/\/nieuw.biosfeer-groede.com\/certificaten\/"},"modified":"2024-06-20T09:51:28","modified_gmt":"2024-06-20T09:51:28","slug":"zertifikate","status":"publish","type":"page","link":"https:\/\/biosfeer-groede.com\/de\/zertifikate\/","title":{"rendered":"Zertifikate"},"content":{"rendered":"<h1>Zertifikate<\/h1>\n<h2>GMP+ FSA<\/h2>\n<p>\n    <a href=\"\/wp-content\/uploads\/2024\/05\/GMP-biosfeer-groede-bv-30-jul-2022.pdf\">Download zertifikat<\/a>\n<\/p>\n<div>\n<p>Betriebe mit dem GMP+ FSA-Zertifikat weisen nach, dass sie allen Anforderungen und Bedingungen zur Gew\u00e4hrleistung der Tierfuttermittelsicherheit entsprechen.<\/p>\n<p>FSA ist die Abk\u00fcrzung f\u00fcr Feed Safety Assurance. Mit \u00fcber 18.000 GMP+ FSA-zertifizierten Betrieben ist es das gr\u00f6\u00dfte Modul innerhalb des GMP+ Zertifizierungsprogamms. GMP+ FSA umfasst Standards f\u00fcr alle Glieder der Wertsch\u00f6pfungskette.\u00a0Zertifizierte Betriebe\u00a0werden von unabh\u00e4ngigen, von GMP+ International benannte Anstalten, den sogenannten\u00a0Zertifizierungsstellen gepr\u00fcft.<\/p>\n<p>Im Laufe der Jahre wurde das FSA-Modul immer weiter professionalisiert. Unter anderen wurden ISO-9001, HACCP, Futtermittelsicherheitsnormen, die R\u00fcckverfolgbarkeit, das\u00a0Monitoring, das Pr\u00e4ventivprogramm (PRP), der Kettenansatz und das\u00a0<a href=\"https:\/\/www.gmpplus.org\/de\/services\/early-warning-system\/\">Early Warning System<\/a>\u00a0(EWS) in das GMP+ FSA Modul\u00a0integriert. Aufgrund dieses umfassenden Ansatzes dient das GMP+ FSA-Zertifikat in immer mehr L\u00e4ndern in der Praxis als Vertriebszulassung.<\/p>\n<\/div>\n<h2>FSSC22000<\/h2>\n<p>\n    <a href=\"\/wp-content\/uploads\/2024\/05\/FSSC22000-CU825513_2023.01_final-15-aug-2023.pdf\">Download zertifikat<\/a>\n<\/p>\n<div>\n<p><span>Die niederl\u00e4ndische Stiftung zur Zertifizierung der Lebensmittelsicherheit (<\/span><em>Stichting Certificatie Voedselveiligheid<\/em><span>\u00a0(SCV)) hat den FSSC 22000 Standard entwickelt. Dabei handelt es sich um den ersten weltweiten Standard f\u00fcr die gesamte Lebensmittelindustrie. Der Standard wurde von der GFSI (Global Food Safety Initiative) anerkannt und bietet die Chance zur Verwirklichung einer internationalen Harmonisierung. Der FSSC 22000 \u2013 Food st\u00fctzt sich auf die ISO 22000, die technische Spezifikationen von ISO \/ TS 22002-1 und Anlage 1A und umfasst die GAP-Analyse der GFSI.<\/span><\/p>\n<\/div>\n<h2>SKAL G\u00fctesiegel (EU bio)<\/h2>\n<p>\n    <a href=\"\/wp-content\/uploads\/2024\/05\/cert_EU_BIO_certificaat_NEW_ENQ-3048897_3048897-Nl.pdf\">Download zertifikat<\/a>\n<\/p>\n<div>\n<p>Das Skal BIO Zertifikat st\u00fctzt sich auf die europ\u00e4ische Gesetzgebung. Dementsprechend stimmt die SKAL Zertifizierung in der gesamten EU \u00fcberein. SKAL zertifizierte Produkte sind in der ganzen EU mit einem G\u00fctesiegel ausgestattet. Auf diese Weise sind Bio-Produkte f\u00fcr Verbraucher deutlich erkennbar.<\/p>\n<\/div>\n<p><!--more--><br \/>\n<!-- {\"type\":\"layout\",\"children\":[{\"type\":\"section\",\"props\":{\"image_position\":\"center-center\",\"style\":\"muted\",\"title_breakpoint\":\"xl\",\"title_position\":\"top-left\",\"title_rotation\":\"left\",\"vertical_align\":\"\",\"width\":\"default\"},\"children\":[{\"type\":\"row\",\"children\":[{\"type\":\"column\",\"props\":{\"image_position\":\"center-center\",\"position_sticky_breakpoint\":\"m\"},\"children\":[{\"type\":\"headline\",\"props\":{\"content\":\"Zertifikate\",\"title_color\":\"primary\",\"title_element\":\"h1\"}}]}]},{\"type\":\"row\",\"props\":{\"layout\":\"1-2,1-2\",\"margin_remove_top\":true},\"children\":[{\"type\":\"column\",\"props\":{\"image_position\":\"center-center\",\"position_sticky_breakpoint\":\"m\",\"vertical_align\":\"middle\",\"width_medium\":\"1-2\"},\"children\":[{\"type\":\"headline\",\"props\":{\"content\":\"GMP+ FSA\",\"title_element\":\"h2\"}}]},{\"type\":\"column\",\"props\":{\"image_position\":\"center-center\",\"position_sticky_breakpoint\":\"m\",\"width_medium\":\"1-2\"},\"children\":[{\"type\":\"button\",\"props\":{\"grid_column_gap\":\"small\",\"grid_row_gap\":\"small\",\"margin\":\"default\",\"text_align\":\"right\",\"text_align_breakpoint\":\"m\"},\"children\":[{\"type\":\"button_item\",\"props\":{\"button_style\":\"secondary\",\"content\":\"Download zertifikat\",\"icon_align\":\"left\",\"link\":\"\\\/wp-content\\\/uploads\\\/2024\\\/05\\\/GMP-biosfeer-groede-bv-30-jul-2022.pdf\",\"link_target\":\"blank\"}}]}]}]},{\"type\":\"row\",\"children\":[{\"type\":\"column\",\"props\":{\"image_position\":\"center-center\",\"position_sticky_breakpoint\":\"m\"},\"children\":[{\"type\":\"text\",\"props\":{\"column_breakpoint\":\"m\",\"content\":\"\n\n<p>Betriebe mit dem GMP+ FSA-Zertifikat weisen nach, dass sie allen Anforderungen und Bedingungen zur Gew\\u00e4hrleistung der Tierfuttermittelsicherheit entsprechen.<\\\/p>\\n\n\n<p>FSA ist die Abk\\u00fcrzung f\\u00fcr Feed Safety Assurance. Mit \\u00fcber 18.000 GMP+ FSA-zertifizierten Betrieben ist es das gr\\u00f6\\u00dfte Modul innerhalb des GMP+ Zertifizierungsprogamms. GMP+ FSA umfasst Standards f\\u00fcr alle Glieder der Wertsch\\u00f6pfungskette.\\u00a0Zertifizierte Betriebe\\u00a0werden von unabh\\u00e4ngigen, von GMP+ International benannte Anstalten, den sogenannten\\u00a0Zertifizierungsstellen gepr\\u00fcft.<\\\/p>\\n\n\n<p>Im Laufe der Jahre wurde das FSA-Modul immer weiter professionalisiert. Unter anderen wurden ISO-9001, HACCP, Futtermittelsicherheitsnormen, die R\\u00fcckverfolgbarkeit, das\\u00a0Monitoring, das Pr\\u00e4ventivprogramm (PRP), der Kettenansatz und das\\u00a0<a href=\\\"https:\\\/\\\/www.gmpplus.org\\\/de\\\/services\\\/early-warning-system\\\/\\\">Early Warning System<\\\/a>\\u00a0(EWS) in das GMP+ FSA Modul\\u00a0integriert. Aufgrund dieses umfassenden Ansatzes dient das GMP+ FSA-Zertifikat in immer mehr L\\u00e4ndern in der Praxis als Vertriebszulassung.<\\\/p>\",\"margin\":\"default\"}}]}]}]},{\"type\":\"section\",\"props\":{\"image_position\":\"center-center\",\"style\":\"default\",\"title_breakpoint\":\"xl\",\"title_position\":\"top-left\",\"title_rotation\":\"left\",\"vertical_align\":\"\",\"width\":\"default\"},\"children\":[{\"type\":\"row\",\"props\":{\"layout\":\"1-2,1-2\"},\"children\":[{\"type\":\"column\",\"props\":{\"image_position\":\"center-center\",\"position_sticky_breakpoint\":\"m\",\"vertical_align\":\"middle\",\"width_medium\":\"1-2\"},\"children\":[{\"type\":\"headline\",\"props\":{\"content\":\"FSSC22000\",\"title_element\":\"h2\"}}]},{\"type\":\"column\",\"props\":{\"image_position\":\"center-center\",\"position_sticky_breakpoint\":\"m\",\"width_medium\":\"1-2\"},\"children\":[{\"type\":\"button\",\"props\":{\"grid_column_gap\":\"small\",\"grid_row_gap\":\"small\",\"margin\":\"default\",\"text_align\":\"right\",\"text_align_breakpoint\":\"m\"},\"children\":[{\"type\":\"button_item\",\"props\":{\"button_style\":\"secondary\",\"content\":\"Download zertifikat\",\"icon_align\":\"left\",\"link\":\"\\\/wp-content\\\/uploads\\\/2024\\\/05\\\/FSSC22000-CU825513_2023.01_final-15-aug-2023.pdf\",\"link_target\":\"blank\"}}]}]}]},{\"type\":\"row\",\"children\":[{\"type\":\"column\",\"props\":{\"image_position\":\"center-center\",\"position_sticky_breakpoint\":\"m\"},\"children\":[{\"type\":\"text\",\"props\":{\"column_breakpoint\":\"m\",\"content\":\"\n\n<p><span>Die niederl\\u00e4ndische Stiftung zur Zertifizierung der Lebensmittelsicherheit (<\\\/span><em>Stichting Certificatie Voedselveiligheid<\\\/em><span>\\u00a0(SCV)) hat den FSSC 22000 Standard entwickelt. Dabei handelt es sich um den ersten weltweiten Standard f\\u00fcr die gesamte Lebensmittelindustrie. Der Standard wurde von der GFSI (Global Food Safety Initiative) anerkannt und bietet die Chance zur Verwirklichung einer internationalen Harmonisierung. Der FSSC 22000 \\u2013 Food st\\u00fctzt sich auf die ISO 22000, die technische Spezifikationen von ISO \\\/ TS 22002-1 und Anlage 1A und umfasst die GAP-Analyse der GFSI.<\\\/span><\\\/p>\",\"margin\":\"default\"}}]}]}]},{\"type\":\"section\",\"props\":{\"image_position\":\"center-center\",\"style\":\"muted\",\"title_breakpoint\":\"xl\",\"title_position\":\"top-left\",\"title_rotation\":\"left\",\"vertical_align\":\"\",\"width\":\"default\"},\"children\":[{\"type\":\"row\",\"props\":{\"layout\":\"1-2,1-2\"},\"children\":[{\"type\":\"column\",\"props\":{\"image_position\":\"center-center\",\"position_sticky_breakpoint\":\"m\",\"vertical_align\":\"middle\",\"width_medium\":\"1-2\"},\"children\":[{\"type\":\"headline\",\"props\":{\"content\":\"SKAL G\\u00fctesiegel (EU bio)\",\"title_element\":\"h2\"}}]},{\"type\":\"column\",\"props\":{\"image_position\":\"center-center\",\"position_sticky_breakpoint\":\"m\",\"width_medium\":\"1-2\"},\"children\":[{\"type\":\"button\",\"props\":{\"grid_column_gap\":\"small\",\"grid_row_gap\":\"small\",\"margin\":\"default\",\"text_align\":\"right\",\"text_align_breakpoint\":\"m\"},\"children\":[{\"type\":\"button_item\",\"props\":{\"button_style\":\"secondary\",\"content\":\"Download zertifikat\",\"icon_align\":\"left\",\"link\":\"\\\/wp-content\\\/uploads\\\/2024\\\/05\\\/cert_EU_BIO_certificaat_NEW_ENQ-3048897_3048897-Nl.pdf\",\"link_target\":\"blank\"}}]}]}]},{\"type\":\"row\",\"children\":[{\"type\":\"column\",\"props\":{\"image_position\":\"center-center\",\"position_sticky_breakpoint\":\"m\"},\"children\":[{\"type\":\"text\",\"props\":{\"column_breakpoint\":\"m\",\"content\":\"\n\n<p>Das Skal BIO Zertifikat st\\u00fctzt sich auf die europ\\u00e4ische Gesetzgebung. Dementsprechend stimmt die SKAL Zertifizierung in der gesamten EU \\u00fcberein. SKAL zertifizierte Produkte sind in der ganzen EU mit einem G\\u00fctesiegel ausgestattet. Auf diese Weise sind Bio-Produkte f\\u00fcr Verbraucher deutlich erkennbar.<\\\/p>\",\"margin\":\"default\"}}]}]}]}],\"version\":\"4.4.4\"} --><\/p>\n","protected":false},"excerpt":{"rendered":"<p>Zertifikate GMP+ FSA Download zertifikat Betriebe mit dem GMP+ FSA-Zertifikat weisen nach, dass sie allen Anforderungen und Bedingungen zur Gew\u00e4hrleistung der Tierfuttermittelsicherheit entsprechen. FSA ist die Abk\u00fcrzung f\u00fcr Feed Safety Assurance. Mit \u00fcber 18.000 GMP+ FSA-zertifizierten Betrieben ist es das gr\u00f6\u00dfte Modul innerhalb des GMP+ Zertifizierungsprogamms. GMP+ FSA umfasst Standards f\u00fcr alle Glieder der Wertsch\u00f6pfungskette.\u00a0Zertifizierte [&hellip;]<\/p>\n","protected":false},"author":1,"featured_media":0,"parent":0,"menu_order":0,"comment_status":"closed","ping_status":"closed","template":"","meta":{"footnotes":""},"class_list":["post-1108","page","type-page","status-publish","hentry"],"yoast_head":"<!-- This site is optimized with the Yoast SEO plugin v27.5 - https:\/\/yoast.com\/product\/yoast-seo-wordpress\/ -->\n<title>Zertifikate - Biosfeer Groede<\/title>\n<meta name=\"robots\" content=\"index, follow, max-snippet:-1, max-image-preview:large, max-video-preview:-1\" \/>\n<link rel=\"canonical\" href=\"https:\/\/biosfeer-groede.com\/de\/zertifikate\/\" \/>\n<meta property=\"og:locale\" content=\"de_DE\" \/>\n<meta property=\"og:type\" content=\"article\" \/>\n<meta property=\"og:title\" content=\"Zertifikate - Biosfeer Groede\" \/>\n<meta property=\"og:description\" content=\"Zertifikate GMP+ FSA Download zertifikat Betriebe mit dem GMP+ FSA-Zertifikat weisen nach, dass sie allen Anforderungen und Bedingungen zur Gew\u00e4hrleistung der Tierfuttermittelsicherheit entsprechen. FSA ist die Abk\u00fcrzung f\u00fcr Feed Safety Assurance. Mit \u00fcber 18.000 GMP+ FSA-zertifizierten Betrieben ist es das gr\u00f6\u00dfte Modul innerhalb des GMP+ Zertifizierungsprogamms. GMP+ FSA umfasst Standards f\u00fcr alle Glieder der Wertsch\u00f6pfungskette.\u00a0Zertifizierte [&hellip;]\" \/>\n<meta property=\"og:url\" content=\"https:\/\/biosfeer-groede.com\/de\/zertifikate\/\" \/>\n<meta property=\"og:site_name\" content=\"Biosfeer Groede\" \/>\n<meta property=\"article:modified_time\" content=\"2024-06-20T09:51:28+00:00\" \/>\n<meta name=\"twitter:card\" content=\"summary_large_image\" \/>\n<meta name=\"twitter:label1\" content=\"Gesch\u00e4tzte Lesezeit\" \/>\n\t<meta name=\"twitter:data1\" content=\"1\u00a0Minute\" \/>\n<script type=\"application\/ld+json\" class=\"yoast-schema-graph\">{\"@context\":\"https:\\\/\\\/schema.org\",\"@graph\":[{\"@type\":\"WebPage\",\"@id\":\"https:\\\/\\\/biosfeer-groede.com\\\/de\\\/zertifikate\\\/\",\"url\":\"https:\\\/\\\/biosfeer-groede.com\\\/de\\\/zertifikate\\\/\",\"name\":\"Zertifikate - Biosfeer Groede\",\"isPartOf\":{\"@id\":\"https:\\\/\\\/biosfeer-groede.com\\\/#website\"},\"datePublished\":\"2023-10-24T09:11:48+00:00\",\"dateModified\":\"2024-06-20T09:51:28+00:00\",\"breadcrumb\":{\"@id\":\"https:\\\/\\\/biosfeer-groede.com\\\/de\\\/zertifikate\\\/#breadcrumb\"},\"inLanguage\":\"de\",\"potentialAction\":[{\"@type\":\"ReadAction\",\"target\":[\"https:\\\/\\\/biosfeer-groede.com\\\/de\\\/zertifikate\\\/\"]}]},{\"@type\":\"BreadcrumbList\",\"@id\":\"https:\\\/\\\/biosfeer-groede.com\\\/de\\\/zertifikate\\\/#breadcrumb\",\"itemListElement\":[{\"@type\":\"ListItem\",\"position\":1,\"name\":\"Home\",\"item\":\"https:\\\/\\\/biosfeer-groede.com\\\/de\\\/\"},{\"@type\":\"ListItem\",\"position\":2,\"name\":\"Zertifikate\"}]},{\"@type\":\"WebSite\",\"@id\":\"https:\\\/\\\/biosfeer-groede.com\\\/#website\",\"url\":\"https:\\\/\\\/biosfeer-groede.com\\\/\",\"name\":\"Biosfeer Groede\",\"description\":\"\",\"publisher\":{\"@id\":\"https:\\\/\\\/biosfeer-groede.com\\\/#organization\"},\"potentialAction\":[{\"@type\":\"SearchAction\",\"target\":{\"@type\":\"EntryPoint\",\"urlTemplate\":\"https:\\\/\\\/biosfeer-groede.com\\\/?s={search_term_string}\"},\"query-input\":{\"@type\":\"PropertyValueSpecification\",\"valueRequired\":true,\"valueName\":\"search_term_string\"}}],\"inLanguage\":\"de\"},{\"@type\":\"Organization\",\"@id\":\"https:\\\/\\\/biosfeer-groede.com\\\/#organization\",\"name\":\"Biosfeer Groede\",\"url\":\"https:\\\/\\\/biosfeer-groede.com\\\/\",\"logo\":{\"@type\":\"ImageObject\",\"inLanguage\":\"de\",\"@id\":\"https:\\\/\\\/biosfeer-groede.com\\\/#\\\/schema\\\/logo\\\/image\\\/\",\"url\":\"https:\\\/\\\/nieuw.biosfeer-groede.com\\\/wp-content\\\/uploads\\\/2023\\\/10\\\/biosfeer-logo.svg\",\"contentUrl\":\"https:\\\/\\\/nieuw.biosfeer-groede.com\\\/wp-content\\\/uploads\\\/2023\\\/10\\\/biosfeer-logo.svg\",\"width\":1,\"height\":1,\"caption\":\"Biosfeer Groede\"},\"image\":{\"@id\":\"https:\\\/\\\/biosfeer-groede.com\\\/#\\\/schema\\\/logo\\\/image\\\/\"}}]}<\/script>\n<!-- \/ Yoast SEO plugin. -->","yoast_head_json":{"title":"Zertifikate - Biosfeer Groede","robots":{"index":"index","follow":"follow","max-snippet":"max-snippet:-1","max-image-preview":"max-image-preview:large","max-video-preview":"max-video-preview:-1"},"canonical":"https:\/\/biosfeer-groede.com\/de\/zertifikate\/","og_locale":"de_DE","og_type":"article","og_title":"Zertifikate - Biosfeer Groede","og_description":"Zertifikate GMP+ FSA Download zertifikat Betriebe mit dem GMP+ FSA-Zertifikat weisen nach, dass sie allen Anforderungen und Bedingungen zur Gew\u00e4hrleistung der Tierfuttermittelsicherheit entsprechen. FSA ist die Abk\u00fcrzung f\u00fcr Feed Safety Assurance. Mit \u00fcber 18.000 GMP+ FSA-zertifizierten Betrieben ist es das gr\u00f6\u00dfte Modul innerhalb des GMP+ Zertifizierungsprogamms. GMP+ FSA umfasst Standards f\u00fcr alle Glieder der Wertsch\u00f6pfungskette.\u00a0Zertifizierte [&hellip;]","og_url":"https:\/\/biosfeer-groede.com\/de\/zertifikate\/","og_site_name":"Biosfeer Groede","article_modified_time":"2024-06-20T09:51:28+00:00","twitter_card":"summary_large_image","twitter_misc":{"Gesch\u00e4tzte Lesezeit":"1\u00a0Minute"},"schema":{"@context":"https:\/\/schema.org","@graph":[{"@type":"WebPage","@id":"https:\/\/biosfeer-groede.com\/de\/zertifikate\/","url":"https:\/\/biosfeer-groede.com\/de\/zertifikate\/","name":"Zertifikate - Biosfeer Groede","isPartOf":{"@id":"https:\/\/biosfeer-groede.com\/#website"},"datePublished":"2023-10-24T09:11:48+00:00","dateModified":"2024-06-20T09:51:28+00:00","breadcrumb":{"@id":"https:\/\/biosfeer-groede.com\/de\/zertifikate\/#breadcrumb"},"inLanguage":"de","potentialAction":[{"@type":"ReadAction","target":["https:\/\/biosfeer-groede.com\/de\/zertifikate\/"]}]},{"@type":"BreadcrumbList","@id":"https:\/\/biosfeer-groede.com\/de\/zertifikate\/#breadcrumb","itemListElement":[{"@type":"ListItem","position":1,"name":"Home","item":"https:\/\/biosfeer-groede.com\/de\/"},{"@type":"ListItem","position":2,"name":"Zertifikate"}]},{"@type":"WebSite","@id":"https:\/\/biosfeer-groede.com\/#website","url":"https:\/\/biosfeer-groede.com\/","name":"Biosfeer Groede","description":"","publisher":{"@id":"https:\/\/biosfeer-groede.com\/#organization"},"potentialAction":[{"@type":"SearchAction","target":{"@type":"EntryPoint","urlTemplate":"https:\/\/biosfeer-groede.com\/?s={search_term_string}"},"query-input":{"@type":"PropertyValueSpecification","valueRequired":true,"valueName":"search_term_string"}}],"inLanguage":"de"},{"@type":"Organization","@id":"https:\/\/biosfeer-groede.com\/#organization","name":"Biosfeer Groede","url":"https:\/\/biosfeer-groede.com\/","logo":{"@type":"ImageObject","inLanguage":"de","@id":"https:\/\/biosfeer-groede.com\/#\/schema\/logo\/image\/","url":"https:\/\/nieuw.biosfeer-groede.com\/wp-content\/uploads\/2023\/10\/biosfeer-logo.svg","contentUrl":"https:\/\/nieuw.biosfeer-groede.com\/wp-content\/uploads\/2023\/10\/biosfeer-logo.svg","width":1,"height":1,"caption":"Biosfeer Groede"},"image":{"@id":"https:\/\/biosfeer-groede.com\/#\/schema\/logo\/image\/"}}]}},"_links":{"self":[{"href":"https:\/\/biosfeer-groede.com\/de\/wp-json\/wp\/v2\/pages\/1108","targetHints":{"allow":["GET"]}}],"collection":[{"href":"https:\/\/biosfeer-groede.com\/de\/wp-json\/wp\/v2\/pages"}],"about":[{"href":"https:\/\/biosfeer-groede.com\/de\/wp-json\/wp\/v2\/types\/page"}],"author":[{"embeddable":true,"href":"https:\/\/biosfeer-groede.com\/de\/wp-json\/wp\/v2\/users\/1"}],"replies":[{"embeddable":true,"href":"https:\/\/biosfeer-groede.com\/de\/wp-json\/wp\/v2\/comments?post=1108"}],"version-history":[{"count":4,"href":"https:\/\/biosfeer-groede.com\/de\/wp-json\/wp\/v2\/pages\/1108\/revisions"}],"predecessor-version":[{"id":1401,"href":"https:\/\/biosfeer-groede.com\/de\/wp-json\/wp\/v2\/pages\/1108\/revisions\/1401"}],"wp:attachment":[{"href":"https:\/\/biosfeer-groede.com\/de\/wp-json\/wp\/v2\/media?parent=1108"}],"curies":[{"name":"wp","href":"https:\/\/api.w.org\/{rel}","templated":true}]}}